{"id":57493,"date":"2022-03-10T14:57:00","date_gmt":"2022-03-10T13:57:00","guid":{"rendered":"https:\/\/secureus.se\/produkt\/2-vags-tradlos-rok-temperatur-detektor-agililty3-4-och-wicomm-pro\/"},"modified":"2025-12-31T19:35:02","modified_gmt":"2025-12-31T18:35:02","slug":"risco-rok-varmedetektor-2-vags","status":"publish","type":"product","link":"https:\/\/secureus.se\/fi\/risco-rok-varmedetektor-2-vags\/","title":{"rendered":"Risco Savu- ja l\u00e4mp\u00f6ilmaisin 2-suuntainen"},"content":{"rendered":"<h1>Risco Savu- ja l\u00e4mp\u00f6ilmaisin 2-suuntainen<\/h1>\n<p data-start=\"468\" data-end=\"829\">Riscon kaksisuuntainen savu- ja l\u00e4mp\u00f6ilmaisin RWX35S00800C on innovatiivinen ja tehokas ratkaisu palonilmaisuun, joka on suunniteltu sopimaan kaikenlaisiin ymp\u00e4rist\u00f6ihin \u2013 asuinrakennuksista liiketiloihin.<\/p>\n<p data-start=\"468\" data-end=\"829\">T\u00e4m\u00e4 ilmaisin yhdist\u00e4\u00e4 sek\u00e4 savun ett\u00e4 l\u00e4mm\u00f6n havaitsemisen yhteen yksikk\u00f6\u00f6n, mik\u00e4 tekee siit\u00e4 erinomaisen valinnan optimaalisen turvallisuuden ja palonvalvonnan varmistamiseksi.<\/p>\n<p data-start=\"831\" data-end=\"1154\"><strong data-start=\"831\" data-end=\"849\">Savunilmaisin<\/strong><br data-start=\"849\" data-end=\"852\" \/>Risco RWX35 k\u00e4ytt\u00e4\u00e4 uutta edistynytt\u00e4 valos\u00e4hk\u00f6ist\u00e4 kammiota ja kehitetty\u00e4 tunnistusalgoritmia, joka t\u00e4ytt\u00e4\u00e4 savunilmaisulle asetetun EN14604-standardin.<\/p>\n<p data-start=\"831\" data-end=\"1154\">T\u00e4m\u00e4 teknologia mahdollistaa savun nopean ja tehokkaan havaitsemisen tulipalon sattuessa, mik\u00e4 antaa k\u00e4ytt\u00e4jille arvokasta aikaa toimia ja suojautua.<\/p>\n<p data-start=\"1156\" data-end=\"1468\"><strong data-start=\"1156\" data-end=\"1176\">L\u00e4mm\u00f6ntunnistus<\/strong><br data-start=\"1176\" data-end=\"1179\" \/>Ilmaisin valvoo l\u00e4mp\u00f6tilaa nelj\u00e4ll\u00e4 erillisell\u00e4 l\u00e4mp\u00f6anturilla, jotka mittaavat sek\u00e4 l\u00e4mp\u00f6tilan nousunopeutta ett\u00e4 absoluuttista l\u00e4mp\u00f6tilaa.<\/p>\n<p data-start=\"1156\" data-end=\"1468\">T\u00e4m\u00e4 l\u00e4mp\u00f6tilan valvontaan keskittyv\u00e4 kaksoismenetelm\u00e4 mahdollistaa ilmaisimen reagoinnin mahdolliseen tulipaloon nopeammin ja tarkemmin, mik\u00e4 parantaa turvallisuutta entisest\u00e4\u00e4n.<\/p>\n<p data-start=\"1470\" data-end=\"2006\"><strong data-start=\"1470\" data-end=\"1507\">Helppo asennus ja k\u00e4ytt\u00f6<\/strong><br data-start=\"1507\" data-end=\"1510\" \/>RWX35:n suunnittelu tekee asennuksesta nopeaa ja helppoa. Se on yhteensopiva kaikkien RISCO Groupin hybridi- ja langattomien j\u00e4rjestelmien, kuten Agility3:n, Agility4:n ja WiComm Pron, kanssa, ja k\u00e4ytt\u00e4\u00e4 kaksisuuntaista tiedonsiirtoa jatkuvan ja luotettavan valvonnan varmistamiseksi.<\/p>\n<p data-start=\"1470\" data-end=\"2006\">Varmistaakseen ilmaisimen oikean toiminnan, k\u00e4ytt\u00e4j\u00e4t voivat yksinkertaisesti painaa painonappipainiketta aktivoidakseen paloh\u00e4lyttimen ja vahvistaakseen j\u00e4rjestelm\u00e4n toiminnan. Nollaa painamalla painiketta, jolloin h\u00e4lytys sammuu.<\/p>\n<p data-start=\"2008\" data-end=\"2038\"><strong data-start=\"2008\" data-end=\"2036\">T\u00e4rkeimm\u00e4t ominaisuudet:<\/strong><\/p>\n<ul data-start=\"2039\" data-end=\"2536\">\n<li data-start=\"2039\" data-end=\"2117\">\n<p data-start=\"2041\" data-end=\"2117\">Savunilmaisu: Valos\u00e4hk\u00f6inen kammio ja edistynyt ilmaisualgoritmi<\/p>\n<\/li>\n<li data-start=\"2118\" data-end=\"2224\">\n<p data-start=\"2120\" data-end=\"2224\">L\u00e4mm\u00f6n havaitseminen: Nelj\u00e4 erillist\u00e4 l\u00e4mp\u00f6anturia l\u00e4mp\u00f6tilan nousun ja absoluuttisen l\u00e4mp\u00f6tilan mittaamiseen<\/p>\n<\/li>\n<li data-start=\"2225\" data-end=\"2320\">\n<p data-start=\"2227\" data-end=\"2320\">Yksinkertainen testaus: Paina painiketta aktivoidaksesi paloh\u00e4lyttimen ja varmistaaksesi oikean toiminnan<\/p>\n<\/li>\n<li data-start=\"2321\" data-end=\"2404\">\n<p data-start=\"2323\" data-end=\"2404\">Langaton kaksisuuntainen tiedonsiirto: Yhteensopiva Agility3:n, Agility4:n ja WiComm Pron kanssa<\/p>\n<\/li>\n<li data-start=\"2405\" data-end=\"2473\">\n<p data-start=\"2407\" data-end=\"2473\">Pitk\u00e4 paristonkesto: Toimii nelj\u00e4ll\u00e4 CR123 3V litiumparistolla<\/p>\n<\/li>\n<li data-start=\"2474\" data-end=\"2536\">\n<p data-start=\"2476\" data-end=\"2536\">Elegantti muotoilu: Sulautuu helposti mihin tahansa kodin ymp\u00e4rist\u00f6\u00f6n<\/p>\n<\/li>\n<\/ul>\n<p data-start=\"2538\" data-end=\"2569\"><strong data-start=\"2538\" data-end=\"2567\">Tekniset tiedot:<\/strong><\/p>\n<ul data-start=\"2570\" data-end=\"2952\">\n<li data-start=\"2570\" data-end=\"2595\">\n<p data-start=\"2572\" data-end=\"2595\">Taajuus: 868 MHz<\/p>\n<\/li>\n<li data-start=\"2596\" data-end=\"2656\">\n<p data-start=\"2598\" data-end=\"2656\">Paristotyyppi: 4 x CR123 3V litiumparistot (sis\u00e4ltyv\u00e4t pakkaukseen)<\/p>\n<\/li>\n<li data-start=\"2657\" data-end=\"2711\">\n<p data-start=\"2659\" data-end=\"2711\">Yhteensopivuus: Agility3, Agility4, WiComm Pro<\/p>\n<\/li>\n<li data-start=\"2712\" data-end=\"2779\">\n<p data-start=\"2714\" data-end=\"2779\">Savunilmaisin: T\u00e4ytt\u00e4\u00e4 standardin EN14604 valos\u00e4hk\u00f6isen kammion ansiosta<\/p>\n<\/li>\n<li data-start=\"2780\" data-end=\"2838\">\n<p data-start=\"2782\" data-end=\"2838\">L\u00e4mp\u00f6tilan valvonta: Nelj\u00e4 erillist\u00e4 l\u00e4mp\u00f6anturia<\/p>\n<\/li>\n<li data-start=\"2839\" data-end=\"2902\">\n<p data-start=\"2841\" data-end=\"2902\">Mitat: Kompakti ja huomaamaton muotoilu helppoa asennusta varten<\/p>\n<\/li>\n<li data-start=\"2903\" data-end=\"2952\">\n<p data-start=\"2905\" data-end=\"2952\">Toimittajan osanumero: RWX35S00800C<\/p>\n<\/li>\n<\/ul>\n<p data-start=\"2954\" data-end=\"3255\">Riscon kaksisuuntainen savu- ja l\u00e4mp\u00f6ilmaisin tarjoaa luotettavan ja tehokkaan ratkaisun sek\u00e4 savun ett\u00e4 l\u00e4mm\u00f6n havaitsemiseen yhdess\u00e4 j\u00e4rjestelm\u00e4ss\u00e4.<\/p>\n<p data-start=\"2954\" data-end=\"3255\">Helpon asennuksen ja k\u00e4yt\u00f6n sek\u00e4 korkean turvallisuuden ja pitk\u00e4n akunkeston ansiosta t\u00e4m\u00e4 ilmaisin on erinomainen komponentti kodin tai yrityksen suojaamiseen tulipaloilta.<\/p>","protected":false},"excerpt":{"rendered":"<p>Riscon kaksisuuntainen savu- ja l\u00e4mp\u00f6ilmaisin RWX35S00800C yhdist\u00e4\u00e4 savun ja l\u00e4mm\u00f6n havaitsemisen yhteen yksikk\u00f6\u00f6n edistyneell\u00e4 fotoelektrisell\u00e4 tekniikalla ja l\u00e4mp\u00f6tilan valvonnalla.<\/p>\n<p>Se on suunniteltu sopimaan mihin tahansa ymp\u00e4rist\u00f6\u00f6n ja tarjoaa korkean turvallisuuden sek\u00e4 helpon asennuksen ja integroinnin RISCOn langattomiin j\u00e4rjestelmiin.<\/p>","protected":false},"featured_media":145270,"template":"","meta":{"_acf_changed":false},"product_brand":[],"product_cat":[3188,2731],"product_tag":[3152],"class_list":{"0":"post-57493","1":"product","2":"type-product","3":"status-publish","4":"has-post-thumbnail","6":"product_cat-larmenheter-risco-larm","7":"product_cat-risco-larm","8":"product_tag-cr123-tillbehor","9":"product_shipping_class-postnord-varubrev","10":"pa_brands-4risco","11":"pa_risco-produkter-agility-3","12":"pa_risco-produkter-agility-4","13":"pa_wicomm-pro-kategorier-rokdetektorer","14":"tm-no-options","16":"first","17":"instock","18":"sale","19":"featured","20":"taxable","21":"shipping-taxable","22":"purchasable","23":"product-type-simple"},"acf":[],"_links":{"self":[{"href":"https:\/\/secureus.se\/fi\/wp-json\/wp\/v2\/product\/57493","targetHints":{"allow":["GET"]}}],"collection":[{"href":"https:\/\/secureus.se\/fi\/wp-json\/wp\/v2\/product"}],"about":[{"href":"https:\/\/secureus.se\/fi\/wp-json\/wp\/v2\/types\/product"}],"wp:featuredmedia":[{"embeddable":true,"href":"https:\/\/secureus.se\/fi\/wp-json\/wp\/v2\/media\/145270"}],"wp:attachment":[{"href":"https:\/\/secureus.se\/fi\/wp-json\/wp\/v2\/media?parent=57493"}],"wp:term":[{"taxonomy":"product_brand","embeddable":true,"href":"https:\/\/secureus.se\/fi\/wp-json\/wp\/v2\/product_brand?post=57493"},{"taxonomy":"product_cat","embeddable":true,"href":"https:\/\/secureus.se\/fi\/wp-json\/wp\/v2\/product_cat?post=57493"},{"taxonomy":"product_tag","embeddable":true,"href":"https:\/\/secureus.se\/fi\/wp-json\/wp\/v2\/product_tag?post=57493"}],"curies":[{"name":"wp","href":"https:\/\/api.w.org\/{rel}","templated":true}]}}