{"id":57496,"date":"2022-03-10T14:57:00","date_gmt":"2022-03-10T13:57:00","guid":{"rendered":"https:\/\/secureus.se\/produkt\/tagg-nyckelbricka-agility-risco-och-logo\/"},"modified":"2025-12-31T19:38:06","modified_gmt":"2025-12-31T18:38:06","slug":"tagg-till-risco-knappsats-2-pack","status":"publish","type":"product","link":"https:\/\/secureus.se\/fi\/tagg-till-risco-knappsats-2-pack\/","title":{"rendered":"Risco Proxtag Agility- ja WiComm Pro -n\u00e4pp\u00e4imist\u00f6ihin \u2013 2 kpl"},"content":{"rendered":"<h1>Risco-n\u00e4pp\u00e4imist\u00f6n tunniste 2 kpl<\/h1>\n<p>Yhteensopiva pandapaneeleille<\/p>\n<h3 class=\"product-details-module__title ec-header-h6\">Tuotetiedot Tagg Agility WiComm Prosta<\/h3>\n<div class=\"product-details-module__content\">\n<div id=\"productDescription\" class=\"product-details__product-description\">\n<div>\n<p>Yksinkertainen viritt\u00e4minen ja viritt\u00e4minen\u00a0<strong>h\u00e4lytystunnisteet<\/strong>, jota kutsutaan my\u00f6s tunnisteiksi.<\/p>\n<p>Voidaan kiinnitt\u00e4\u00e4 avaimenper\u00e4\u00e4n. H\u00e4lytysmerkki on henkil\u00f6kohtainen ja t\u00e4ydent\u00e4\u00e4 nelinumeroista koodia.<\/p>\n<p>Joustavuus tekee h\u00e4lytystarjottimesta eritt\u00e4in suositun tuotteen asiakkaidemme keskuudessa.<\/p>\n<p>Tunniste on k\u00e4tev\u00e4 tapa hallita ja hallita h\u00e4lytyksi\u00e4 - jos kadotat h\u00e4lytyksen, ohjelmoit sen pois ja lis\u00e4\u00e4t uuden.<\/p>\n<p>Yht\u00e4 ja samaa h\u00e4lytysmerkki\u00e4 voidaan k\u00e4ytt\u00e4\u00e4 useisiin eri h\u00e4lytysj\u00e4rjestelmiin, esimerkiksi h\u00e4lytt\u00e4m\u00e4\u00e4n kotona, t\u00f6iss\u00e4 ja kes\u00e4m\u00f6kill\u00e4.<\/p>\n<h4>Lue lis\u00e4\u00e4 WiComm Prosta ja n\u00e4ist\u00e4 ominaisuuksista!<\/h4>\n<p><a href=\"https:\/\/www.riscogroup.com\/products\/product\/52708\" target=\"_blank\" rel=\"noopener\">T\u00e4\u00e4lt\u00e4 voit lukea lis\u00e4\u00e4 WiCom Prosta Risco Groupin verkkosivuilla\u00a0<\/a><\/p>\n<p><iframe title=\"Wicomm Smart Hub USA\" width=\"1170\" height=\"658\" src=\"https:\/\/www.youtube.com\/embed\/5PHoH2dRjEs?feature=oembed\" frameborder=\"0\" allow=\"accelerometer; autoplay; clipboard-write; encrypted-media; gyroscope; picture-in-picture; web-share\" referrerpolicy=\"strict-origin-when-cross-origin\" allowfullscreen><\/iframe><\/p>\n<\/div>\n<\/div>\n<\/div>","protected":false},"excerpt":{"rendered":"<p>Panda Panda Risco -paneeliin. Yksinkertainen viritt\u00e4minen ja viritt\u00e4minen <strong>h\u00e4lytystunnisteet<\/strong>, jota kutsutaan my\u00f6s tunnisteiksi.<\/p>\n<p>Voidaan kiinnitt\u00e4\u00e4 avaimenper\u00e4\u00e4n. H\u00e4lytysmerkki on henkil\u00f6kohtainen ja t\u00e4ydent\u00e4\u00e4 nelinumeroista koodia.<\/p>\n<p><span data-teams=\"true\"><span class=\"ui-provider a b c d e f g h i j k l m n o p q r s t u v w x y z ab ac ae af ag ah ai aj ak\" dir=\"ltr\">Tuote toimitetaan 2 tagilla.<\/span><\/span><\/p>","protected":false},"featured_media":145696,"template":"","meta":{"_acf_changed":false},"product_brand":[],"product_cat":[4882,4881,4879],"product_tag":[2426,2958],"class_list":{"0":"post-57496","1":"product","2":"type-product","3":"status-publish","4":"has-post-thumbnail","6":"product_cat-agility-v4-3-2","7":"product_cat-overfallslarm-fjarrkontroll","8":"product_cat-wicomm-pro","9":"product_tag-rel-risco","10":"product_tag-stonehouse-produkt","11":"product_shipping_class-postnord-varubrev","12":"pa_brands-stonehouse-security","13":"pa_risco-produkter-agility-4","14":"tm-no-options","16":"first","17":"instock","18":"sale","19":"featured","20":"taxable","21":"shipping-taxable","22":"purchasable","23":"product-type-simple"},"acf":[],"_links":{"self":[{"href":"https:\/\/secureus.se\/fi\/wp-json\/wp\/v2\/product\/57496","targetHints":{"allow":["GET"]}}],"collection":[{"href":"https:\/\/secureus.se\/fi\/wp-json\/wp\/v2\/product"}],"about":[{"href":"https:\/\/secureus.se\/fi\/wp-json\/wp\/v2\/types\/product"}],"wp:featuredmedia":[{"embeddable":true,"href":"https:\/\/secureus.se\/fi\/wp-json\/wp\/v2\/media\/145696"}],"wp:attachment":[{"href":"https:\/\/secureus.se\/fi\/wp-json\/wp\/v2\/media?parent=57496"}],"wp:term":[{"taxonomy":"product_brand","embeddable":true,"href":"https:\/\/secureus.se\/fi\/wp-json\/wp\/v2\/product_brand?post=57496"},{"taxonomy":"product_cat","embeddable":true,"href":"https:\/\/secureus.se\/fi\/wp-json\/wp\/v2\/product_cat?post=57496"},{"taxonomy":"product_tag","embeddable":true,"href":"https:\/\/secureus.se\/fi\/wp-json\/wp\/v2\/product_tag?post=57496"}],"curies":[{"name":"wp","href":"https:\/\/api.w.org\/{rel}","templated":true}]}}