{"id":57497,"date":"2022-03-10T14:57:00","date_gmt":"2022-03-10T13:57:00","guid":{"rendered":"https:\/\/secureus.se\/produkt\/rorelsesensor-t95p-digital-ir-15-x-15-meter-med-husdjursimmunitet\/"},"modified":"2026-01-16T18:49:07","modified_gmt":"2026-01-16T17:49:07","slug":"risco-rorelsevakt-husdjur-rorelsedetektor-2-vags-t95-pet","status":"publish","type":"product","link":"https:\/\/secureus.se\/fi\/risco-rorelsevakt-husdjur-rorelsedetektor-2-vags-t95-pet\/","title":{"rendered":"Risco Liiketunnistin + Lemmikkien Liiketunnistin 2-suuntainen T95 Lemmikki"},"content":{"rendered":"<h1>Risco Liiketunnistin + Lemmikkien Liiketunnistin 2-suuntainen T95 Lemmikki<\/h1>\n<p data-start=\"410\" data-end=\"738\">Risco 2-suuntainen liiketunnistin T95 Pet (malli RWX95P86800) on digitaalinen langaton passiivinen infrapunatunnistin (PIR), joka sopii t\u00e4ydellisesti k\u00e4ytett\u00e4v\u00e4ksi kodeissa, toimistoissa ja pieniss\u00e4 kaupallisissa asennuksissa.<\/p>\n<p data-start=\"410\" data-end=\"738\">T\u00e4m\u00e4n ilmaisimen kantama on 12 \u00d7 12 metri\u00e4 (40&#039; x 40&#039;) ja se tarjoaa laajan n\u00e4k\u00f6kent\u00e4n, jotta mik\u00e4\u00e4n alue ei j\u00e4\u00e4 suojaamatta.<\/p>\n<p data-start=\"740\" data-end=\"1129\"><strong data-start=\"740\" data-end=\"761\">Lemmikkiel\u00e4inten immuniteetti<\/strong><br data-start=\"761\" data-end=\"764\" \/>Yksi T95 Petin merkitt\u00e4vimmist\u00e4 ominaisuuksista on sen lemmikkien sietokyky. Siin\u00e4 on s\u00e4\u00e4dett\u00e4v\u00e4 lemmikkikynnys (VPT\u2122), mik\u00e4 tekee siit\u00e4 ihanteellisen ymp\u00e4rist\u00f6ihin, joissa on lemmikkej\u00e4, sill\u00e4 se voi olla huomaamatta jopa 36 kg:n (80 paunaa) painoisten lemmikkien liikett\u00e4.<\/p>\n<p data-start=\"740\" data-end=\"1129\">T\u00e4m\u00e4 tekee ilmaisimesta t\u00e4ydellisen kodeissa tai toimistoissa, joissa on pieni\u00e4 tai keskisuuria lemmikkej\u00e4, aiheuttamatta v\u00e4\u00e4ri\u00e4 h\u00e4lytyksi\u00e4.<\/p>\n<p data-start=\"1131\" data-end=\"1453\"><strong data-start=\"1131\" data-end=\"1163\">Kaksisuuntainen langaton tiedonsiirto<\/strong><br data-start=\"1163\" data-end=\"1166\" \/>T95 Pet k\u00e4ytt\u00e4\u00e4 kaksisuuntaista langatonta tiedonsiirtoa, joka tarjoaa paremman turvallisuuden v\u00e4hent\u00e4m\u00e4ll\u00e4 langattoman ruuhkautumista ja tehokkaan et\u00e4ohjauksen ja diagnostiikan.<\/p>\n<p data-start=\"1131\" data-end=\"1453\">T\u00e4m\u00e4 ominaisuus helpottaa j\u00e4rjestelm\u00e4n optimaalisena pit\u00e4mist\u00e4 samalla, kun radiotaajuustiedonsiirto pidet\u00e4\u00e4n alhaisena h\u00e4iri\u00f6iden v\u00e4hent\u00e4miseksi.<\/p>\n<p data-start=\"1455\" data-end=\"1735\"><strong data-start=\"1455\" data-end=\"1487\">\u00c4lyk\u00e4s signaalink\u00e4sittely<\/strong><br data-start=\"1487\" data-end=\"1490\" \/>Digitaalinen signaalink\u00e4sittely varmistaa, ett\u00e4 ilmaisin pystyy havaitsemaan liikkeen tarkasti ja luotettavasti.<\/p>\n<p data-start=\"1455\" data-end=\"1735\">Se on my\u00f6s varustettu suojaavalla anturiholkilla, joka est\u00e4\u00e4 pienten hy\u00f6nteisten aiheuttamat v\u00e4\u00e4r\u00e4t h\u00e4lytykset, mik\u00e4 tekee j\u00e4rjestelm\u00e4st\u00e4 entist\u00e4 luotettavamman.<\/p>\n<p data-start=\"1737\" data-end=\"2023\"><strong data-start=\"1737\" data-end=\"1755\">Valinnaiset linssit<\/strong><br data-start=\"1755\" data-end=\"1758\" \/>J\u00e4rjestelm\u00e4n mukauttamiseksi edelleen erityistarpeisiin T95 Pet tarjoaa valinnaisia linssej\u00e4, joita voidaan k\u00e4ytt\u00e4\u00e4 peittoalueen r\u00e4\u00e4t\u00e4l\u00f6intiin.<\/p>\n<p data-start=\"1737\" data-end=\"2023\">K\u00e4yt\u00e4 vakiolinssi\u00e4 12 metrin (40 jalan) peittoalueelle tai valitse verholinssi pidempien et\u00e4isyyksien suojaamiseksi (jopa 23 m \/ 75 jalan).<\/p>\n<p data-start=\"2025\" data-end=\"2055\"><strong data-start=\"2025\" data-end=\"2053\">T\u00e4rkeimm\u00e4t ominaisuudet:<\/strong><\/p>\n<ul data-start=\"2056\" data-end=\"2581\">\n<li data-start=\"2056\" data-end=\"2105\">\n<p data-start=\"2058\" data-end=\"2105\"><strong data-start=\"2058\" data-end=\"2071\">Kattavuus:<\/strong> 12 \u00d7 12 metri\u00e4 (40&#039; x 40\u2032) laajakulma<\/p>\n<\/li>\n<li data-start=\"2106\" data-end=\"2191\">\n<p data-start=\"2108\" data-end=\"2191\"><strong data-start=\"2108\" data-end=\"2130\">Lemmikkiel\u00e4imen immuniteetti:<\/strong> Jopa 36 kg (80 lb) s\u00e4\u00e4dett\u00e4v\u00e4ll\u00e4 lemmikkikynnyksell\u00e4 (VPT\u2122)<\/p>\n<\/li>\n<li data-start=\"2192\" data-end=\"2273\">\n<p data-start=\"2194\" data-end=\"2273\"><strong data-start=\"2194\" data-end=\"2227\">Kaksisuuntainen langaton tiedonsiirto:<\/strong> Parempi turvallisuus ja v\u00e4hentynyt radiotaajuusviestint\u00e4<\/p>\n<\/li>\n<li data-start=\"2274\" data-end=\"2344\">\n<p data-start=\"2276\" data-end=\"2344\"><strong data-start=\"2276\" data-end=\"2309\">\u00c4lyk\u00e4s signaalink\u00e4sittely:<\/strong> Liikkeen tarkkaan havaitsemiseen<\/p>\n<\/li>\n<li data-start=\"2345\" data-end=\"2433\">\n<p data-start=\"2347\" data-end=\"2433\"><strong data-start=\"2347\" data-end=\"2371\">Suojaus v\u00e4\u00e4ri\u00e4 h\u00e4lytyksi\u00e4 vastaan:<\/strong> Suojaava anturiholkki est\u00e4m\u00e4\u00e4n hy\u00f6nteisten aiheuttamat v\u00e4\u00e4r\u00e4t h\u00e4lytykset<\/p>\n<\/li>\n<li data-start=\"2434\" data-end=\"2500\">\n<p data-start=\"2436\" data-end=\"2500\"><strong data-start=\"2436\" data-end=\"2455\">Valinnaiset linssit:<\/strong> 12 metrin verho-objektiivi tai 23 metrin kaukoobjektiivit<\/p>\n<\/li>\n<li data-start=\"2501\" data-end=\"2581\">\n<p data-start=\"2503\" data-end=\"2581\"><strong data-start=\"2503\" data-end=\"2522\">Yhteensopivuus:<\/strong> Agility\u21223, Agility\u21224, WiComm Pro ja muut Risco-j\u00e4rjestelm\u00e4t<\/p>\n<\/li>\n<\/ul>\n<p data-start=\"2583\" data-end=\"2614\"><strong data-start=\"2583\" data-end=\"2612\">Tekniset tiedot:<\/strong><\/p>\n<ul data-start=\"2615\" data-end=\"2917\">\n<li data-start=\"2615\" data-end=\"2650\">\n<p data-start=\"2617\" data-end=\"2650\"><strong data-start=\"2617\" data-end=\"2630\">Laajuus:<\/strong> 12 \u00d7 12 m (40&#039; x 40\u2032)<\/p>\n<\/li>\n<li data-start=\"2651\" data-end=\"2736\">\n<p data-start=\"2653\" data-end=\"2736\"><strong data-start=\"2653\" data-end=\"2675\">Lemmikkiel\u00e4imen immuniteetti:<\/strong> Jopa 36 kg (80 lb) s\u00e4\u00e4dett\u00e4v\u00e4ll\u00e4 lemmikkikynnyksell\u00e4 (VPT\u2122)<\/p>\n<\/li>\n<li data-start=\"2737\" data-end=\"2774\">\n<p data-start=\"2739\" data-end=\"2774\"><strong data-start=\"2739\" data-end=\"2757\">Viestint\u00e4:<\/strong> Kaksisuuntainen langaton<\/p>\n<\/li>\n<li data-start=\"2775\" data-end=\"2816\">\n<p data-start=\"2777\" data-end=\"2816\"><strong data-start=\"2777\" data-end=\"2789\">Akku:<\/strong> 3 V:n litiumparisto (mukana)<\/p>\n<\/li>\n<li data-start=\"2817\" data-end=\"2868\">\n<p data-start=\"2819\" data-end=\"2868\"><strong data-start=\"2819\" data-end=\"2828\">Mitata:<\/strong> Kompakti muotoilu helppoa asennusta varten<\/p>\n<\/li>\n<li data-start=\"2869\" data-end=\"2917\">\n<p data-start=\"2871\" data-end=\"2917\"><strong data-start=\"2871\" data-end=\"2903\">Toimittajan artikkelinumero:<\/strong> RWX95P86800<\/p>\n<\/li>\n<\/ul>\n<p data-start=\"2919\" data-end=\"3223\">Risco 2-suuntainen liiketunnistin T95 Pet on t\u00e4ydellinen ratkaisu varmistamaan, ett\u00e4 turvaj\u00e4rjestelm\u00e4si toimii tehokkaasti aiheuttamatta v\u00e4\u00e4ri\u00e4 h\u00e4lytyksi\u00e4 lemmikkien l\u00e4sn\u00e4 ollessa.<\/p>\n<p data-start=\"2919\" data-end=\"3223\">Pitk\u00e4n kantaman, \u00e4lykk\u00e4\u00e4n signaalink\u00e4sittelyn ja lemmikkien sietokyvyn ansiosta t\u00e4m\u00e4 ilmaisin tarjoaa korkean turvallisuuden ja luotettavuuden.<\/p>","protected":false},"excerpt":{"rendered":"<p>Risco 2-suuntainen liiketunnistin T95 Pet on digitaalinen langaton PIR-ilmaisin, jonka lemmikkien tunnistus on suojattu jopa 36 kg:n painoisilta lemmikeilt\u00e4.<\/p>\n<p>Se tarjoaa 12 \u00d7 12 metrin peittoalueen ja k\u00e4ytt\u00e4\u00e4 \u00e4lyk\u00e4st\u00e4 signaalink\u00e4sittely\u00e4 v\u00e4\u00e4rien h\u00e4lytysten est\u00e4miseksi.<\/p>","protected":false},"featured_media":145375,"template":"","meta":{"_acf_changed":false},"product_brand":[],"product_cat":[3188,2731],"product_tag":[],"class_list":{"0":"post-57497","1":"product","2":"type-product","3":"status-publish","4":"has-post-thumbnail","6":"product_cat-larmenheter-risco-larm","7":"product_cat-risco-larm","8":"product_shipping_class-postnord-varubrev","9":"pa_brands-4risco","10":"pa_risco-produkter-agility-3","11":"pa_risco-produkter-agility-4","12":"tm-no-options","14":"first","15":"instock","16":"sale","17":"featured","18":"taxable","19":"shipping-taxable","20":"purchasable","21":"product-type-simple"},"acf":[],"_links":{"self":[{"href":"https:\/\/secureus.se\/fi\/wp-json\/wp\/v2\/product\/57497","targetHints":{"allow":["GET"]}}],"collection":[{"href":"https:\/\/secureus.se\/fi\/wp-json\/wp\/v2\/product"}],"about":[{"href":"https:\/\/secureus.se\/fi\/wp-json\/wp\/v2\/types\/product"}],"wp:featuredmedia":[{"embeddable":true,"href":"https:\/\/secureus.se\/fi\/wp-json\/wp\/v2\/media\/145375"}],"wp:attachment":[{"href":"https:\/\/secureus.se\/fi\/wp-json\/wp\/v2\/media?parent=57497"}],"wp:term":[{"taxonomy":"product_brand","embeddable":true,"href":"https:\/\/secureus.se\/fi\/wp-json\/wp\/v2\/product_brand?post=57497"},{"taxonomy":"product_cat","embeddable":true,"href":"https:\/\/secureus.se\/fi\/wp-json\/wp\/v2\/product_cat?post=57497"},{"taxonomy":"product_tag","embeddable":true,"href":"https:\/\/secureus.se\/fi\/wp-json\/wp\/v2\/product_tag?post=57497"}],"curies":[{"name":"wp","href":"https:\/\/api.w.org\/{rel}","templated":true}]}}