{"id":57498,"date":"2022-03-10T14:57:00","date_gmt":"2022-03-10T13:57:00","guid":{"rendered":"https:\/\/secureus.se\/produkt\/sladdstall-2m-skx-2x075\/"},"modified":"2025-12-31T19:41:57","modified_gmt":"2025-12-31T18:41:57","slug":"sladd-transformator-sladdstall-2m-skx-2x075","status":"publish","type":"product","link":"https:\/\/secureus.se\/fi\/sladd-transformator-sladdstall-2m-skx-2x075\/","title":{"rendered":"Johtomuuntaja Johtoteline 2m SKX 2\u00d70,75"},"content":{"rendered":"<h1>Kaapelimuuntaja Kaapeliteline 2m SKX 2\u00d70,75<\/h1>\n<p>T\u00e4m\u00e4 johtomuuntajan johtoteline on korkealaatuinen 2 metrin liit\u00e4nt\u00e4kaapeli, joka on suunniteltu k\u00e4ytett\u00e4v\u00e4ksi muuntajien tai valaisimien kanssa.<\/p>\n<p>Kaapelissa on CEE 7\/16 EURO -pistoke, ja se on erityisen hy\u00f6dyllinen 220 voltin verkkoon kytkett\u00e4ess\u00e4.<\/p>\n<p>Johdo on kaksijohdininen ja sen nimellinen johdinpinta-ala on 0,75 mm\u00b2, joten se soveltuu pienille ja keskisuurille virroille.<\/p>\n<p>Ulkokuori on valmistettu PVC:st\u00e4 (polyvinyylikloridista), joka tarjoaa kest\u00e4vyytt\u00e4 ja hyv\u00e4\u00e4 suojaa mekaanista rasitusta vastaan.<\/p>\n<p>Kaapelin nimellisj\u00e4nnite on 300 V ja se on saatavana valkoisena, mink\u00e4 ansiosta se sulautuu huomaamattomasti useimpiin asennuksiin.<\/p>","protected":false},"excerpt":{"rendered":"<p>2 metri\u00e4 pitk\u00e4 liit\u00e4nt\u00e4johto CEE 7\/16 EURO -pistokkeella muuntajille tai valaisimille.<\/p>\n<p>Ei j\u00e4rjestelm\u00e4kohtaista liit\u00e4nt\u00e4j\u00e4rjestelm\u00e4\u00e4, ja se sopii t\u00e4ydellisesti 220 V:n muuntajan kytkemiseen h\u00e4lytysj\u00e4rjestelm\u00e4\u00e4n tai valaistukseen.<\/p>","protected":false},"featured_media":145479,"template":"","meta":{"_acf_changed":false},"product_brand":[],"product_cat":[1548,1324],"product_tag":[],"class_list":{"0":"post-57498","1":"product","2":"type-product","3":"status-publish","4":"has-post-thumbnail","6":"product_cat-relaer-elektronik","7":"product_cat-outlet","8":"product_shipping_class-postnord-varubrev","9":"pa_brands-solar-sverige-aktiebolag","10":"pa_risco-produkter-agility-4","11":"tm-no-options","13":"first","14":"instock","15":"sale","16":"featured","17":"taxable","18":"shipping-taxable","19":"purchasable","20":"product-type-simple"},"acf":[],"_links":{"self":[{"href":"https:\/\/secureus.se\/fi\/wp-json\/wp\/v2\/product\/57498","targetHints":{"allow":["GET"]}}],"collection":[{"href":"https:\/\/secureus.se\/fi\/wp-json\/wp\/v2\/product"}],"about":[{"href":"https:\/\/secureus.se\/fi\/wp-json\/wp\/v2\/types\/product"}],"wp:featuredmedia":[{"embeddable":true,"href":"https:\/\/secureus.se\/fi\/wp-json\/wp\/v2\/media\/145479"}],"wp:attachment":[{"href":"https:\/\/secureus.se\/fi\/wp-json\/wp\/v2\/media?parent=57498"}],"wp:term":[{"taxonomy":"product_brand","embeddable":true,"href":"https:\/\/secureus.se\/fi\/wp-json\/wp\/v2\/product_brand?post=57498"},{"taxonomy":"product_cat","embeddable":true,"href":"https:\/\/secureus.se\/fi\/wp-json\/wp\/v2\/product_cat?post=57498"},{"taxonomy":"product_tag","embeddable":true,"href":"https:\/\/secureus.se\/fi\/wp-json\/wp\/v2\/product_tag?post=57498"}],"curies":[{"name":"wp","href":"https:\/\/api.w.org\/{rel}","templated":true}]}}