{"id":57499,"date":"2022-03-10T14:57:00","date_gmt":"2022-03-10T13:57:00","guid":{"rendered":"https:\/\/secureus.se\/produkt\/180-faste-till-beyond-dt-detektorer-agility4-wicomm-pro\/"},"modified":"2025-12-31T19:36:02","modified_gmt":"2025-12-31T18:36:02","slug":"risco-faste-till-beyond-detektorer","status":"publish","type":"product","link":"https:\/\/secureus.se\/fi\/risco-faste-till-beyond-detektorer\/","title":{"rendered":"Risco-kiinnike Beyond Detectorsille"},"content":{"rendered":"<div>\n<h1>Risco-kiinnike Beyond Detectorsille<\/h1>\n<p data-start=\"346\" data-end=\"734\">Risco-kiinnike Beyond-ilmaisimille 180\u00b0 (malli RA350S00000) on k\u00e4yt\u00e4nn\u00f6llinen lis\u00e4varuste, jonka avulla Beyond DT -ilmaisimia voidaan s\u00e4\u00e4t\u00e4\u00e4 ja kiert\u00e4\u00e4 180\u00b0 kulmassa, mik\u00e4 tarjoaa joustavuutta ja tarkkuutta asennuksen aikana.<\/p>\n<p data-start=\"346\" data-end=\"734\">T\u00e4m\u00e4 kiinnike on erityisen hy\u00f6dyllinen sen varmistamiseksi, ett\u00e4 ilmaisin valvoo tarkasti suojattavaa aluetta, maksimoiden peittoalueen ja tehokkuuden.<\/p>\n<p data-start=\"736\" data-end=\"1065\">Teline on suunniteltu helposti integroitavaksi Beyond-sarjan ilmaisimiin, joten asennus on sujuvaa ja nopeaa.<\/p>\n<p data-start=\"736\" data-end=\"1065\">S\u00e4\u00e4dett\u00e4v\u00e4n ominaisuuden ansiosta k\u00e4ytt\u00e4j\u00e4 voi optimoida ilmaisimen peittoalueen, ja se on t\u00e4ydellinen ratkaisu ulkoasennuksiin, joissa tarkat s\u00e4\u00e4d\u00f6t ovat ratkaisevan t\u00e4rkeit\u00e4 parhaiden tulosten saavuttamiseksi.<\/p>\n<p data-start=\"1067\" data-end=\"1240\">T\u00e4m\u00e4 kiinnike on v\u00e4ltt\u00e4m\u00e4t\u00f6n lis\u00e4varuste Beyond Detectorsille, sill\u00e4 se yksinkertaistaa asennusprosessia ja varmistaa samalla tarkan ja tehokkaan valvonnan.<\/p>\n<p data-start=\"1242\" data-end=\"1272\"><strong data-start=\"1242\" data-end=\"1270\">T\u00e4rkeimm\u00e4t ominaisuudet:<\/strong><\/p>\n<ul data-start=\"1273\" data-end=\"1676\">\n<li data-start=\"1273\" data-end=\"1380\">\n<p data-start=\"1275\" data-end=\"1380\"><strong data-start=\"1275\" data-end=\"1294\">180\u00b0 s\u00e4\u00e4t\u00f6:<\/strong> Mahdollistaa Beyond DT -ilmaisimien helpon s\u00e4\u00e4d\u00f6n halutun alueen kattamiseksi<\/p>\n<\/li>\n<li data-start=\"1381\" data-end=\"1489\">\n<p data-start=\"1383\" data-end=\"1489\"><strong data-start=\"1383\" data-end=\"1403\">Ulkok\u00e4ytt\u00f6\u00f6n:<\/strong> T\u00e4ydellinen Beyond-ilmaisimien asentamiseen ulos ja s\u00e4\u00e4t\u00e4miseen parhaan peittoalueen saavuttamiseksi<\/p>\n<\/li>\n<li data-start=\"1490\" data-end=\"1574\">\n<p data-start=\"1492\" data-end=\"1574\"><strong data-start=\"1492\" data-end=\"1515\">Helppo asennus:<\/strong> Tekee Beyond Detectorsin asennuksesta nopeaa ja helppoa<\/p>\n<\/li>\n<li data-start=\"1575\" data-end=\"1676\">\n<p data-start=\"1577\" data-end=\"1676\"><strong data-start=\"1577\" data-end=\"1601\">Kattavuuden optimointi:<\/strong> Auttaa maksimoimaan ilmaisimen tehokkuuden tarkan kohdistuksen avulla<\/p>\n<\/li>\n<\/ul>\n<p data-start=\"1678\" data-end=\"1709\"><strong data-start=\"1678\" data-end=\"1707\">Tekniset tiedot:<\/strong><\/p>\n<ul data-start=\"1710\" data-end=\"1848\">\n<li data-start=\"1710\" data-end=\"1754\">\n<p data-start=\"1712\" data-end=\"1754\"><strong data-start=\"1712\" data-end=\"1731\">Yhteensopivuus:<\/strong> DT-ilmaisimien lis\u00e4ksi<\/p>\n<\/li>\n<li data-start=\"1755\" data-end=\"1799\">\n<p data-start=\"1757\" data-end=\"1799\"><strong data-start=\"1757\" data-end=\"1771\">S\u00e4\u00e4t\u00f6:<\/strong> 180\u00b0 tarkkaa kohdistusta varten<\/p>\n<\/li>\n<li data-start=\"1800\" data-end=\"1848\">\n<p data-start=\"1802\" data-end=\"1848\"><strong data-start=\"1802\" data-end=\"1834\">Toimittajan artikkelinumero:<\/strong> RA350S00000<\/p>\n<\/li>\n<\/ul>\n<p data-start=\"1850\" data-end=\"2041\">Risco Beyond Detectors 180\u00b0 -kiinnitys mahdollistaa ilmaisimien peittoalueen optimoinnin ja varmistaa, ett\u00e4 valvottavaa aluetta suojataan tehokkaasti ja tarkasti.<\/p>\n<\/div>","protected":false},"excerpt":{"rendered":"<p data-start=\"132\" data-end=\"312\">Risco Beyond -ilmaisinkiinnike 180\u00b0 mahdollistaa Beyond DT -ilmaisimien s\u00e4\u00e4t\u00e4misen niin, ett\u00e4 niit\u00e4 voidaan k\u00e4\u00e4nt\u00e4\u00e4 180\u00b0, mik\u00e4 helpottaa tarkkaa kohdistusta haluttujen alueiden valvontaa varten.<\/p>","protected":false},"featured_media":158863,"template":"","meta":{"_acf_changed":false},"product_brand":[],"product_cat":[3191,2731],"product_tag":[],"class_list":{"0":"post-57499","1":"product","2":"type-product","3":"status-publish","4":"has-post-thumbnail","6":"product_cat-utomhusdetektorer","7":"product_cat-risco-larm","8":"product_shipping_class-postnord-varubrev","9":"pa_risco-produkter-agility-3","10":"pa_risco-produkter-agility-4","11":"pa_wicomm-pro-kategorier-kameradetektorer","12":"pa_wicomm-pro-kategorier-rorelsedetektor","13":"tm-no-options","15":"first","16":"instock","17":"sale","18":"featured","19":"taxable","20":"shipping-taxable","21":"purchasable","22":"product-type-simple"},"acf":[],"_links":{"self":[{"href":"https:\/\/secureus.se\/fi\/wp-json\/wp\/v2\/product\/57499","targetHints":{"allow":["GET"]}}],"collection":[{"href":"https:\/\/secureus.se\/fi\/wp-json\/wp\/v2\/product"}],"about":[{"href":"https:\/\/secureus.se\/fi\/wp-json\/wp\/v2\/types\/product"}],"wp:featuredmedia":[{"embeddable":true,"href":"https:\/\/secureus.se\/fi\/wp-json\/wp\/v2\/media\/158863"}],"wp:attachment":[{"href":"https:\/\/secureus.se\/fi\/wp-json\/wp\/v2\/media?parent=57499"}],"wp:term":[{"taxonomy":"product_brand","embeddable":true,"href":"https:\/\/secureus.se\/fi\/wp-json\/wp\/v2\/product_brand?post=57499"},{"taxonomy":"product_cat","embeddable":true,"href":"https:\/\/secureus.se\/fi\/wp-json\/wp\/v2\/product_cat?post=57499"},{"taxonomy":"product_tag","embeddable":true,"href":"https:\/\/secureus.se\/fi\/wp-json\/wp\/v2\/product_tag?post=57499"}],"curies":[{"name":"wp","href":"https:\/\/api.w.org\/{rel}","templated":true}]}}