{"id":57504,"date":"2022-03-10T14:57:00","date_gmt":"2022-03-10T13:57:00","guid":{"rendered":"https:\/\/secureus.se\/produkt\/2-vags-tradlos-inomhus-siren-agililty2-3-4-och-wicomm-pro\/"},"modified":"2025-12-31T19:42:04","modified_gmt":"2025-12-31T18:42:04","slug":"risco-siren-2-vags-inomhus-105db","status":"publish","type":"product","link":"https:\/\/secureus.se\/fi\/risco-siren-2-vags-inomhus-105db\/","title":{"rendered":"Risco Sireeni 2-suuntainen \u2013 Sis\u00e4k\u00e4ytt\u00f6\u00f6n 105dB"},"content":{"rendered":"<h1>Risco Sireeni 2-suuntainen \u2013 Sis\u00e4k\u00e4ytt\u00f6\u00f6n 105dB<\/h1>\n<p data-start=\"413\" data-end=\"910\">Risco Siren 2-suuntainen sis\u00e4sireeni 105dB WiComm Pro Agility on langaton ja paristok\u00e4ytt\u00f6inen sireeni, joka tarjoaa korkean turvallisuuden ja luotettavuuden.<\/p>\n<p data-start=\"413\" data-end=\"910\">Kaksisuuntaisen radioviestinn\u00e4n ansiosta sireeni valvoo jatkuvasti sabotaasitoimintoja, akun j\u00e4nnitett\u00e4 ja sis\u00e4\u00e4np\u00e4\u00e4syviivett\u00e4.<\/p>\n<p data-start=\"413\" data-end=\"910\">Siin\u00e4 on sis\u00e4\u00e4nrakennettu esih\u00e4lytystoiminto, joka aktivoituu, jos ohjauspaneeliin tehd\u00e4\u00e4n peukalointi tai sabotointi sis\u00e4\u00e4ntuloviiveen aikana ilman, ett\u00e4 kelvollista koodia sy\u00f6tet\u00e4\u00e4n.<\/p>\n<p data-start=\"413\" data-end=\"910\">T\u00e4m\u00e4 tarjoaa ylim\u00e4\u00e4r\u00e4isen suojakerroksen tunkeutumista vastaan.<\/p>\n<p data-start=\"912\" data-end=\"1393\">105 dB:n \u00e4\u00e4nenvoimakkuudellaan sireeni on riitt\u00e4v\u00e4n kova varoittamaan h\u00e4lytyksen sattuessa.<\/p>\n<p data-start=\"912\" data-end=\"1393\">Sireeni on t\u00e4ysin paristok\u00e4ytt\u00f6inen eik\u00e4 vaadi ulkoista virtal\u00e4hdett\u00e4, joten sen asennus on eritt\u00e4in joustavaa.<\/p>\n<p data-start=\"912\" data-end=\"1393\">Pariston k\u00e4ytt\u00f6ik\u00e4 on noin kolme vuotta, ja paristot sis\u00e4ltyv\u00e4t toimitukseen.<\/p>\n<p data-start=\"912\" data-end=\"1393\">Vankan peukalointisuojauksen (kotelo ja takasuoja) ansiosta t\u00e4m\u00e4 sireeni on sek\u00e4 luotettava ett\u00e4 turvallinen.<\/p>\n<p data-start=\"912\" data-end=\"1393\">Sireeni on my\u00f6s et\u00e4ohjelmoitavissa ja siin\u00e4 on diagnostiikkatoiminnot helppoa valvontaa ja vianm\u00e4\u00e4rityst\u00e4 varten.<\/p>\n<p><iframe title=\"Wicomm Smart Hub USA\" width=\"1170\" height=\"658\" src=\"https:\/\/www.youtube.com\/embed\/5PHoH2dRjEs?feature=oembed\" frameborder=\"0\" allow=\"accelerometer; autoplay; clipboard-write; encrypted-media; gyroscope; picture-in-picture; web-share\" referrerpolicy=\"strict-origin-when-cross-origin\" allowfullscreen><\/iframe><\/p>","protected":false},"excerpt":{"rendered":"<p>Langaton sis\u00e4sireeni Risco Agility WiComm Pro- ja Wisdom-j\u00e4rjestelmille, jossa on kaksisuuntainen radioviestint\u00e4, peukalointisuoja ja 105 dB:n \u00e4\u00e4nenvoimakkuus.<\/p>\n<p>Akkuk\u00e4ytt\u00f6inen ja itsen\u00e4inen, t\u00e4ydellinen turva-asennuksiin.<\/p>","protected":false},"featured_media":145483,"template":"","meta":{"_acf_changed":false},"product_brand":[],"product_cat":[2731,3190],"product_tag":[2262,2420,3070],"class_list":{"0":"post-57504","1":"product","2":"type-product","3":"status-publish","4":"has-post-thumbnail","6":"product_cat-risco-larm","7":"product_cat-sirener-risco-larm","8":"product_tag-larmdon-siren-utomhus","9":"product_tag-rel-larmdonblixt","10":"product_tag-wicomm-pro-siren","11":"product_shipping_class-postnord-varubrev","12":"pa_brands-4risco","13":"pa_risco-produkter-agility-2","14":"pa_risco-produkter-agility-3","15":"pa_risco-produkter-agility-4","16":"pa_wicomm-pro-kategorier-sinerer","17":"tm-no-options","19":"first","20":"instock","21":"sale","22":"featured","23":"taxable","24":"shipping-taxable","25":"purchasable","26":"product-type-simple"},"acf":[],"_links":{"self":[{"href":"https:\/\/secureus.se\/fi\/wp-json\/wp\/v2\/product\/57504","targetHints":{"allow":["GET"]}}],"collection":[{"href":"https:\/\/secureus.se\/fi\/wp-json\/wp\/v2\/product"}],"about":[{"href":"https:\/\/secureus.se\/fi\/wp-json\/wp\/v2\/types\/product"}],"wp:featuredmedia":[{"embeddable":true,"href":"https:\/\/secureus.se\/fi\/wp-json\/wp\/v2\/media\/145483"}],"wp:attachment":[{"href":"https:\/\/secureus.se\/fi\/wp-json\/wp\/v2\/media?parent=57504"}],"wp:term":[{"taxonomy":"product_brand","embeddable":true,"href":"https:\/\/secureus.se\/fi\/wp-json\/wp\/v2\/product_brand?post=57504"},{"taxonomy":"product_cat","embeddable":true,"href":"https:\/\/secureus.se\/fi\/wp-json\/wp\/v2\/product_cat?post=57504"},{"taxonomy":"product_tag","embeddable":true,"href":"https:\/\/secureus.se\/fi\/wp-json\/wp\/v2\/product_tag?post=57504"}],"curies":[{"name":"wp","href":"https:\/\/api.w.org\/{rel}","templated":true}]}}