{"id":57505,"date":"2022-03-10T14:57:00","date_gmt":"2022-03-10T13:57:00","guid":{"rendered":"https:\/\/secureus.se\/produkt\/risco-agility-gsm-gprs-2g-modul\/"},"modified":"2026-04-22T14:22:21","modified_gmt":"2026-04-22T12:22:21","slug":"risco-agility-gsm-gprs-2g-modul","status":"publish","type":"product","link":"https:\/\/secureus.se\/fi\/risco-agility-gsm-gprs-2g-modul\/","title":{"rendered":"Risco Agility GSM\/GPRS 2G -MODUULI \u2013 POISTU"},"content":{"rendered":"<h1>Risco Agility GSM\/GPRS 2G MODUULI<\/h1>\n<p data-start=\"433\" data-end=\"917\">Risco Agility GSM\/GPRS 2G -moduuli (malli RW132G2) on t\u00e4rke\u00e4 komponentti Agility-turvaj\u00e4rjestelm\u00e4n toiminnallisuuden laajentamiseksi.<\/p>\n<p data-start=\"433\" data-end=\"917\">T\u00e4m\u00e4 moduuli lis\u00e4\u00e4 mahdollisuuden kommunikoida GSM\/GPRS-verkkojen kautta, mink\u00e4 ansiosta j\u00e4rjestelm\u00e4 voi l\u00e4hett\u00e4\u00e4 h\u00e4lytyksi\u00e4 ja tapahtumia sek\u00e4 yhteyshenkil\u00f6ille ett\u00e4 h\u00e4lytyskeskukseen.<\/p>\n<p data-start=\"433\" data-end=\"917\">Se on t\u00e4ydellinen ratkaisu k\u00e4ytt\u00e4jille, jotka haluavat turvallisen ja luotettavan tavan l\u00e4hett\u00e4\u00e4 h\u00e4lytyksi\u00e4 silloin, kun internet-pohjainen tiedonsiirto Risco Cloudin kautta ei ole mahdollista.<\/p>\n<p data-start=\"919\" data-end=\"1302\">Kun Agility 3 toimitetaan perusversiossaan, se toimitetaan verkkokortin kanssa, jolla se voidaan yhdist\u00e4\u00e4 Risco Cloud -pilvipalveluun h\u00e4lytysten siirtoa varten.<\/p>\n<p data-start=\"919\" data-end=\"1302\">K\u00e4ytt\u00e4jille, jotka haluavat edelleen k\u00e4ytt\u00e4\u00e4 perinteisi\u00e4 h\u00e4lytyksen l\u00e4hetysmenetelmi\u00e4 GSM:n tai GPRS:n kautta, t\u00e4m\u00e4 laajennuskortti on asennettava.<\/p>\n<p data-start=\"919\" data-end=\"1302\">T\u00e4m\u00e4 antaa j\u00e4rjestelm\u00e4lle mahdollisuuden l\u00e4hett\u00e4\u00e4 tekstiviesti- tai \u00e4\u00e4nih\u00e4lytyksi\u00e4 ennalta valituille yhteyshenkil\u00f6ille j\u00e4rjestelm\u00e4tapahtumien tai h\u00e4lytysten sattuessa.<\/p>\n<p data-start=\"1304\" data-end=\"1742\">Moduuli tukee yhteystietoihin soittamista \u00e4\u00e4nikomennoilla, jolloin k\u00e4ytt\u00e4j\u00e4t voivat vastaanottaa suoran puhelun h\u00e4lytysten tai j\u00e4rjestelm\u00e4tapahtumien sattuessa, mik\u00e4 voi olla t\u00e4rke\u00e4 vaihtoehto tilanteissa, joissa tekstiviestit eiv\u00e4t riit\u00e4.<\/p>\n<p data-start=\"1304\" data-end=\"1742\">Lis\u00e4ksi se mahdollistaa h\u00e4lytysten l\u00e4hett\u00e4misen h\u00e4lytyskeskuksiin GSM:n kautta ContactID- tai SIA-h\u00e4lytysmuodossa sek\u00e4 GPRS:n kautta SIA IP -h\u00e4lytysmuodossa, mik\u00e4 tekee j\u00e4rjestelm\u00e4st\u00e4 yhteensopivan monenlaisten h\u00e4lytyskeskusten kanssa.<\/p>\n<p data-start=\"1744\" data-end=\"1967\">Moduuli mahdollistaa my\u00f6s yhteyden Risco Cloudiin GPRS:n kautta, jolloin k\u00e4ytt\u00e4j\u00e4t voivat jatkaa j\u00e4rjestelm\u00e4ns\u00e4 et\u00e4valvontaa ja -ohjausta, vaikka he k\u00e4ytt\u00e4isiv\u00e4t perinteist\u00e4 h\u00e4lytysten l\u00e4hetyst\u00e4 GSM\/GPRS:n kautta.<\/p>\n<p data-start=\"1969\" data-end=\"1999\"><strong data-start=\"1969\" data-end=\"1997\">T\u00e4rkeimm\u00e4t ominaisuudet:<\/strong><\/p>\n<ul data-start=\"2000\" data-end=\"2580\">\n<li data-start=\"2000\" data-end=\"2069\">\n<p data-start=\"2002\" data-end=\"2069\"><strong data-start=\"2002\" data-end=\"2029\">GSM\/GPRS-tiedonsiirto:<\/strong> Mahdollistaa h\u00e4lytyksen l\u00e4hett\u00e4misen GSM\/GPRS-yhteyden kautta<\/p>\n<\/li>\n<li data-start=\"2070\" data-end=\"2151\">\n<p data-start=\"2072\" data-end=\"2151\"><strong data-start=\"2072\" data-end=\"2085\">Tekstiviestih\u00e4lytys:<\/strong> L\u00e4hett\u00e4\u00e4 tekstiviestin yhteyshenkil\u00f6ille h\u00e4lytysten tai j\u00e4rjestelm\u00e4tapahtumien sattuessa<\/p>\n<\/li>\n<li data-start=\"2152\" data-end=\"2222\">\n<p data-start=\"2154\" data-end=\"2222\"><strong data-start=\"2154\" data-end=\"2174\">\u00c4\u00e4nivalinta:<\/strong> \u00c4\u00e4nivalinta yhteyshenkil\u00f6ille h\u00e4lytyksen sattuessa<\/p>\n<\/li>\n<li data-start=\"2223\" data-end=\"2292\">\n<p data-start=\"2225\" data-end=\"2292\"><strong data-start=\"2225\" data-end=\"2243\">Kaukos\u00e4\u00e4din:<\/strong> \u00c4\u00e4nivalikko Agility-j\u00e4rjestelm\u00e4n et\u00e4ohjaukseen<\/p>\n<\/li>\n<li data-start=\"2293\" data-end=\"2387\">\n<p data-start=\"2295\" data-end=\"2387\"><strong data-start=\"2295\" data-end=\"2331\">H\u00e4lytyksen siirto h\u00e4lytyskeskukseen:<\/strong> Tukee ContactID:t\u00e4 ja SIA:t\u00e4 GSM:n kautta sek\u00e4 SIA IP:t\u00e4 GPRS:n kautta<\/p>\n<\/li>\n<li data-start=\"2388\" data-end=\"2476\">\n<p data-start=\"2390\" data-end=\"2476\"><strong data-start=\"2390\" data-end=\"2406\">Riskipilvi:<\/strong> Mahdollistaa yhteyden Risco Cloudiin GPRS:n kautta et\u00e4valvontaa varten<\/p>\n<\/li>\n<li data-start=\"2477\" data-end=\"2580\">\n<p data-start=\"2479\" data-end=\"2580\"><strong data-start=\"2479\" data-end=\"2495\">Yhdistelm\u00e4:<\/strong> GSM\/GPRS-h\u00e4lytysl\u00e4hetyst\u00e4 ja yhteytt\u00e4 Risco Cloudiin ei voi yhdist\u00e4\u00e4 samanaikaisesti<\/p>\n<\/li>\n<\/ul>\n<p data-start=\"2582\" data-end=\"2613\"><strong data-start=\"2582\" data-end=\"2611\">Tekniset tiedot:<\/strong><\/p>\n<ul data-start=\"2614\" data-end=\"2841\">\n<li data-start=\"2614\" data-end=\"2640\">\n<p data-start=\"2616\" data-end=\"2640\"><strong data-start=\"2616\" data-end=\"2629\">Taajuus:<\/strong> GSM\/GPRS<\/p>\n<\/li>\n<li data-start=\"2641\" data-end=\"2696\">\n<p data-start=\"2643\" data-end=\"2696\"><strong data-start=\"2643\" data-end=\"2658\">H\u00e4lytyksen muoto:<\/strong> ContactID, SIA (GSM); SIA IP (GPRS)<\/p>\n<\/li>\n<li data-start=\"2697\" data-end=\"2736\">\n<p data-start=\"2699\" data-end=\"2736\"><strong data-start=\"2699\" data-end=\"2717\">Kaukos\u00e4\u00e4din:<\/strong> Kyll\u00e4, \u00e4\u00e4nivalikon kautta<\/p>\n<\/li>\n<li data-start=\"2737\" data-end=\"2796\">\n<p data-start=\"2739\" data-end=\"2796\"><strong data-start=\"2739\" data-end=\"2762\">Asennusmenetelm\u00e4:<\/strong> Agility-j\u00e4rjestelm\u00e4n laajennuskortit<\/p>\n<\/li>\n<li data-start=\"2797\" data-end=\"2841\">\n<p data-start=\"2799\" data-end=\"2841\"><strong data-start=\"2799\" data-end=\"2831\">Toimittajan artikkelinumero:<\/strong> RW132G2<\/p>\n<\/li>\n<\/ul>\n<p data-start=\"2843\" data-end=\"3060\">Risco Agility GSM\/GPRS 2G -moduuli on luotettava ja joustava ratkaisu k\u00e4ytt\u00e4jille, jotka tarvitsevat perinteist\u00e4 GSM\/GPRS-h\u00e4lytysl\u00e4hetyst\u00e4 ja joilla on my\u00f6s mahdollisuus et\u00e4valvontaan ja -ohjaukseen Risco Cloudin kautta.<\/p>","protected":false},"excerpt":{"rendered":"<p>Risco Agility GSM\/GPRS 2G -moduuli (RW132G2) mahdollistaa Agility-j\u00e4rjestelm\u00e4n kommunikoinnin GSM\/GPRS-verkon kautta.<\/p>\n<p>T\u00e4m\u00e4 laajennuskortti tarjoaa toimintoja, kuten tekstiviestih\u00e4lytykset, \u00e4\u00e4nivalinnan ja h\u00e4lytyksen siirron h\u00e4lytyskeskukseen GSM- tai GPRS-verkon kautta perinteisiss\u00e4 h\u00e4lytysmuodoissa, kuten ContactID ja SIA.<\/p>","protected":false},"featured_media":145255,"template":"","meta":{"_acf_changed":false},"product_brand":[],"product_cat":[2731],"product_tag":[],"class_list":{"0":"post-57505","1":"product","2":"type-product","3":"status-publish","4":"has-post-thumbnail","6":"product_cat-risco-larm","7":"product_shipping_class-postnord-varubrev","8":"pa_brands-4risco","9":"pa_risco-produkter-agility-2","10":"pa_risco-produkter-agility-3","11":"pa_risco-produkter-agility-4","12":"tm-no-options","14":"first","15":"instock","16":"sale","17":"featured","18":"taxable","19":"shipping-taxable","20":"purchasable","21":"product-type-simple"},"acf":[],"_links":{"self":[{"href":"https:\/\/secureus.se\/fi\/wp-json\/wp\/v2\/product\/57505","targetHints":{"allow":["GET"]}}],"collection":[{"href":"https:\/\/secureus.se\/fi\/wp-json\/wp\/v2\/product"}],"about":[{"href":"https:\/\/secureus.se\/fi\/wp-json\/wp\/v2\/types\/product"}],"wp:featuredmedia":[{"embeddable":true,"href":"https:\/\/secureus.se\/fi\/wp-json\/wp\/v2\/media\/145255"}],"wp:attachment":[{"href":"https:\/\/secureus.se\/fi\/wp-json\/wp\/v2\/media?parent=57505"}],"wp:term":[{"taxonomy":"product_brand","embeddable":true,"href":"https:\/\/secureus.se\/fi\/wp-json\/wp\/v2\/product_brand?post=57505"},{"taxonomy":"product_cat","embeddable":true,"href":"https:\/\/secureus.se\/fi\/wp-json\/wp\/v2\/product_cat?post=57505"},{"taxonomy":"product_tag","embeddable":true,"href":"https:\/\/secureus.se\/fi\/wp-json\/wp\/v2\/product_tag?post=57505"}],"curies":[{"name":"wp","href":"https:\/\/api.w.org\/{rel}","templated":true}]}}