{"id":57506,"date":"2022-03-10T14:57:00","date_gmt":"2022-03-10T13:57:00","guid":{"rendered":"https:\/\/secureus.se\/produkt\/vattendetektor-tradlos-agililty2-3-4-och-wicomm-pro\/"},"modified":"2025-12-31T19:42:20","modified_gmt":"2025-12-31T18:42:20","slug":"risco-vattendetektor-1-vags","status":"publish","type":"product","link":"https:\/\/secureus.se\/fi\/risco-vattendetektor-1-vags\/","title":{"rendered":"Risco Vedenilmaisin 1-suuntainen"},"content":{"rendered":"<h1>Risco Vedenilmaisin 1-suuntainen<\/h1>\n<p data-start=\"408\" data-end=\"899\">Risco-vesivahti 1-suuntainen WiComm Pro Agility on t\u00e4ydellinen ratkaisu vesivahinkojen ehk\u00e4isemiseen kodeissa ja yrityksiss\u00e4.<\/p>\n<p data-start=\"408\" data-end=\"899\">T\u00e4m\u00e4 langaton tulvavaroitin voidaan helposti integroida RISCOn langattomiin ja hybriditurvaj\u00e4rjestelmiin, jotta se havaitsee ja varoittaa nopeasti pienist\u00e4kin vesivuodoista.<\/p>\n<p data-start=\"408\" data-end=\"899\">Olipa kyseess\u00e4 sitten keitti\u00f6, kellari, vesis\u00e4ili\u00f6t tai j\u00e4\u00e4kaappi, t\u00e4m\u00e4 ilmaisin tarjoaa kattavan suojan ja voi est\u00e4\u00e4 merkitt\u00e4vi\u00e4 vahinkoja havaitsemalla vuodot varhaisessa vaiheessa.<\/p>\n<p data-start=\"901\" data-end=\"1367\">Vesivuodon sattuessa ilmaisin l\u00e4hett\u00e4\u00e4 v\u00e4litt\u00f6m\u00e4sti viestin k\u00e4ytt\u00e4j\u00e4n \u00e4lypuhelimeen, jolloin h\u00e4n voi toimia nopeasti vahinkojen minimoimiseksi.<\/p>\n<p data-start=\"901\" data-end=\"1367\">Vesivaroitin toimii my\u00f6s silloin, kun turvaj\u00e4rjestelm\u00e4 on pois p\u00e4\u00e4lt\u00e4, mik\u00e4 tarjoaa t\u00e4ydellisen mielenrauhan.<\/p>\n<p data-start=\"901\" data-end=\"1367\">Vesivahinkoja voi aiheuttaa mik\u00e4 tahansa rikkoutuneista putkista ja vuotavista katoista rikkoutuneisiin ikkunoihin ja wc-p\u00f6ntt\u00f6ihin, ja asentamalla Riscon tulvavaroittimen voit v\u00e4ltt\u00e4\u00e4 mahdollisesti kalliit korjaukset.<\/p>\n<p data-start=\"1369\" data-end=\"1618\">Ilmaisin k\u00e4ytt\u00e4\u00e4 yksisuuntaista radiota, jonka taajuus on 868 MHz, ja sen mukana toimitetaan CR123 3 V:n litiumparisto.<\/p>\n<p data-start=\"1369\" data-end=\"1618\">Se on yhteensopiva sek\u00e4 RISCOn yksi- ett\u00e4 kaksisuuntaisten langattomien j\u00e4rjestelmien kanssa, mik\u00e4 tekee asennuksesta sek\u00e4 helppoa ett\u00e4 joustavaa.<\/p>\n<p>&nbsp;<\/p>\n<p><iframe title=\"Wicomm Smart Hub USA\" width=\"1170\" height=\"658\" src=\"https:\/\/www.youtube.com\/embed\/5PHoH2dRjEs?feature=oembed\" frameborder=\"0\" allow=\"accelerometer; autoplay; clipboard-write; encrypted-media; gyroscope; picture-in-picture; web-share\" referrerpolicy=\"strict-origin-when-cross-origin\" allowfullscreen><\/iframe><\/p>","protected":false},"excerpt":{"rendered":"<p>Langaton vesivahinkovaroitin WiComm Pro Agility -j\u00e4rjestelm\u00e4\u00e4n, joka havaitsee vesivuodot nopeasti ja varoittaa niist\u00e4, suojaten kotiasi ja yrityst\u00e4si vesivahingoilta.<\/p>\n<p>Helppo asentaa ja t\u00e4ysin yhteensopiva Risco-turvaj\u00e4rjestelmien kanssa.<\/p>","protected":false},"featured_media":145684,"template":"","meta":{"_acf_changed":false},"product_brand":[],"product_cat":[3188,2731],"product_tag":[3152],"class_list":{"0":"post-57506","1":"product","2":"type-product","3":"status-publish","4":"has-post-thumbnail","6":"product_cat-larmenheter-risco-larm","7":"product_cat-risco-larm","8":"product_tag-cr123-tillbehor","9":"product_shipping_class-postnord-varubrev","10":"pa_brands-4risco","11":"pa_risco-produkter-agility-2","12":"pa_risco-produkter-agility-3","13":"pa_risco-produkter-agility-4","14":"pa_wicomm-pro-kategorier-vattendetektor","15":"tm-no-options","17":"first","18":"onbackorder","19":"sale","20":"featured","21":"taxable","22":"shipping-taxable","23":"purchasable","24":"product-type-simple"},"acf":[],"_links":{"self":[{"href":"https:\/\/secureus.se\/fi\/wp-json\/wp\/v2\/product\/57506","targetHints":{"allow":["GET"]}}],"collection":[{"href":"https:\/\/secureus.se\/fi\/wp-json\/wp\/v2\/product"}],"about":[{"href":"https:\/\/secureus.se\/fi\/wp-json\/wp\/v2\/types\/product"}],"wp:featuredmedia":[{"embeddable":true,"href":"https:\/\/secureus.se\/fi\/wp-json\/wp\/v2\/media\/145684"}],"wp:attachment":[{"href":"https:\/\/secureus.se\/fi\/wp-json\/wp\/v2\/media?parent=57506"}],"wp:term":[{"taxonomy":"product_brand","embeddable":true,"href":"https:\/\/secureus.se\/fi\/wp-json\/wp\/v2\/product_brand?post=57506"},{"taxonomy":"product_cat","embeddable":true,"href":"https:\/\/secureus.se\/fi\/wp-json\/wp\/v2\/product_cat?post=57506"},{"taxonomy":"product_tag","embeddable":true,"href":"https:\/\/secureus.se\/fi\/wp-json\/wp\/v2\/product_tag?post=57506"}],"curies":[{"name":"wp","href":"https:\/\/api.w.org\/{rel}","templated":true}]}}