{"id":57508,"date":"2022-03-10T14:57:00","date_gmt":"2022-03-10T13:57:00","guid":{"rendered":"https:\/\/secureus.se\/produkt\/glaskrossdetektor-tradlos-agililty2-3-4-och-wicomm-pro\/"},"modified":"2025-12-31T19:37:37","modified_gmt":"2025-12-31T18:37:37","slug":"risco-glaskrossdetektor-1-vag","status":"publish","type":"product","link":"https:\/\/secureus.se\/fi\/risco-glaskrossdetektor-1-vag\/","title":{"rendered":"Risco lasinrikkoilmaisin 1-suuntainen"},"content":{"rendered":"<h1>Risco lasinrikkoilmaisin 1-suuntainen<\/h1>\n<p data-start=\"389\" data-end=\"823\">Risco-lasins\u00e4r\u00f6ilmaisin 1-suuntainen WiComm Pro Agility on edistynyt ja langaton lasins\u00e4r\u00f6ilmaisin, joka on suunniteltu havaitsemaan lasins\u00e4rky kaikentyyppisiss\u00e4 lasissa, mukaan lukien tavallinen ikkunalasi, laminoitu lasi, lanka-vahvistettu lasi ja karkaistu lasi.<\/p>\n<p data-start=\"389\" data-end=\"823\">Sen vaikuttava kantama on jopa 9 metri\u00e4, ja se k\u00e4ytt\u00e4\u00e4 mikroprosessoripohjaista kaksitaajuista kuviontunnistusta pienimpienkin lasins\u00e4rkyjen tarkkaan havaitsemiseen.<\/p>\n<p data-start=\"825\" data-end=\"1227\">T\u00e4m\u00e4 lasinrikkoilmaisin sopii t\u00e4ydellisesti k\u00e4ytett\u00e4v\u00e4ksi Risco Agility- ja WiComm Pro -turvaj\u00e4rjestelmien kanssa, ja siin\u00e4 on mukana kiinnitysteline helppoa katto- tai sein\u00e4asennusta varten.<\/p>\n<p data-start=\"825\" data-end=\"1227\">Laitteen luotettavuuden varmistamiseksi se tarjoaa jatkuvaa valvontaa peukaloinnin, akun j\u00e4nnitteen ja tiedonsiirron varalta.<\/p>\n<p data-start=\"825\" data-end=\"1227\">Se toimii CR123A-litiumparistolla, joka kest\u00e4\u00e4 jopa 3 vuotta.<\/p>\n<p data-start=\"1229\" data-end=\"1409\">Et\u00e4testaus- ja mikrofonikuormituksen valvontatoiminnon avulla k\u00e4ytt\u00e4j\u00e4 voi helposti testata laitteen avaamatta sit\u00e4, mik\u00e4 s\u00e4\u00e4st\u00e4\u00e4 aikaa ja parantaa k\u00e4ytett\u00e4vyytt\u00e4.<\/p>\n<p><iframe title=\"Wicomm Smart Hub USA\" width=\"1170\" height=\"658\" src=\"https:\/\/www.youtube.com\/embed\/5PHoH2dRjEs?feature=oembed\" frameborder=\"0\" allow=\"accelerometer; autoplay; clipboard-write; encrypted-media; gyroscope; picture-in-picture; web-share\" referrerpolicy=\"strict-origin-when-cross-origin\" allowfullscreen><\/iframe><\/p>","protected":false},"excerpt":{"rendered":"<p>Langaton lasinrikkoilmaisin Risco Agility- ja WiComm Pro -j\u00e4rjestelmille, joka havaitsee kaikenlaiset lasinrikkoutumiset, mukaan lukien peltilasi, laminoitu lasi ja karkaistu lasi.<\/p>\n<p>Jopa 9 metrin peittoalue lis\u00e4\u00e4 turvallisuutta.<\/p>","protected":false},"featured_media":145686,"template":"","meta":{"_acf_changed":false},"product_brand":[],"product_cat":[2731,3188],"product_tag":[3152,2426],"class_list":{"0":"post-57508","1":"product","2":"type-product","3":"status-publish","4":"has-post-thumbnail","6":"product_cat-risco-larm","7":"product_cat-larmenheter-risco-larm","8":"product_tag-cr123-tillbehor","9":"product_tag-rel-risco","10":"product_shipping_class-postnord-varubrev","11":"pa_brands-4risco","12":"pa_risco-produkter-agility-2","13":"pa_risco-produkter-agility-3","14":"pa_risco-produkter-agility-4","15":"pa_wicomm-pro-kategorier-glaskrossdetektorer","16":"tm-no-options","18":"first","19":"instock","20":"sale","21":"featured","22":"taxable","23":"shipping-taxable","24":"purchasable","25":"product-type-simple"},"acf":[],"_links":{"self":[{"href":"https:\/\/secureus.se\/fi\/wp-json\/wp\/v2\/product\/57508","targetHints":{"allow":["GET"]}}],"collection":[{"href":"https:\/\/secureus.se\/fi\/wp-json\/wp\/v2\/product"}],"about":[{"href":"https:\/\/secureus.se\/fi\/wp-json\/wp\/v2\/types\/product"}],"wp:featuredmedia":[{"embeddable":true,"href":"https:\/\/secureus.se\/fi\/wp-json\/wp\/v2\/media\/145686"}],"wp:attachment":[{"href":"https:\/\/secureus.se\/fi\/wp-json\/wp\/v2\/media?parent=57508"}],"wp:term":[{"taxonomy":"product_brand","embeddable":true,"href":"https:\/\/secureus.se\/fi\/wp-json\/wp\/v2\/product_brand?post=57508"},{"taxonomy":"product_cat","embeddable":true,"href":"https:\/\/secureus.se\/fi\/wp-json\/wp\/v2\/product_cat?post=57508"},{"taxonomy":"product_tag","embeddable":true,"href":"https:\/\/secureus.se\/fi\/wp-json\/wp\/v2\/product_tag?post=57508"}],"curies":[{"name":"wp","href":"https:\/\/api.w.org\/{rel}","templated":true}]}}