{"id":57615,"date":"2022-07-12T11:16:09","date_gmt":"2022-07-12T09:16:09","guid":{"rendered":"https:\/\/secureus.se\/produkt\/tagg-kombi-abs-pro-em4200-mifare4k-std-nr-3\/"},"modified":"2026-03-27T16:09:35","modified_gmt":"2026-03-27T15:09:35","slug":"kombitagg-4k-std-gron-pro","status":"publish","type":"product","link":"https:\/\/secureus.se\/fi\/kombitagg-4k-std-gron-pro\/","title":{"rendered":"Yhdistelm\u00e4tunniste EM4200 + Mifare4k\u00ae \u2013 Alarm Access Control System Vihre\u00e4 \u2013 Pro"},"content":{"rendered":"<h1>Yhdistelm\u00e4tunniste ABS Pro EM4200\/Mifare4k<\/h1>\n<h3><strong>H\u00e4lytyspassin valvonta - Varaus - Vierailu<\/strong><\/h3>\n<p><strong>T\u00e4ss\u00e4 olemme kaivertaneet vakionumeroita yhdistelm\u00e4tunnisteeseen:<\/strong><\/p>\n<p><strong><span style=\"text-decoration: underline\">EM4200:<\/span><\/strong><\/p>\n<p><strong><span style=\"text-decoration: underline\">RCO Security (R), , Axema VAKA (V), Bewator\/Vanderbilt (B), ASSA ARX (S)<\/span><\/strong><\/p>\n<p><strong><span style=\"text-decoration: underline\">Mifarelle:<\/span><\/strong><\/p>\n<p><strong><span style=\"text-decoration: underline\">RCO (MFR), Axema VAKA (MFV), ASSA, Aptus, Bewator,<\/span><\/strong><\/p>\n<p><strong><span style=\"text-decoration: underline\">Axema, Axema VAKA, Vanderbilt ja muut (MFD)<\/span><\/strong><\/p>\n<p>T\u00e4m\u00e4 tunniste toimii kaikissa j\u00e4rjestelmiss\u00e4, jotka k\u00e4ytt\u00e4v\u00e4t EM- ja Mifare-tekniikkaa, mukaan lukien RCO, Bewator\/Vanderbilt, Aptus, ASSA ARX ja muut j\u00e4rjestelm\u00e4t,<\/p>\n<p>esim. vierailijaj\u00e4rjestelm\u00e4 tai kirjautuminen tietokoneisiin\/tulostimiin.<\/p>\n<p>&quot;ABS Pro&quot; on luotu vastaamaan vaativimpiinkin turvallisuuden ja tunnistamisen tarpeisiin.<\/p>\n<p>Vankka ABS-materiaalista valmistettu rakenne ja ohut, vain 2,9 mm:n profiili tarjoavat t\u00e4ydellisen tasapainon kest\u00e4vyyden ja eleganssin v\u00e4lill\u00e4.<\/p>\n<p>Sen puhdas viimeistely tekee siit\u00e4 ihanteellisen vakionumeroiden kaiverrukseen tai logon sis\u00e4llytt\u00e4miseen joko kaiverretun tai v\u00e4rillisen viimeistelyn avulla.<\/p>\n<p>Tarvitsetpa luotettavan tuotteen kulkuj\u00e4rjestelmiin, vierailijaj\u00e4rjestelmiin, varauksiin, h\u00e4lytyksiin, autolaturiin, varastonhallintaan tai muihin sovelluksiin,<\/p>\n<p>niin meid\u00e4n &quot;ABS Pro&quot; on t\u00e4ydellinen valinta.<\/p>\n<p>Sit\u00e4 on saatavana useissa eri versioissa ja voimme valmistaa sen my\u00f6s valitsemallasi sirulla.<\/p>\n<p>Nyky\u00e4\u00e4n vakiona k\u00e4ytt\u00f6tunnisteita ovat: EM4200, Mifare1k, Mifare1k:n ja EM4200:n yhdistelm\u00e4, Mifare4k, Mifare4k:n ja EM4200:n yhdistelm\u00e4 sek\u00e4 DESFire,<\/p>\n<p>voit r\u00e4\u00e4t\u00e4l\u00f6id\u00e4 ratkaisusi tarpeidesi mukaan.<\/p>\n<p>Ymm\u00e4rr\u00e4mme, kuinka t\u00e4rke\u00e4\u00e4 on toimittaa korkealaatuisia RFID-tunnisteita, jotka vastaavat t\u00e4m\u00e4n p\u00e4iv\u00e4n vaatimuksia ja odotuksia.<\/p>\n<p>Siksi pyrimme tarjoamaan parasta tekniikkaa ja yhteensopivuutta j\u00e4rjestelmienne turvallisuuden ja tehokkuuden parantamiseksi.<\/p>\n<h3><strong>Mukautettu ainutlaatuisiin projekteihin - Kombi-tunniste<\/strong><\/h3>\n<p>RFID-tunnisteemme etuja ovat yhteensopivuus eri j\u00e4rjestelmien\/teknologioiden kanssa sek\u00e4 mahdollisuus r\u00e4\u00e4t\u00e4l\u00f6id\u00e4 tunnisteet sopimaan ainutlaatuisiin projekteihin.<\/p>\n<p>Voimme ohjelmoida ja integroida erilaisia siruja vastaamaan erityisi\u00e4 sovellusvaatimuksia ja luoda r\u00e4\u00e4t\u00e4l\u00f6ityj\u00e4 ratkaisuja.<\/p>\n<p>Ota yhteytt\u00e4 jo t\u00e4n\u00e4\u00e4n keskustellaksesi projekti-ideoistasi ja saadaksesi r\u00e4\u00e4t\u00e4l\u00f6idyn RFID-tunnisteratkaisun tarpeisiisi.<\/p>\n<h5><strong>Nopea toimitus ja aina varastossa<\/strong><\/h5>\n<p>\u201cABS Pro\u201d RFID-avaimenper\u00e4 on aina varastossa yli 80 000 kappaletta 6 v\u00e4riss\u00e4 (punainen, sininen, valkoinen, musta, vihre\u00e4, keltainen) ja eri siruilla.<\/p>\n<p>Laserkoneidemme ja ohjelmistojemme avulla voit valita logon ja yksil\u00f6llisen numeron kaiverrukseen toimituksen kanssa 1-3 p\u00e4iv\u00e4n sis\u00e4ll\u00e4.<\/p>\n<h3>Kuten aina! Yhdistelm\u00e4lappu alkuper\u00e4isell\u00e4 sirulla alkaen<a href=\"https:\/\/www.nxp.com\/\" rel=\"noopener\"> NXP<\/a> ja <a href=\"https:\/\/www.emmicroelectronic.com\/\" rel=\"noopener\">EM Microelectronics.<\/a><\/h3>\n<p><strong>Sopii kaikkeen ja kaikille!<\/strong><\/p>\n<ul>\n<li>Pass-j\u00e4rjestelm\u00e4<\/li>\n<li>Vierailijaj\u00e4rjestelm\u00e4<\/li>\n<li>Varaus<\/li>\n<li>H\u00e4lytys ja turvaj\u00e4rjestelm\u00e4<\/li>\n<\/ul>\n<p><strong>&quot;ABS Pron&quot; edut<\/strong><\/p>\n<ul>\n<li>Vankka rakenne ABS-materiaalista<\/li>\n<li>Ohut profiili vain 2,9 mm<\/li>\n<li>Mahdollisuus kaivertaa vakionumero tai sis\u00e4llytt\u00e4\u00e4 logo<\/li>\n<li>Laaja valikoima siruvaihtoehtoja eri tarpeisiin ja aina varastossa.<\/li>\n<\/ul>","protected":false},"excerpt":{"rendered":"<p>Suosituin RFID-tunniste &quot;ABS Pro&quot; \u2013 t\u00e4ydellinen ratkaisu turva- ja tunnistusj\u00e4rjestelmiin. T\u00e4ss\u00e4 kaksinkertainen siru yhdistelm\u00e4tunnisteessa: EM4200+Mifare4k-siru. Kaiverretut numerot p\u00e4\u00e4syj\u00e4rjestelm\u00e4\u00e4 varten. Tunniste on vain 2,9 mm paksu, valmistettu kovasta ABS-materiaalista, ja siin\u00e4 on tyylik\u00e4s pinta, joka sopii minne tahansa. T\u00e4m\u00e4 tuote on sertifioitu NXP\u00ae:lt\u00e4, maailmanlaajuiselta teknologiayritykselt\u00e4, jonka p\u00e4\u00e4konttori on Hollannissa. NXP\u00ae on erikoistunut RFID:hen ja NFC:hen ja tarjoaa valikoiman tuotteita tietoturvaan, liitett\u00e4vyyteen ja sulautettuihin ratkaisuihin.<\/p>","protected":false},"featured_media":163697,"template":"","meta":{"_acf_changed":false},"product_brand":[],"product_cat":[1340,4787],"product_tag":[2074,4146,2958,2991],"class_list":{"0":"post-57615","1":"product","2":"type-product","3":"status-publish","4":"has-post-thumbnail","6":"product_cat-rfid-tagg-abs-pro","7":"product_cat-mifare4kem4200-tagg","8":"product_tag-ej-lagerfraga","9":"product_tag-nxp","10":"product_tag-stonehouse-produkt","11":"product_tag-std-nr-taggar","12":"product_shipping_class-postnord-varubrev","13":"pa_brands-stonehouse-security","14":"pa_chip-teknik-kombi-em4200mifare4k","15":"pa_farg-gron","16":"tm-has-options","18":"first","19":"instock","20":"sale","21":"featured","22":"taxable","23":"shipping-taxable","24":"purchasable","25":"product-type-simple"},"acf":[],"_links":{"self":[{"href":"https:\/\/secureus.se\/fi\/wp-json\/wp\/v2\/product\/57615","targetHints":{"allow":["GET"]}}],"collection":[{"href":"https:\/\/secureus.se\/fi\/wp-json\/wp\/v2\/product"}],"about":[{"href":"https:\/\/secureus.se\/fi\/wp-json\/wp\/v2\/types\/product"}],"wp:featuredmedia":[{"embeddable":true,"href":"https:\/\/secureus.se\/fi\/wp-json\/wp\/v2\/media\/163697"}],"wp:attachment":[{"href":"https:\/\/secureus.se\/fi\/wp-json\/wp\/v2\/media?parent=57615"}],"wp:term":[{"taxonomy":"product_brand","embeddable":true,"href":"https:\/\/secureus.se\/fi\/wp-json\/wp\/v2\/product_brand?post=57615"},{"taxonomy":"product_cat","embeddable":true,"href":"https:\/\/secureus.se\/fi\/wp-json\/wp\/v2\/product_cat?post=57615"},{"taxonomy":"product_tag","embeddable":true,"href":"https:\/\/secureus.se\/fi\/wp-json\/wp\/v2\/product_tag?post=57615"}],"curies":[{"name":"wp","href":"https:\/\/api.w.org\/{rel}","templated":true}]}}