{"id":58387,"date":"2022-07-10T12:50:32","date_gmt":"2022-07-10T10:50:32","guid":{"rendered":"https:\/\/secureus.se\/produkt\/sticker-pvc-25-mm-sjalvhaftande-em4200-nummer\/"},"modified":"2025-12-31T20:27:09","modified_gmt":"2025-12-31T19:27:09","slug":"rfid-stickers-pvc-25-mm-sjalvhaftande-em4200-nummer","status":"publish","type":"product","link":"https:\/\/secureus.se\/fi\/rfid-stickers-pvc-25-mm-sjalvhaftande-em4200-nummer\/","title":{"rendered":"RFID-tarrat PVC 25 mm Itseliimautuva EM4200 + numero"},"content":{"rendered":"<p>Voidaan liimata suoraan metallikoteloihin.<\/p>\n<p>Materiaali PVC Mitat Halkaisija 25mm yksisirulle ja 30mm yhdistelm\u00e4piirille.<\/p>\n<p>Paksuus 1.25mm\u00b11mm 25mm, 1.57mm\u00b11mm 30mm.<\/p>\n<p>Siru EM4200, Mifare 1k, Desfire siru, EM4200+Mifare 1k siru Taajuus 125khz, 13.56mhz.<\/p>\n<p>Lukuet\u00e4isyys 1-4 cm riippuu lukijasta ja ymp\u00e4rist\u00f6st\u00e4. Saatavana painetuilla numeroilla ja j\u00e4rjestelm\u00e4numeroilla tai ilman.<\/p>\n<p>Mahdollisuus laittaa epoksikerroksia p\u00e4\u00e4lle.<\/p>\n<div>\n<div>\n<div data-tid=\"messageBodyContainer\">\n<div data-tid=\"messageBodyContent\">\n<div>\n<div>\n<div>Tarra on halpa ja hyv\u00e4 tuote alkuper\u00e4isell\u00e4 sirulla kaikkiin sovelluksiin.<\/div>\n<\/div>\n<\/div>\n<\/div>\n<\/div>\n<\/div>\n<\/div>","protected":false},"excerpt":{"rendered":"<p>Voidaan liimata suoraan metallikoteloihin. Materiaali PVC. Mitat Halkaisija 25mm yksisirulle ja 30mm yhdistelm\u00e4sirulle. Paksuus 1.25mm\u00b11mm 25mm, 1.57mm\u00b11mm 30mm. Siru EM4200, Mifare 1k, Desfire siru, EM4200+Mifare 1k siru Taajuus 125khz, 13.56mhz.<\/p>","protected":false},"featured_media":142053,"template":"","meta":{"_acf_changed":false},"product_brand":[],"product_cat":[1357],"product_tag":[2958],"class_list":{"0":"post-58387","1":"product","2":"type-product","3":"status-publish","4":"has-post-thumbnail","6":"product_cat-rfid-sticker","7":"product_tag-stonehouse-produkt","8":"product_shipping_class-postnord-varubrev","9":"pa_brands-stonehouse-security","10":"pa_farg-vit","11":"tm-no-options","13":"first","14":"instock","15":"sale","16":"featured","17":"taxable","18":"shipping-taxable","19":"purchasable","20":"product-type-simple"},"acf":[],"_links":{"self":[{"href":"https:\/\/secureus.se\/fi\/wp-json\/wp\/v2\/product\/58387","targetHints":{"allow":["GET"]}}],"collection":[{"href":"https:\/\/secureus.se\/fi\/wp-json\/wp\/v2\/product"}],"about":[{"href":"https:\/\/secureus.se\/fi\/wp-json\/wp\/v2\/types\/product"}],"wp:featuredmedia":[{"embeddable":true,"href":"https:\/\/secureus.se\/fi\/wp-json\/wp\/v2\/media\/142053"}],"wp:attachment":[{"href":"https:\/\/secureus.se\/fi\/wp-json\/wp\/v2\/media?parent=58387"}],"wp:term":[{"taxonomy":"product_brand","embeddable":true,"href":"https:\/\/secureus.se\/fi\/wp-json\/wp\/v2\/product_brand?post=58387"},{"taxonomy":"product_cat","embeddable":true,"href":"https:\/\/secureus.se\/fi\/wp-json\/wp\/v2\/product_cat?post=58387"},{"taxonomy":"product_tag","embeddable":true,"href":"https:\/\/secureus.se\/fi\/wp-json\/wp\/v2\/product_tag?post=58387"}],"curies":[{"name":"wp","href":"https:\/\/api.w.org\/{rel}","templated":true}]}}