{"id":58433,"date":"2022-10-10T11:38:02","date_gmt":"2022-10-10T09:38:02","guid":{"rendered":"https:\/\/secureus.se\/produkt\/radiomottagare-jck312\/"},"modified":"2025-12-31T20:30:26","modified_gmt":"2025-12-31T19:30:26","slug":"radiomottagare-jck311-2","status":"publish","type":"product","link":"https:\/\/secureus.se\/fi\/radiomottagare-jck311-2\/","title":{"rendered":"Radiovastaanotin JCK311"},"content":{"rendered":"<h1>Radiovastaanotin JCK311<\/h1>\n<h2>JCK311<\/h2>\n<p>Radiovastaanotin, jossa mahdollisuus ohjelmoida 85 l\u00e4hetint\u00e4.<span class=\"Apple-converted-space\">\u00a0Tuotteessa on e<\/span>n Relel\u00e4ht\u00f6, joka toimii pulssi- tai aikaohjauksella.<span class=\"Apple-converted-space\">\u00a0<\/span><\/p>\n<p>Vastaanotin on asetettu vakiona 12 VAC\/DC sy\u00f6tt\u00f6j\u00e4nnitteelle. 24VAC\/DC-sy\u00f6tt\u00f6\u00e4 varten hyppyjohdin poistetaan. Katso tarkempi kuvaus liitteen\u00e4 olevista asennusohjeista.<\/p>\n<ul>\n<li>Sy\u00f6tt\u00f6j\u00e4nnite: 12\/24 VAC\/DC<span class=\"Apple-converted-space\">\u00a0<\/span><\/li>\n<li>Taajuus: 433,92 MHz<span class=\"Apple-converted-space\">\u00a0<\/span><\/li>\n<li>Mitat: (PxL x K) 50 x 32 x 20 mm<\/li>\n<\/ul>\n<h2>JCK312<\/h2>\n<p>Radiovastaanotin, jossa mahdollisuus ohjelmoida 100 l\u00e4hetint\u00e4.<span class=\"Apple-converted-space\">\u00a0<\/span>Kaksi relel\u00e4ht\u00f6\u00e4 ohjelmoitavissa pulssi-, vaihto- tai aikaohjatuksi.<span class=\"Apple-converted-space\">\u00a0<\/span><\/p>\n<p>Radiovastaanottimessa on valaistu LCD-n\u00e4ytt\u00f6 helppoa ohjelmointia varten.<\/p>\n<ul>\n<li>Sy\u00f6tt\u00f6j\u00e4nnite: 12\/24 VAC\/DC<span class=\"Apple-converted-space\">\u00a0<\/span><\/li>\n<li>Modulaatio: AM\/ASK<span class=\"Apple-converted-space\">\u00a0<\/span><\/li>\n<li>Mitat: (P x L x K) 105 x 45 x 28 mm<span class=\"Apple-converted-space\">\u00a0<\/span><\/li>\n<li>Taajuus 433 MHz<\/li>\n<\/ul>","protected":false},"excerpt":{"rendered":"<p>Radiomottagare JCK311 JCK311 Radiomottagare med m\u00f6jlighet att programmera in 85 s\u00e4ndare.\u00a0Produkten har en rel\u00e4utg\u00e5ng som g\u00e5r med puls- eller tidsstyrning.\u00a0 Mottagaren \u00e4r i standardutf\u00f6rande inst\u00e4lld f\u00f6r 12 VAC\/DC matningssp\u00e4nning. F\u00f6r<\/p>","protected":false},"featured_media":141990,"template":"","meta":{"_acf_changed":false},"product_brand":[],"product_cat":[1422,4707],"product_tag":[],"class_list":{"0":"post-58433","1":"product","2":"type-product","3":"status-publish","4":"has-post-thumbnail","6":"product_cat-armbagskontakter-dorrautomatik","7":"product_cat-tillval-och-tillbehor","8":"product_shipping_class-tunga-paket","9":"pa_brands-jc-kontakter","10":"tm-no-options","12":"first","13":"onbackorder","14":"sale","15":"featured","16":"taxable","17":"shipping-taxable","18":"purchasable","19":"product-type-simple"},"acf":[],"_links":{"self":[{"href":"https:\/\/secureus.se\/fi\/wp-json\/wp\/v2\/product\/58433","targetHints":{"allow":["GET"]}}],"collection":[{"href":"https:\/\/secureus.se\/fi\/wp-json\/wp\/v2\/product"}],"about":[{"href":"https:\/\/secureus.se\/fi\/wp-json\/wp\/v2\/types\/product"}],"wp:featuredmedia":[{"embeddable":true,"href":"https:\/\/secureus.se\/fi\/wp-json\/wp\/v2\/media\/141990"}],"wp:attachment":[{"href":"https:\/\/secureus.se\/fi\/wp-json\/wp\/v2\/media?parent=58433"}],"wp:term":[{"taxonomy":"product_brand","embeddable":true,"href":"https:\/\/secureus.se\/fi\/wp-json\/wp\/v2\/product_brand?post=58433"},{"taxonomy":"product_cat","embeddable":true,"href":"https:\/\/secureus.se\/fi\/wp-json\/wp\/v2\/product_cat?post=58433"},{"taxonomy":"product_tag","embeddable":true,"href":"https:\/\/secureus.se\/fi\/wp-json\/wp\/v2\/product_tag?post=58433"}],"curies":[{"name":"wp","href":"https:\/\/api.w.org\/{rel}","templated":true}]}}