{"id":58437,"date":"2022-10-10T11:34:16","date_gmt":"2022-10-10T09:34:16","guid":{"rendered":"https:\/\/secureus.se\/produkt\/armbagsbrytare-jck108-245mm-3\/"},"modified":"2025-12-31T20:27:32","modified_gmt":"2025-12-31T19:27:32","slug":"armbagskontakt-jck207-245mm","status":"publish","type":"product","link":"https:\/\/secureus.se\/fi\/armbagskontakt-jck207-245mm\/","title":{"rendered":"Kyyn\u00e4rp\u00e4\u00e4liitin JCK207 \u2013 245mm HUOM! Musta &quot;p\u00e4\u00e4tykorkki&quot;"},"content":{"rendered":"<h1>Kulmaliitin JCK207 \u2013 245mm<\/h1>\n<section>JCK207 kuuluu kulmakoskettimien sarjaan, jossa on tasainen painepinta, jossa on nelj\u00e4 kosketusuraa.<\/section>\n<section><\/section>\n<section><\/section>\n<section>Urat toimivat ylim\u00e4\u00e4r\u00e4isen\u00e4 opasteena n\u00e4k\u00f6vammaisille Voit helposti tuntea, mist\u00e4 ovi aukeaa painamalla.<\/section>\n<section><\/section>\n<section>JCK207 on valmistettu hopea-anodisoidusta alumiinista ja siin\u00e4 on tummanharmaat p\u00e4\u00e4tykappaleet. Se toimitetaan 1 mikrokytkimell\u00e4, IP67, mutta voidaan tilata my\u00f6s useammalla.<\/p>\n<\/section>\n<section>\n<h4>Tekniset tiedot<\/h4>\n<ul>\n<li>Valmistettu Ruotsissa.<\/li>\n<li>Materiaali: Alu.6060-T6, POM-muovi (asetaalimuovi).<\/li>\n<li>Mitat vakioversio l\/l\/k: 245x80x23 mm.<\/li>\n<li>Mikrokytkin: Vakio 1kpl NO IP67. Voidaan tilata 2:lla sek\u00e4 NO\/NC:ll\u00e4.<\/li>\n<\/ul>\n<\/section>","protected":false},"excerpt":{"rendered":"<p>Tuotteen mitat: 245 x 80 x 23 mm.<\/p>\n<p>Kyyn\u00e4rp\u00e4\u00e4liitin hopeanv\u00e4rist\u00e4 eloksoitua alumiinia mustalla p\u00e4\u00e4tykappaleella.<\/p>\n<p>Tasainen painelevy, jossa kosketusurat.<\/p>","protected":false},"featured_media":148383,"template":"","meta":{"_acf_changed":false},"product_brand":[],"product_cat":[1422,4706],"product_tag":[2989],"class_list":{"0":"post-58437","1":"product","2":"type-product","3":"status-publish","4":"has-post-thumbnail","6":"product_cat-armbagskontakter-dorrautomatik","7":"product_cat-metall","8":"product_tag-egen-logo-ej-taggar-kort","9":"product_shipping_class-tunga-paket","10":"pa_brands-jc-kontakter","11":"tm-has-options","13":"first","14":"instock","15":"sale","16":"featured","17":"taxable","18":"shipping-taxable","19":"purchasable","20":"product-type-simple"},"acf":[],"_links":{"self":[{"href":"https:\/\/secureus.se\/fi\/wp-json\/wp\/v2\/product\/58437","targetHints":{"allow":["GET"]}}],"collection":[{"href":"https:\/\/secureus.se\/fi\/wp-json\/wp\/v2\/product"}],"about":[{"href":"https:\/\/secureus.se\/fi\/wp-json\/wp\/v2\/types\/product"}],"wp:featuredmedia":[{"embeddable":true,"href":"https:\/\/secureus.se\/fi\/wp-json\/wp\/v2\/media\/148383"}],"wp:attachment":[{"href":"https:\/\/secureus.se\/fi\/wp-json\/wp\/v2\/media?parent=58437"}],"wp:term":[{"taxonomy":"product_brand","embeddable":true,"href":"https:\/\/secureus.se\/fi\/wp-json\/wp\/v2\/product_brand?post=58437"},{"taxonomy":"product_cat","embeddable":true,"href":"https:\/\/secureus.se\/fi\/wp-json\/wp\/v2\/product_cat?post=58437"},{"taxonomy":"product_tag","embeddable":true,"href":"https:\/\/secureus.se\/fi\/wp-json\/wp\/v2\/product_tag?post=58437"}],"curies":[{"name":"wp","href":"https:\/\/api.w.org\/{rel}","templated":true}]}}