{"id":58459,"date":"2022-10-12T12:13:20","date_gmt":"2022-10-12T10:13:20","guid":{"rendered":"https:\/\/secureus.se\/produkt\/uplus-12v-45-ah\/"},"modified":"2026-04-02T11:16:29","modified_gmt":"2026-04-02T09:16:29","slug":"batteri-12v-45ah","status":"publish","type":"product","link":"https:\/\/secureus.se\/fi\/batteri-12v-45ah\/","title":{"rendered":"Akku 12V 45Ah UPLUS 10-12 vuotta Pro-versio"},"content":{"rendered":"<h1>Akku 12V 45ah \/ Akku UPLUS 10-12 vuotta<\/h1>\n<p>UPLUS tarjoaa yhden markkinoiden laajimmasta valikoimasta venttiiliohjattuja AGM-akkuja, joiden suunnitteluik\u00e4 on 10-12 vuotta.<\/p>\n<p>Esimerkkej\u00e4 UPLUS teollisuusakkujen k\u00e4ytt\u00f6alueista ovat savuluukut, p\u00e4\u00e4syj\u00e4rjestelm\u00e4t ja hissien tietoliikennej\u00e4rjestelm\u00e4t.<\/p>\n<p>Mitat mm (PxLxK): 197 x 165 x 170<\/p>\n<p>Paino Kg: 14,50<\/p>\n<p>Akku 12V 45ah UPLUS Longlife akut on kehitetty virtal\u00e4hteeksi, jossa korkea luotettavuus ja pitk\u00e4 k\u00e4ytt\u00f6ik\u00e4 ovat ensisijaisia tarpeita.<\/p>\n<p>Akut testataan useissa vaiheissa valmistusprosessin aikana, jotta ne t\u00e4ytt\u00e4isiv\u00e4t tiukat vaatimukset, joita meriliikenteen k\u00e4ytt\u00e4j\u00e4t asettavat akuilleen.<\/p>\n<p>UPLUS Marine -sarja tarjoaa sek\u00e4 vakioakkuja, jotka toimivat hyvin yleisakuna, ett\u00e4 Deep Cycle -akkuja, jotka on suunniteltu syklisemp\u00e4\u00e4n k\u00e4ytt\u00f6\u00f6n.<\/p>\n<p>Deep Cycle on siksi ilmiselv\u00e4 valinta kuluvaksi akuksi veneiss\u00e4, joissa on paljon kuluttajia ja suuria kuormia.<\/p>\n<p>Suurin osa pohjoismaisista venevalmistajista k\u00e4ytt\u00e4\u00e4 UPLUS:a vakiona, sill\u00e4 k\u00e4ytt\u00f6varmuus on t\u00e4rkeint\u00e4.<\/p>\n<p>Laajan valikoiman avulla on helppo l\u00f6yt\u00e4\u00e4 kulloiseenkin asennukseen tai tasavirtal\u00e4hteeseen parhaiten sopiva akku.<\/p>","protected":false},"excerpt":{"rendered":"<p>AGM Battery 45 AH 10 -12 vuoden k\u00e4ytt\u00f6ik\u00e4 tietoliikenne-, h\u00e4lytys- ja turvaj\u00e4rjestelmiin.<\/p>","protected":false},"featured_media":142602,"template":"","meta":{"_acf_changed":false},"product_brand":[],"product_cat":[1596,2428,1324],"product_tag":[4406],"class_list":{"0":"post-58459","1":"product","2":"type-product","3":"status-publish","4":"has-post-thumbnail","6":"product_cat-ackumulatorer-12v-agm-batterier","7":"product_cat-stromforsorjning-batterier","8":"product_cat-outlet","9":"product_tag-batteri-13-45-ah","10":"product_shipping_class-tunga-paket","11":"pa_brands-uplus","12":"tm-no-options","14":"first","15":"instock","16":"sale","17":"featured","18":"taxable","19":"shipping-taxable","20":"purchasable","21":"product-type-simple"},"acf":[],"_links":{"self":[{"href":"https:\/\/secureus.se\/fi\/wp-json\/wp\/v2\/product\/58459","targetHints":{"allow":["GET"]}}],"collection":[{"href":"https:\/\/secureus.se\/fi\/wp-json\/wp\/v2\/product"}],"about":[{"href":"https:\/\/secureus.se\/fi\/wp-json\/wp\/v2\/types\/product"}],"wp:featuredmedia":[{"embeddable":true,"href":"https:\/\/secureus.se\/fi\/wp-json\/wp\/v2\/media\/142602"}],"wp:attachment":[{"href":"https:\/\/secureus.se\/fi\/wp-json\/wp\/v2\/media?parent=58459"}],"wp:term":[{"taxonomy":"product_brand","embeddable":true,"href":"https:\/\/secureus.se\/fi\/wp-json\/wp\/v2\/product_brand?post=58459"},{"taxonomy":"product_cat","embeddable":true,"href":"https:\/\/secureus.se\/fi\/wp-json\/wp\/v2\/product_cat?post=58459"},{"taxonomy":"product_tag","embeddable":true,"href":"https:\/\/secureus.se\/fi\/wp-json\/wp\/v2\/product_tag?post=58459"}],"curies":[{"name":"wp","href":"https:\/\/api.w.org\/{rel}","templated":true}]}}