{"id":58471,"date":"2022-10-12T12:44:51","date_gmt":"2022-10-12T10:44:51","guid":{"rendered":"https:\/\/secureus.se\/produkt\/uplus-c-12v-200-ah\/"},"modified":"2026-04-02T11:17:32","modified_gmt":"2026-04-02T09:17:32","slug":"batteri-12v-200ah","status":"publish","type":"product","link":"https:\/\/secureus.se\/fi\/batteri-12v-200ah\/","title":{"rendered":"Akku 12V 200Ah UPLUS 10-12 vuotta Pro-versio"},"content":{"rendered":"<h1>Akku 12V 200ah \/ Akku UPLUS 10-12 vuotta<\/h1>\n<p>UPLUS tarjoaa yhden markkinoiden laajimmista korkean suorituskyvyn AGM-akkujen valikoimasta.<\/p>\n<p>UPLUS on useiden vuosien ajan ollut yksi suurimmista laadukkaiden akkujen valmistajista globaaleille markkinoille valmistusteollisuudessa.<\/p>\n<p>Mitat mm (PxLxK): 522 x 240 x 218<\/p>\n<p>Paino Kg: 62,50<\/p>\n<p>Akku 12V 200ah UPLUS Longlife akut on kehitetty virtal\u00e4hteeksi, jossa korkea luotettavuus ja pitk\u00e4 k\u00e4ytt\u00f6ik\u00e4 ovat ensisijaisia tarpeita.<\/p>\n<p>Akut testataan useissa vaiheissa valmistusprosessin aikana, jotta ne t\u00e4ytt\u00e4isiv\u00e4t tiukat vaatimukset, joita meriliikenteen k\u00e4ytt\u00e4j\u00e4t asettavat akuilleen.<\/p>\n<p>UPLUS Marine -sarja tarjoaa sek\u00e4 vakioakkuja, jotka toimivat hyvin yleisakuna, ett\u00e4 Deep Cycle -akkuja, jotka on suunniteltu syklisemp\u00e4\u00e4n k\u00e4ytt\u00f6\u00f6n.<\/p>\n<p>Deep Cycle on siksi ilmiselv\u00e4 valinta kuluvaksi akuksi veneiss\u00e4, joissa on paljon kuluttajia ja suuria kuormia.<\/p>\n<p>Suurin osa pohjoismaisista venevalmistajista k\u00e4ytt\u00e4\u00e4 UPLUS:a vakiona, sill\u00e4 k\u00e4ytt\u00f6varmuus on t\u00e4rkeint\u00e4.<\/p>\n<p>Laajan valikoiman avulla on helppo l\u00f6yt\u00e4\u00e4 kulloiseenkin asennukseen tai tasavirtal\u00e4hteeseen parhaiten sopiva akku.<\/p>","protected":false},"excerpt":{"rendered":"<p>AGM Battery 200 AH 10 -12 vuoden k\u00e4ytt\u00f6ik\u00e4 tietoliikenne-, h\u00e4lytys- ja turvaj\u00e4rjestelmiin.<\/p>","protected":false},"featured_media":141963,"template":"","meta":{"_acf_changed":false},"product_brand":[],"product_cat":[1596,2428],"product_tag":[2182],"class_list":{"0":"post-58471","1":"product","2":"type-product","3":"status-publish","4":"has-post-thumbnail","6":"product_cat-ackumulatorer-12v-agm-batterier","7":"product_cat-stromforsorjning-batterier","8":"product_tag-batteri-46ah-och-uppat","9":"product_shipping_class-tunga-paket","10":"pa_brands-uplus","11":"tm-no-options","13":"first","14":"instock","15":"sale","16":"featured","17":"taxable","18":"shipping-taxable","19":"purchasable","20":"product-type-simple"},"acf":[],"_links":{"self":[{"href":"https:\/\/secureus.se\/fi\/wp-json\/wp\/v2\/product\/58471","targetHints":{"allow":["GET"]}}],"collection":[{"href":"https:\/\/secureus.se\/fi\/wp-json\/wp\/v2\/product"}],"about":[{"href":"https:\/\/secureus.se\/fi\/wp-json\/wp\/v2\/types\/product"}],"wp:featuredmedia":[{"embeddable":true,"href":"https:\/\/secureus.se\/fi\/wp-json\/wp\/v2\/media\/141963"}],"wp:attachment":[{"href":"https:\/\/secureus.se\/fi\/wp-json\/wp\/v2\/media?parent=58471"}],"wp:term":[{"taxonomy":"product_brand","embeddable":true,"href":"https:\/\/secureus.se\/fi\/wp-json\/wp\/v2\/product_brand?post=58471"},{"taxonomy":"product_cat","embeddable":true,"href":"https:\/\/secureus.se\/fi\/wp-json\/wp\/v2\/product_cat?post=58471"},{"taxonomy":"product_tag","embeddable":true,"href":"https:\/\/secureus.se\/fi\/wp-json\/wp\/v2\/product_tag?post=58471"}],"curies":[{"name":"wp","href":"https:\/\/api.w.org\/{rel}","templated":true}]}}