{"id":63345,"date":"2022-10-25T16:42:58","date_gmt":"2022-10-25T14:42:58","guid":{"rendered":"https:\/\/secureus.se\/?post_type=product&#038;p=63345"},"modified":"2026-03-31T13:27:28","modified_gmt":"2026-03-31T11:27:28","slug":"tagg-em4200-bla-abs-plus","status":"publish","type":"product","link":"https:\/\/secureus.se\/fi\/tagg-em4200-bla-abs-plus\/","title":{"rendered":"EM4200 ABS PLUS Sininen - 3,9 mm (EM 125 kHz)"},"content":{"rendered":"<h1>EM4200 ABS PLUS \u2013 3,9 mm (EM 125 kHz)<\/h1>\n<p><strong>Eritt\u00e4in kest\u00e4v\u00e4 klassikko \u2013 kun sen todella t\u00e4ytyy kest\u00e4\u00e4.<\/strong><br \/>\n3,9 mm kovaa ABS-muovia, alkuper\u00e4inen siru ja varastossa 6 v\u00e4riss\u00e4. T\u00e4ydellinen vaativiin ymp\u00e4rist\u00f6ihin ja kun haluat hieman suuremman pinnan kaiverrukselle tai v\u00e4rilliselle logolle.<\/p>\n<div style=\"background: #f4f9ff;border: 2px solid #0066cc;border-radius: 12px;padding: 20px;margin: 30px 0;text-align: center\">\n<h3 style=\"margin: 0 0 12px 0;color: #003366\">Etk\u00f6 ole varma, onko sinulla EM vai Mifare?<\/h3>\n<p style=\"margin: 8px 0;font-size: 1.05em;color: #333\">Kokeile molempia tekniikoita kotona vain <strong>69 kruunua<\/strong><br \/>\nRahat takaisin, kun ostat my\u00f6hemmin 100 tai enemm\u00e4n<\/p>\n<p><a style=\"display: inline-block;background: #0066cc;color: white;font-weight: bold;padding: 14px 32px;border-radius: 8px;text-decoration: none;margin: 15px 0;font-size: 1.1em\" href=\"\/fi\/testtagg-em-mifare\/\" target=\"_blank\" rel=\"noopener\">Osta testilappu nyt - 69 kr<br \/>\n<\/a><\/p>\n<p style=\"margin: 8px 0 0;font-size: 0.9em;color: #555\">Sis\u00e4lt\u00e4\u00e4 luettelon kaikista yleisist\u00e4 ruotsalaisista j\u00e4rjestelm\u00e4numeroista \u2219 Ilmainen toimitus<\/p>\n<\/div>\n<h2>Yhteensopivat j\u00e4rjestelm\u00e4t ja yleisimm\u00e4t EM-etuliitteet<\/h2>\n<table style=\"width: 100%;border-collapse: collapse;font-size: 0.96em;margin: 20px 0\">\n<tbody>\n<tr style=\"background: #f5f5f5\">\n<th style=\"text-align: left;padding: 10px\">J\u00e4rjestelm\u00e4<\/th>\n<th style=\"text-align: left;padding: 10px\">Yleisin etuliite<\/th>\n<\/tr>\n<tr>\n<td style=\"padding: 10px\">Aptus<\/td>\n<td><strong>A<\/strong> + numero<\/td>\n<\/tr>\n<tr style=\"background: #f9f9f9\">\n<td>ASSA ARX \/ Solid \/ Entro<\/td>\n<td><strong>S<\/strong> + numero<\/td>\n<\/tr>\n<tr>\n<td>Axema AWAKE<\/td>\n<td><strong>V<\/strong> + numero<\/td>\n<\/tr>\n<tr style=\"background: #f9f9f9\">\n<td>Axema (muu)<\/td>\n<td><strong>KORVA<\/strong> + numero<\/td>\n<\/tr>\n<tr>\n<td>Paxton<\/td>\n<td><strong>P<\/strong> + numero<\/td>\n<\/tr>\n<tr style=\"background: #f9f9f9\">\n<td>RCO:n turvallisuus<\/td>\n<td><strong>R<\/strong> + numero<\/td>\n<\/tr>\n<tr>\n<td>Ajastin<\/td>\n<td><strong>T<\/strong> + numero<\/td>\n<\/tr>\n<tr style=\"background: #f9f9f9\">\n<td>Vanderbilt\/Bewator Entro (8 numeroa)<\/td>\n<td><strong>B<\/strong> + numero<\/td>\n<\/tr>\n<tr>\n<td>Vanderbilt\/Bewator Omnis \/ 2010 (13 numeroa)<\/td>\n<td><strong>B<\/strong> + numero<\/td>\n<\/tr>\n<tr style=\"background: #f5f5f5\">\n<td>Oma tai muu j\u00e4rjestelm\u00e4<\/td>\n<td>Sy\u00f6t\u00e4 mik\u00e4 tahansa etuliite<\/td>\n<\/tr>\n<\/tbody>\n<\/table>\n<h2>Miksi ammattilaiset valitsevat ABS PLUSin<\/h2>\n<ul>\n<li>Eritt\u00e4in kest\u00e4v\u00e4 <strong>3,9 mm<\/strong> kova ABS<\/li>\n<li>Suurempi hauta-alue - t\u00e4ydellinen v\u00e4rilliselle logolle.<\/li>\n<li>Alkuper\u00e4inen siru EM Microelectronicilta<\/li>\n<li>Yli 30 000 kpl varastossa 6 v\u00e4riss\u00e4<\/li>\n<\/ul>\n<h2>Mukauta juuri haluamallasi tavalla<\/h2>\n<p>Napsauta &quot;Mukauta tuotetta&quot; ja valitse:<\/p>\n<ul>\n<li>Sarjanumero (sy\u00f6t\u00e4 aloitusnumero)<\/li>\n<li>Oma etuliite + numero (katso yll\u00e4 oleva taulukko)<\/li>\n<li>Laserkaiverrus tai v\u00e4rillinen logo<\/li>\n<li>Desimaali-, heksa- tai sirumuotoinen yksil\u00f6llinen UID<\/li>\n<\/ul>\n<p>\u2714\ufe0f Oikolue logot ja suuremmat tilaukset aina ennen tuotantoa<\/p>\n<h2>Tekniset tiedot<\/h2>\n<table style=\"width: 100%;border-collapse: collapse;margin: 20px 0\">\n<tbody>\n<tr>\n<td><strong>siru<\/strong><\/td>\n<td>EM4200 alkuper\u00e4inen (EM Microelectronic)<\/td>\n<\/tr>\n<tr>\n<td><strong>Taajuus<\/strong><\/td>\n<td>125 kHz<\/td>\n<\/tr>\n<tr>\n<td><strong>Tekniikka<\/strong><\/td>\n<td>EM (ei Mifare)<\/td>\n<\/tr>\n<tr>\n<td><strong>Materiaali<\/strong><\/td>\n<td>Kova ABS-muovi<\/td>\n<\/tr>\n<tr>\n<td><strong>Paksuus<\/strong><\/td>\n<td>3,9 mm<\/td>\n<\/tr>\n<tr>\n<td><strong>Vakionumero<\/strong><\/td>\n<td>Valinnainen \/ tyhj\u00e4<\/td>\n<\/tr>\n<tr>\n<td><strong>Kaiverrus<\/strong><\/td>\n<td>Numero \u2219 sarjanumero \u2219 logo \u2219 etuliite<\/td>\n<\/tr>\n<tr>\n<td><strong>v\u00e4rit<\/strong><\/td>\n<td>Musta \u2219 valkoinen \u2219 punainen \u2219 sininen \u2219 vihre\u00e4 \u2219 keltainen<\/td>\n<\/tr>\n<\/tbody>\n<\/table>\n<h2>Toimitus ja tuki<\/h2>\n<ul>\n<li>Yleens\u00e4 <strong>1\u20133 arkip\u00e4iv\u00e4\u00e4<\/strong><\/li>\n<li><strong>Ilmainen toimitus<\/strong> yli 1000 kruunua<\/li>\n<li>Aina yli 30 000 kappaletta varastossa<\/li>\n<\/ul>","protected":false},"excerpt":{"rendered":"<p><strong>EM4200 ABS PLUS - vankka 3,9 mm (vain EM 125 kHz)<\/strong><\/p>\n<p>Eritt\u00e4in kest\u00e4v\u00e4 malli \u2219 Alkuper\u00e4inen EM-mikroelektroniikkasiru<br \/>\nT\u00e4ydellinen kaiverrukselle, logolle tai valinnaisille numeroille.<\/p>\n<p style=\"color: #d32f2f;font-size: 0.95em;margin-top: 8px\">\u26a0\ufe0f Works <strong>ei<\/strong> Mifare-j\u00e4rjestelmiss\u00e4<\/p>","protected":false},"featured_media":163701,"template":"","meta":{"_acf_changed":false},"product_brand":[],"product_cat":[1337,4783,2354],"product_tag":[2074,2433,2430,2095,2958],"class_list":{"0":"post-63345","1":"product","2":"type-product","3":"status-publish","4":"has-post-thumbnail","6":"product_cat-rfid-tagg-abs-plus","7":"product_cat-em4200-tagg","8":"product_cat-rfid-taggar","9":"product_tag-ej-lagerfraga","10":"product_tag-em4200-standard-blank-alpha","11":"product_tag-em4200-standard-blank-dtc","12":"product_tag-rfid-500","13":"product_tag-stonehouse-produkt","14":"product_shipping_class-postnord-varubrev","15":"pa_brands-stonehouse-security","16":"pa_chip-teknik-em4200-kompatibelt-med-4100-4102-och-4305","17":"pa_color-bla","18":"pa_farg-bla","19":"pa_pro-larmsystem-aptus","20":"pa_pro-larmsystem-assa-abs-pro-system","21":"pa_pro-larmsystem-axema","22":"pa_pro-larmsystem-axema-vaka","23":"pa_pro-larmsystem-blank-inga-nummer","24":"pa_pro-larmsystem-cdvi","25":"pa_pro-larmsystem-decimala-nummer","26":"pa_pro-larmsystem-enstaka-siffror-valfria","27":"pa_pro-larmsystem-hexadecimal-nummer","28":"pa_pro-larmsystem-lopnummer-valfria","29":"pa_pro-larmsystem-paxton","30":"pa_pro-larmsystem-rco-abs-pro-system","31":"pa_pro-larmsystem-tidomat","32":"pa_pro-larmsystem-vanderbilt-bewator-entro-8-siffror","33":"pa_pro-larmsystem-vanderbilt-bewator-omnis-bewator-2010-13-siffror","34":"tm-has-options","36":"first","37":"instock","38":"sale","39":"featured","40":"taxable","41":"shipping-taxable","42":"purchasable","43":"product-type-simple"},"acf":[],"_links":{"self":[{"href":"https:\/\/secureus.se\/fi\/wp-json\/wp\/v2\/product\/63345","targetHints":{"allow":["GET"]}}],"collection":[{"href":"https:\/\/secureus.se\/fi\/wp-json\/wp\/v2\/product"}],"about":[{"href":"https:\/\/secureus.se\/fi\/wp-json\/wp\/v2\/types\/product"}],"wp:featuredmedia":[{"embeddable":true,"href":"https:\/\/secureus.se\/fi\/wp-json\/wp\/v2\/media\/163701"}],"wp:attachment":[{"href":"https:\/\/secureus.se\/fi\/wp-json\/wp\/v2\/media?parent=63345"}],"wp:term":[{"taxonomy":"product_brand","embeddable":true,"href":"https:\/\/secureus.se\/fi\/wp-json\/wp\/v2\/product_brand?post=63345"},{"taxonomy":"product_cat","embeddable":true,"href":"https:\/\/secureus.se\/fi\/wp-json\/wp\/v2\/product_cat?post=63345"},{"taxonomy":"product_tag","embeddable":true,"href":"https:\/\/secureus.se\/fi\/wp-json\/wp\/v2\/product_tag?post=63345"}],"curies":[{"name":"wp","href":"https:\/\/api.w.org\/{rel}","templated":true}]}}