{"id":67604,"date":"2022-11-14T16:28:06","date_gmt":"2022-11-14T15:28:06","guid":{"rendered":"https:\/\/secureus.se\/produkt\/satel-programmerings-kabel-for-ex-gsm-sandare\/"},"modified":"2025-12-31T20:29:02","modified_gmt":"2025-12-31T19:29:02","slug":"satel-programmerings-kabel","status":"publish","type":"product","link":"https:\/\/secureus.se\/fi\/satel-programmerings-kabel\/","title":{"rendered":"Satelliittiohjelmointikaapeli"},"content":{"rendered":"<h1>Satel-ohjelmointikaapeli - Helppo liit\u00e4nt\u00e4 SATEL-tuotteiden ohjelmointiin<\/h1>\n<p>Yksinkertaista ohjelmointia <strong>SATEL-yksik\u00f6t<\/strong> t\u00e4m\u00e4n kanssa <strong>USB-RS232 ohjelmointikaapeli<\/strong>.<\/p>\n<p>Kaapeli on suunniteltu mahdollistamaan helppo yhteys SATEL-tuotteiden ja tietokoneiden v\u00e4lill\u00e4, mik\u00e4 tekee konfiguroinnista ja ohjelmoinnista nopeaa ja tehokasta.<\/p>\n<h5>P\u00e4\u00e4toiminnot<\/h5>\n<ul>\n<li><strong>USB-RS232 muunnin<\/strong>: Mahdollistaa SATEL-laitteiden liitt\u00e4misen tietokoneeseen USB:n kautta.<\/li>\n<li><strong>Yhteensopivuus<\/strong>: Sopii laitteisiin, joissa on RS-232- tai RS-232 (TTL) -portit, mukaan lukien GSM- ja h\u00e4lytysl\u00e4hettimet.<\/li>\n<li><strong>Monitoiminen<\/strong>: T\u00e4ydellinen SATEL-radio-ohjaimien ja kaukol\u00e4hettimien ohjelmointiin.<\/li>\n<li><strong>Helppok\u00e4ytt\u00f6inen muotoilu<\/strong>: Mukana nelj\u00e4 kaapelia, jotka on p\u00e4\u00e4tetty sopivilla pistokkeilla.<\/li>\n<\/ul>\n<h5>Edut<\/h5>\n<ul>\n<li><strong>Nopea ohjelmointi<\/strong>: Virtaviivaistaa SATEL-tuotteiden asennusta sujuvan toiminnan takaamiseksi.<\/li>\n<li><strong>Joustavuus<\/strong>: Yhteensopiva useiden eri laitteiden ja porttien kanssa.<\/li>\n<li><strong>Yksinkertainen k\u00e4ytt\u00f6<\/strong>: Plug-and-play-toiminto USB-tyypin B-liit\u00e4nn\u00e4ll\u00e4.<\/li>\n<\/ul>\n<h5>K\u00e4ytt\u00f6alueet<\/h5>\n<ul>\n<li><strong>GSM ja h\u00e4lytysl\u00e4hetin<\/strong>: Ohjelmoi ja konfiguroi nopeasti ja helposti.<\/li>\n<li><strong>Radioohjaimet<\/strong>: Varmista SATEL-radiovastaanottimien optimaalinen toiminta.<\/li>\n<li><strong>Kaukol\u00e4hetin<\/strong>: Tee et\u00e4laitteiden ohjelmoinnista vaivatonta.<\/li>\n<\/ul>\n<p>Kanssa <strong>Satelliittiohjelmointikaapeli<\/strong> saat sellaisen <strong>luotettava ja tehokas ratkaisu<\/strong> SATEL-laitteiden hallintaan, t\u00e4ydellinen sek\u00e4 ammatti- ett\u00e4 yksityisk\u00e4ytt\u00f6\u00f6n.<\/p>","protected":false},"excerpt":{"rendered":"<p>Tehokas ohjelmointikaapeli SATEL-tuotteisiin.<\/p>\n<p>Liit\u00e4 GSM- ja h\u00e4lytysl\u00e4hettimet tietokoneeseesi USB-RS232-muunnoksen avulla nopeaa ohjelmointia varten.<\/p>","protected":false},"featured_media":142085,"template":"","meta":{"_acf_changed":false},"product_brand":[],"product_cat":[1551],"product_tag":[2251],"class_list":{"0":"post-67604","1":"product","2":"type-product","3":"status-publish","4":"has-post-thumbnail","6":"product_cat-larmoverforing","7":"product_tag-larmoverforing-4g-sandare","8":"product_shipping_class-postnord-varubrev","9":"pa_brands-satel","10":"tm-no-options","12":"first","13":"onbackorder","14":"sale","15":"featured","16":"taxable","17":"shipping-taxable","18":"purchasable","19":"product-type-simple"},"acf":[],"_links":{"self":[{"href":"https:\/\/secureus.se\/fi\/wp-json\/wp\/v2\/product\/67604","targetHints":{"allow":["GET"]}}],"collection":[{"href":"https:\/\/secureus.se\/fi\/wp-json\/wp\/v2\/product"}],"about":[{"href":"https:\/\/secureus.se\/fi\/wp-json\/wp\/v2\/types\/product"}],"wp:featuredmedia":[{"embeddable":true,"href":"https:\/\/secureus.se\/fi\/wp-json\/wp\/v2\/media\/142085"}],"wp:attachment":[{"href":"https:\/\/secureus.se\/fi\/wp-json\/wp\/v2\/media?parent=67604"}],"wp:term":[{"taxonomy":"product_brand","embeddable":true,"href":"https:\/\/secureus.se\/fi\/wp-json\/wp\/v2\/product_brand?post=67604"},{"taxonomy":"product_cat","embeddable":true,"href":"https:\/\/secureus.se\/fi\/wp-json\/wp\/v2\/product_cat?post=67604"},{"taxonomy":"product_tag","embeddable":true,"href":"https:\/\/secureus.se\/fi\/wp-json\/wp\/v2\/product_tag?post=67604"}],"curies":[{"name":"wp","href":"https:\/\/api.w.org\/{rel}","templated":true}]}}