{"id":67606,"date":"2022-11-14T16:34:02","date_gmt":"2022-11-14T15:34:02","guid":{"rendered":"https:\/\/secureus.se\/produkt\/ackumulator-6-volt-3-4ah-agility-ny-version-mer-kraft\/"},"modified":"2026-04-02T11:32:02","modified_gmt":"2026-04-02T09:32:02","slug":"batteri-6v-34-ah","status":"publish","type":"product","link":"https:\/\/secureus.se\/fi\/batteri-6v-34-ah\/","title":{"rendered":"Akku 6 V 3,4 Ah"},"content":{"rendered":"<h1>Akku 6V 3,4Ah<\/h1>\n<p data-start=\"434\" data-end=\"817\">6 V 3,4 Ah:n akku on t\u00e4rke\u00e4 osa h\u00e4lytys- ja televiestint\u00e4j\u00e4rjestelmi\u00e4, jotka vaativat turvallisen ja vakaan virransy\u00f6t\u00f6n.<\/p>\n<p data-start=\"434\" data-end=\"817\">T\u00e4m\u00e4 akku on erityisen hy\u00f6dyllinen Agility-h\u00e4lyttimille ja muille j\u00e4rjestelmille, jotka k\u00e4ytt\u00e4v\u00e4t 6 V:n virtal\u00e4hteit\u00e4.<\/p>\n<p data-start=\"434\" data-end=\"817\">Jotta j\u00e4rjestelm\u00e4ll\u00e4 olisi aina luotettava varavirtal\u00e4hde, on suositeltavaa vaihtaa akku noin kolmen vuoden v\u00e4lein sen nykyisest\u00e4 tilasta riippumatta.<\/p>\n<p data-start=\"819\" data-end=\"1097\">Agility-h\u00e4lytysj\u00e4rjestelm\u00e4n ohjauspaneeli testaa s\u00e4\u00e4nn\u00f6llisesti akun toiminnan varmistaen, ett\u00e4 se on aina toimintakunnossa silloin, kun sit\u00e4 eniten tarvitaan.<\/p>\n<p data-start=\"819\" data-end=\"1097\">N\u00e4in voit olla varma, ett\u00e4 h\u00e4lytysj\u00e4rjestelm\u00e4si toimii oikein ja on valmiina mahdollisiin h\u00e4t\u00e4tilanteisiin.<\/p>\n<p data-start=\"1099\" data-end=\"1466\">Akku on huoltovapaa, joten sit\u00e4 on helppo k\u00e4ytt\u00e4\u00e4 ja asentaa.<\/p>\n<p data-start=\"1099\" data-end=\"1466\">Kompaktien mittojensa (134x34x66 mm) ja vain 0,635 kg:n painonsa ansiosta se on helppo asentaa erilaisiin h\u00e4lytysj\u00e4rjestelmiin ja turvaj\u00e4rjestelmiin.<\/p>\n<p data-start=\"1099\" data-end=\"1466\">Sen pitk\u00e4ik\u00e4inen ja luotettava suorituskyky tekee siit\u00e4 erinomaisen valinnan kaikenlaisiin h\u00e4lytys- ja tietoliikennej\u00e4rjestelmiin, joissa vaaditaan korkeinta luotettavuutta.<\/p>\n<p data-start=\"1468\" data-end=\"1498\"><strong data-start=\"1468\" data-end=\"1496\">P\u00e4\u00e4ominaisuudet:<\/strong><\/p>\n<ul data-start=\"1499\" data-end=\"1776\">\n<li data-start=\"1499\" data-end=\"1519\">\n<p data-start=\"1501\" data-end=\"1519\"><strong data-start=\"1501\" data-end=\"1514\">J\u00e4nnite:<\/strong> 6V<\/p>\n<\/li>\n<li data-start=\"1520\" data-end=\"1545\">\n<p data-start=\"1522\" data-end=\"1545\"><strong data-start=\"1522\" data-end=\"1536\">Kapasiteetti:<\/strong> 3,4 Ah<\/p>\n<\/li>\n<li data-start=\"1546\" data-end=\"1587\">\n<p data-start=\"1548\" data-end=\"1587\"><strong data-start=\"1548\" data-end=\"1560\">Koko:<\/strong> 134 x 34 x 66 mm (P x L x K)<\/p>\n<\/li>\n<li data-start=\"1588\" data-end=\"1610\">\n<p data-start=\"1590\" data-end=\"1610\"><strong data-start=\"1590\" data-end=\"1599\">Paino:<\/strong> 0,635 kg<\/p>\n<\/li>\n<li data-start=\"1611\" data-end=\"1671\">\n<p data-start=\"1613\" data-end=\"1671\"><strong data-start=\"1613\" data-end=\"1628\">K\u00e4ytt\u00e4\u00e4:<\/strong> H\u00e4lytys- ja tietoliikennej\u00e4rjestelm\u00e4t, Agility-h\u00e4lyttimet<\/p>\n<\/li>\n<li data-start=\"1672\" data-end=\"1699\">\n<p data-start=\"1674\" data-end=\"1699\"><strong data-start=\"1674\" data-end=\"1694\">Huoltovapaa:<\/strong> Kyll\u00e4<\/p>\n<\/li>\n<li data-start=\"1700\" data-end=\"1732\">\n<p data-start=\"1702\" data-end=\"1732\"><strong data-start=\"1702\" data-end=\"1716\">El\u00e4m\u00e4:<\/strong> Jopa 3 vuotta<\/p>\n<\/li>\n<li data-start=\"1733\" data-end=\"1776\">\n<p data-start=\"1735\" data-end=\"1776\"><strong data-start=\"1735\" data-end=\"1764\">Toimittajan artikkelinumero:<\/strong> 500034-6V<\/p>\n<\/li>\n<\/ul>\n<p data-start=\"1778\" data-end=\"1793\"><strong data-start=\"1778\" data-end=\"1791\">Edut:<\/strong><\/p>\n<ul data-start=\"1794\" data-end=\"2113\">\n<li data-start=\"1794\" data-end=\"1847\">\n<p data-start=\"1796\" data-end=\"1847\"><strong data-start=\"1796\" data-end=\"1815\">Huoltovapaa<\/strong> \u2013 Vaatii minimaalista valvontaa<\/p>\n<\/li>\n<li data-start=\"1848\" data-end=\"1923\">\n<p data-start=\"1850\" data-end=\"1923\"><strong data-start=\"1850\" data-end=\"1874\">Korkea luotettavuus<\/strong> \u2013 T\u00e4ydellinen h\u00e4lytys- ja turvallisuussovelluksiin<\/p>\n<\/li>\n<li data-start=\"1924\" data-end=\"2031\">\n<p data-start=\"1926\" data-end=\"2031\"><strong data-start=\"1926\" data-end=\"1946\">Turvallisuustakuu<\/strong> \u2013 Agility-j\u00e4rjestelm\u00e4n s\u00e4\u00e4nn\u00f6llinen testaus akun toimivuuden varmistamiseksi<\/p>\n<\/li>\n<li data-start=\"2032\" data-end=\"2113\">\n<p data-start=\"2034\" data-end=\"2113\"><strong data-start=\"2034\" data-end=\"2052\">Pitk\u00e4 k\u00e4ytt\u00f6ik\u00e4<\/strong> \u2013 Jopa 3 vuoden k\u00e4ytt\u00f6aika turvallisen ja vakaan varavirran takaamiseksi<\/p>\n<\/li>\n<\/ul>\n<p data-start=\"2115\" data-end=\"2410\">Yhteenvetona voidaan todeta, ett\u00e4 6 V 3,4 Ah:n akku on luotettava ratkaisu turvallisuus- ja televiestint\u00e4j\u00e4rjestelmiin, jotka vaativat vakaan virransy\u00f6t\u00f6n.<\/p>\n<p data-start=\"2115\" data-end=\"2410\">Se tarjoaa pitk\u00e4kestoista suorituskyky\u00e4 ja turvallisuutta, joten se on erinomainen valinta kaikille, jotka haluavat yll\u00e4pit\u00e4\u00e4 turvaj\u00e4rjestelmiens\u00e4 luotettavaa toimintaa.<\/p>","protected":false},"excerpt":{"rendered":"<p>Akku 6V 3.4 Ah on huoltovapaa akku, joka on suunniteltu k\u00e4ytett\u00e4v\u00e4ksi h\u00e4lytys- ja televiestint\u00e4j\u00e4rjestelmiss\u00e4, mukaan lukien Agility-h\u00e4lytysj\u00e4rjestelm\u00e4t.<\/p>\n<p>Se varmistaa luotettavan varavirran jopa kolmeksi vuodeksi, ja se tulee vaihtaa t\u00e4m\u00e4n ajan j\u00e4lkeen toimivuuden ja turvallisuuden yll\u00e4pit\u00e4miseksi.<\/p>","protected":false},"featured_media":142069,"template":"","meta":{"_acf_changed":false},"product_brand":[],"product_cat":[1596,2428,1862],"product_tag":[4513,2419,2426],"class_list":{"0":"post-67606","1":"product","2":"type-product","3":"status-publish","4":"has-post-thumbnail","6":"product_cat-ackumulatorer-12v-agm-batterier","7":"product_cat-stromforsorjning-batterier","8":"product_cat-batterier-knappcell","9":"product_tag-batteri-1-6-ah","10":"product_tag-rel-batteri","11":"product_tag-rel-risco","12":"product_shipping_class-tunga-paket","13":"pa_brands-stonehouse-security","14":"pa_risco-produkter-agility-2","15":"pa_risco-produkter-agility-3","16":"pa_risco-produkter-agility-4","17":"tm-no-options","19":"first","20":"instock","21":"sale","22":"featured","23":"taxable","24":"shipping-taxable","25":"purchasable","26":"product-type-simple"},"acf":[],"_links":{"self":[{"href":"https:\/\/secureus.se\/fi\/wp-json\/wp\/v2\/product\/67606","targetHints":{"allow":["GET"]}}],"collection":[{"href":"https:\/\/secureus.se\/fi\/wp-json\/wp\/v2\/product"}],"about":[{"href":"https:\/\/secureus.se\/fi\/wp-json\/wp\/v2\/types\/product"}],"wp:featuredmedia":[{"embeddable":true,"href":"https:\/\/secureus.se\/fi\/wp-json\/wp\/v2\/media\/142069"}],"wp:attachment":[{"href":"https:\/\/secureus.se\/fi\/wp-json\/wp\/v2\/media?parent=67606"}],"wp:term":[{"taxonomy":"product_brand","embeddable":true,"href":"https:\/\/secureus.se\/fi\/wp-json\/wp\/v2\/product_brand?post=67606"},{"taxonomy":"product_cat","embeddable":true,"href":"https:\/\/secureus.se\/fi\/wp-json\/wp\/v2\/product_cat?post=67606"},{"taxonomy":"product_tag","embeddable":true,"href":"https:\/\/secureus.se\/fi\/wp-json\/wp\/v2\/product_tag?post=67606"}],"curies":[{"name":"wp","href":"https:\/\/api.w.org\/{rel}","templated":true}]}}