{"id":68285,"date":"2022-11-21T17:14:52","date_gmt":"2022-11-21T16:14:52","guid":{"rendered":"https:\/\/secureus.se\/produkt\/visonic-kf-234-pg2-powerg-wireless-keyfob-transmitter\/"},"modified":"2026-03-27T10:30:25","modified_gmt":"2026-03-27T09:30:25","slug":"fjarrkontroll-kf-234-pg2-visonic","status":"publish","type":"product","link":"https:\/\/secureus.se\/fi\/fjarrkontroll-kf-234-pg2-visonic\/","title":{"rendered":"Kaukos\u00e4\u00e4din KF-234 PG2 PowerG \u2013 Visonic"},"content":{"rendered":"<h1>Kaukos\u00e4\u00e4din KF-234 PG2 \u2013 K\u00e4tev\u00e4 ja turvallinen kaukos\u00e4\u00e4din h\u00e4lytysj\u00e4rjestelm\u00e4\u00e4si<\/h1>\n<p>KF-234 PG2 on t\u00e4ydellinen ratkaisu Visonic PowerMaster -h\u00e4lytysj\u00e4rjestelm\u00e4n hallintaan.<\/p>\n<p>Sen nelj\u00e4ll\u00e4 toimintopainikkeella voit aktivoida, deaktivoida ja aktivoida kuorisuojaustilan sek\u00e4 laukaista paniikkih\u00e4lytyksen \u2013 kaikki yhdell\u00e4 napin painalluksella.<\/p>\n<p>PowerG-teknologian edistyneiden suojausprotokollien ansiosta KF-234 PG2 tarjoaa alan standardit ylitt\u00e4v\u00e4n valikoiman, joten se sopii erinomaisesti suuriinkin tiloihin ilman lis\u00e4toistimia.<\/p>\n<p>Akun kesto on jopa 8 vuotta, joten joudut harvoin miettim\u00e4\u00e4n paristojen vaihtoa, mik\u00e4 helpottaa k\u00e4ytt\u00f6\u00e4 entisest\u00e4\u00e4n.<\/p>\n<h4>Edut:<\/h4>\n<ul>\n<li><strong>Turvallisuus ja mukavuus<\/strong>: H\u00e4lytyksen helppo aktivointi ja deaktivointi.<\/li>\n<li><strong>Kaksisuuntainen viestint\u00e4<\/strong>: Hanki vahvistus suoritetuista komennoista LED-merkkivalojen kautta.<\/li>\n<li><strong>Pitk\u00e4 akunkesto<\/strong>: Jopa 8 vuotta luotettavaan k\u00e4ytt\u00f6\u00f6n.<\/li>\n<li><strong>Kompakti muotoilu<\/strong>: Pieni ja k\u00e4tev\u00e4, helppo kuljettaa.<\/li>\n<\/ul>\n<p>KF-234 PG2 on t\u00e4ydellinen valinta niille, jotka haluavat turvallisuutta ja helppok\u00e4ytt\u00f6isyytt\u00e4 yhdess\u00e4 laitteessa.<\/p>","protected":false},"excerpt":{"rendered":"<p>KF-234 PG2 on nelj\u00e4n painikkeen langaton kaukos\u00e4\u00e4din, jonka avulla on helppo ohjata Visonic PowerMaster -h\u00e4lytysj\u00e4rjestelm\u00e4\u00e4si.<\/p>\n<p>PowerG-teknologian ja jopa 8 vuoden akunkeston ansiosta se on sek\u00e4 luotettava ett\u00e4 turvallinen.<\/p>","protected":false},"featured_media":141174,"template":"","meta":{"_acf_changed":false},"product_brand":[],"product_cat":[3378,2732],"product_tag":[2327],"class_list":{"0":"post-68285","1":"product","2":"type-product","3":"status-publish","4":"has-post-thumbnail","6":"product_cat-visonic-larmstyrning-knappsatser","7":"product_cat-visonic-larm-tradlost","8":"product_tag-visonic-fjarr-assistansknapp","9":"product_shipping_class-postnord-varubrev","10":"pa_brands-5visonic","11":"pa_farg-svart","12":"tm-no-options","14":"first","15":"instock","16":"sale","17":"featured","18":"taxable","19":"shipping-taxable","20":"purchasable","21":"product-type-simple"},"acf":[],"_links":{"self":[{"href":"https:\/\/secureus.se\/fi\/wp-json\/wp\/v2\/product\/68285","targetHints":{"allow":["GET"]}}],"collection":[{"href":"https:\/\/secureus.se\/fi\/wp-json\/wp\/v2\/product"}],"about":[{"href":"https:\/\/secureus.se\/fi\/wp-json\/wp\/v2\/types\/product"}],"wp:featuredmedia":[{"embeddable":true,"href":"https:\/\/secureus.se\/fi\/wp-json\/wp\/v2\/media\/141174"}],"wp:attachment":[{"href":"https:\/\/secureus.se\/fi\/wp-json\/wp\/v2\/media?parent=68285"}],"wp:term":[{"taxonomy":"product_brand","embeddable":true,"href":"https:\/\/secureus.se\/fi\/wp-json\/wp\/v2\/product_brand?post=68285"},{"taxonomy":"product_cat","embeddable":true,"href":"https:\/\/secureus.se\/fi\/wp-json\/wp\/v2\/product_cat?post=68285"},{"taxonomy":"product_tag","embeddable":true,"href":"https:\/\/secureus.se\/fi\/wp-json\/wp\/v2\/product_tag?post=68285"}],"curies":[{"name":"wp","href":"https:\/\/api.w.org\/{rel}","templated":true}]}}