{"id":68287,"date":"2022-11-21T17:14:46","date_gmt":"2022-11-21T16:14:46","guid":{"rendered":"https:\/\/secureus.se\/produkt\/visonic-smd-429-pg2-powerg-wireless-smoke-and-heat-detector\/"},"modified":"2026-03-11T16:56:25","modified_gmt":"2026-03-11T15:56:25","slug":"rokdetektor-smd-429-visonic","status":"publish","type":"product","link":"https:\/\/secureus.se\/fi\/rokdetektor-smd-429-visonic\/","title":{"rendered":"Savuilmaisin SMD-429 l\u00e4mp\u00f6ilmaisimella ja PowerG:ll\u00e4 \u2013 Visonic-savuh\u00e4lytin \u2013 EOL Myyd\u00e4\u00e4n niin kauan kuin tavaraa riitt\u00e4\u00e4"},"content":{"rendered":"<h1>Savunilmaisin SMD-429 \u2013 Turvallisuus<\/h1>\n<p>SMD-429 on tehokas langaton savu- ja l\u00e4mm\u00f6nilmaisin, joka on suunniteltu suojaamaan kotiasi tai yrityst\u00e4si tulipaloilta.<\/p>\n<p>T\u00e4ss\u00e4 vallankumouksellisessa PowerG-tekniikassa yhdistyv\u00e4t luotettavuus ja yksinkertaisuus markkinoiden johtavaan tietoturvaan.<\/p>\n<p>Ilmaisin havaitsee nopeasti savun ja yli 57\u00b0C l\u00e4mp\u00f6tilan ja varoittaa sis\u00e4\u00e4nrakennetulla 85 dB sireenill\u00e4 ja vilkkuvalla LEDill\u00e4.<\/p>\n<p>Samalla se l\u00e4hett\u00e4\u00e4 signaaleja h\u00e4lytysj\u00e4rjestelm\u00e4\u00e4n varmistaakseen nopean reagoinnin.<\/p>\n<h4>Ominaisuudet ja edut<\/h4>\n<ul>\n<li><strong>Varhaiset palovaroitukset<\/strong>: Anturit havaitsevat savun ja l\u00e4mm\u00f6n antaakseen varhaisen varoituksen.<\/li>\n<li><strong>Pitk\u00e4 kantama<\/strong>: PowerG-tekniikka mahdollistaa toistinvapaan asennuksen my\u00f6s suurempiin tiloihin.<\/li>\n<li><strong>Helppo asentaa<\/strong>: Helppo asentaa ilman monimutkaisia johdotuksia.<\/li>\n<li><strong>Pitk\u00e4 akunkesto<\/strong>: Jopa 3 vuotta normaalik\u00e4yt\u00f6ss\u00e4.<\/li>\n<li><strong>Yhteensopivuus<\/strong>: Toimii saumattomasti PowerMaster-h\u00e4lytysj\u00e4rjestelmien kanssa.<\/li>\n<\/ul>\n<p>Helpon asennuksen ja edistyneen teknologian ansiosta SMD-429 on t\u00e4ydellinen sek\u00e4 koteihin ett\u00e4 yrityksiin, jotka asettavat etusijalle turvallisuuden ja mukavuuden.<\/p>\n<p>&nbsp;<\/p>","protected":false},"excerpt":{"rendered":"<p>SMD-429 on edistynyt langaton savu- ja l\u00e4mm\u00f6nilmaisin, jossa on sis\u00e4\u00e4nrakennettu sireeni ja PowerG-tekniikka.<\/p>\n<p>Se antaa ennakkovaroituksen savusta ja yli 57 \u00b0C:n l\u00e4mp\u00f6tiloista ja suojaa kotiasi tai yrityst\u00e4si 24\/7.<\/p>\n<p>Helpon asennuksen, alhaisen akunkulutuksen ja PowerMaster-j\u00e4rjestelmien kanssa yhteensopivuuden ansiosta SMD-429 on t\u00e4ydellinen ratkaisu paloturvallisuuteen.<\/p>","protected":false},"featured_media":142080,"template":"","meta":{"_acf_changed":false},"product_brand":[],"product_cat":[3376,3383,3377],"product_tag":[],"class_list":{"0":"post-68287","1":"product","2":"type-product","3":"status-publish","4":"has-post-thumbnail","6":"product_cat-visonic-larmenheter","7":"product_cat-visonic-brandvarnare-vattendetektor-temperatur","8":"product_cat-visonic-siren","9":"product_shipping_class-tunga-paket","10":"pa_brands-5visonic","11":"tm-no-options","13":"first","14":"outofstock","15":"featured","16":"taxable","17":"shipping-taxable","18":"purchasable","19":"product-type-simple"},"acf":[],"_links":{"self":[{"href":"https:\/\/secureus.se\/fi\/wp-json\/wp\/v2\/product\/68287","targetHints":{"allow":["GET"]}}],"collection":[{"href":"https:\/\/secureus.se\/fi\/wp-json\/wp\/v2\/product"}],"about":[{"href":"https:\/\/secureus.se\/fi\/wp-json\/wp\/v2\/types\/product"}],"wp:featuredmedia":[{"embeddable":true,"href":"https:\/\/secureus.se\/fi\/wp-json\/wp\/v2\/media\/142080"}],"wp:attachment":[{"href":"https:\/\/secureus.se\/fi\/wp-json\/wp\/v2\/media?parent=68287"}],"wp:term":[{"taxonomy":"product_brand","embeddable":true,"href":"https:\/\/secureus.se\/fi\/wp-json\/wp\/v2\/product_brand?post=68287"},{"taxonomy":"product_cat","embeddable":true,"href":"https:\/\/secureus.se\/fi\/wp-json\/wp\/v2\/product_cat?post=68287"},{"taxonomy":"product_tag","embeddable":true,"href":"https:\/\/secureus.se\/fi\/wp-json\/wp\/v2\/product_tag?post=68287"}],"curies":[{"name":"wp","href":"https:\/\/api.w.org\/{rel}","templated":true}]}}