{"id":68291,"date":"2022-11-21T17:14:37","date_gmt":"2022-11-21T16:14:37","guid":{"rendered":"https:\/\/secureus.se\/produkt\/visonic-kp-241-pg2-powerg-wireless-2-way-portable-keypad-with-built-in-proximity-tag-reader\/"},"modified":"2026-04-23T13:32:39","modified_gmt":"2026-04-23T11:32:39","slug":"panel-kp-241-pg2-visonic","status":"publish","type":"product","link":"https:\/\/secureus.se\/fi\/panel-kp-241-pg2-visonic\/","title":{"rendered":"Paneeli KP-241 PG2 PowerG \u2013 Visonic"},"content":{"rendered":"<h1>Paneeli KP-241 PG2 \u2013 T\u00e4ydellinen n\u00e4pp\u00e4imist\u00f6 turvallisuuteen ja ohjaukseen<\/h1>\n<p>Visonicin KP-241 PG2 on langaton, kannettava n\u00e4pp\u00e4imist\u00f6, joka on suunniteltu tarjoamaan k\u00e4ytt\u00e4jille k\u00e4tev\u00e4 ja turvallinen PowerMaster-h\u00e4lytysj\u00e4rjestelmien hallinta.<\/p>\n<p>Modernin ja tyylikk\u00e4\u00e4n muotoilunsa ansiosta se sulautuu t\u00e4ydellisesti sek\u00e4 koti- ett\u00e4 yritysymp\u00e4rist\u00f6\u00f6n.<\/p>\n<p>N\u00e4pp\u00e4imist\u00f6ss\u00e4 on sis\u00e4\u00e4nrakennettu kaksisuuntainen tiedonsiirto, joka varmistaa, ett\u00e4 komennot suoritetaan ja j\u00e4rjestelm\u00e4n tila ilmaistaan sek\u00e4 visuaalisesti ett\u00e4 kuuluvasti.<\/p>\n<p>Sis\u00e4\u00e4nrakennettu l\u00e4heisyyslukija tekee j\u00e4rjestelm\u00e4n viritt\u00e4misest\u00e4 ja poiskytkemisest\u00e4 helppoa ilman koodia.<\/p>\n<p>Ominaisuudet, kuten h\u00e4t\u00e4h\u00e4lytys, valaistut painikkeet ja pitk\u00e4 l\u00e4hetysalue tekev\u00e4t KP-241 PG2:sta v\u00e4ltt\u00e4m\u00e4tt\u00f6m\u00e4n osan turvaj\u00e4rjestelm\u00e4\u00e4si.<\/p>\n<p>Sit\u00e4 voidaan k\u00e4ytt\u00e4\u00e4 kannettavana yksikk\u00f6n\u00e4 tai kiinnitt\u00e4\u00e4 sein\u00e4\u00e4n peukalokytkimell\u00e4 turvallisuuden lis\u00e4\u00e4miseksi.<\/p>\n<p>Pitk\u00e4n, jopa kolmen vuoden akun k\u00e4ytt\u00f6i\u00e4n ja helpon asennuksen ansiosta KP-241 PG2 on sek\u00e4 k\u00e4yt\u00e4nn\u00f6llinen ett\u00e4 kustannustehokas.<\/p>","protected":false},"excerpt":{"rendered":"<p>KP-241 PG2 on moderni, langaton n\u00e4pp\u00e4imist\u00f6, jossa on kaksisuuntainen tiedonsiirto ja sis\u00e4\u00e4nrakennettu et\u00e4lukija.<\/p>\n<p>T\u00e4ydellinen PowerMaster-h\u00e4lytysj\u00e4rjestelmien helppoon hallintaan, n\u00e4kyv\u00e4ll\u00e4 ja kuuluvalla tilan ilmaisulla ja ergonomisella muotoilulla kannettavaan tai sein\u00e4\u00e4n kiinnitett\u00e4v\u00e4\u00e4n k\u00e4ytt\u00f6\u00f6n.<\/p>","protected":false},"featured_media":141319,"template":"","meta":{"_acf_changed":false},"product_brand":[],"product_cat":[3378],"product_tag":[2330],"class_list":{"0":"post-68291","1":"product","2":"type-product","3":"status-publish","4":"has-post-thumbnail","6":"product_cat-visonic-larmstyrning-knappsatser","7":"product_tag-visonic-manoverpanel","8":"product_shipping_class-tunga-paket","9":"pa_brands-5visonic","10":"tm-no-options","12":"first","13":"onbackorder","14":"sale","15":"taxable","16":"shipping-taxable","17":"purchasable","18":"product-type-simple"},"acf":[],"_links":{"self":[{"href":"https:\/\/secureus.se\/fi\/wp-json\/wp\/v2\/product\/68291","targetHints":{"allow":["GET"]}}],"collection":[{"href":"https:\/\/secureus.se\/fi\/wp-json\/wp\/v2\/product"}],"about":[{"href":"https:\/\/secureus.se\/fi\/wp-json\/wp\/v2\/types\/product"}],"wp:featuredmedia":[{"embeddable":true,"href":"https:\/\/secureus.se\/fi\/wp-json\/wp\/v2\/media\/141319"}],"wp:attachment":[{"href":"https:\/\/secureus.se\/fi\/wp-json\/wp\/v2\/media?parent=68291"}],"wp:term":[{"taxonomy":"product_brand","embeddable":true,"href":"https:\/\/secureus.se\/fi\/wp-json\/wp\/v2\/product_brand?post=68291"},{"taxonomy":"product_cat","embeddable":true,"href":"https:\/\/secureus.se\/fi\/wp-json\/wp\/v2\/product_cat?post=68291"},{"taxonomy":"product_tag","embeddable":true,"href":"https:\/\/secureus.se\/fi\/wp-json\/wp\/v2\/product_tag?post=68291"}],"curies":[{"name":"wp","href":"https:\/\/api.w.org\/{rel}","templated":true}]}}