{"id":68295,"date":"2022-11-21T17:14:21","date_gmt":"2022-11-21T16:14:21","guid":{"rendered":"https:\/\/secureus.se\/produkt\/visonic-9-103891-4g-lte-communicator-for-pm360-360r\/"},"modified":"2025-12-31T20:30:56","modified_gmt":"2025-12-31T19:30:56","slug":"larmsandare-4g-powermaster-visonic","status":"publish","type":"product","link":"https:\/\/secureus.se\/fi\/larmsandare-4g-powermaster-visonic\/","title":{"rendered":"H\u00e4lytysl\u00e4hetin 4G Powermaster LTE Communicator for Pm360 \/ 360R \u2013 Visonic"},"content":{"rendered":"<h1>H\u00e4lytysl\u00e4hetin 4G Powermaster LTE Communicator \u2013 Turvallisuus ja \u00e4lyk\u00e4s koti t\u00e4ydellisess\u00e4 harmoniassa<\/h1>\n<p>P\u00e4ivit\u00e4 PowerMaster 360\/360R uudelle tasolle 4G Powermaster LTE Communicatorilla, uraauurtavalla viestint\u00e4moduulilla, joka yhdist\u00e4\u00e4 turvallisuuden, turvallisuuden ja \u00e4lykk\u00e4\u00e4n kodin automaation.<\/p>\n<p>T\u00e4ydellinen asiakkaille, jotka haluavat integroidun ratkaisun \u00e4lykk\u00e4\u00e4n kodin turvallisuuteen ja hallintaan.<\/p>\n<p>T\u00e4m\u00e4 moduuli mahdollistaa yhteyden 4G\/LTE:n kautta ja on yhteensopiva PowerMaster 360\/360R:n kanssa versiosta 19 alkaen.<\/p>\n<p>Pilvipohjaisen alustan ja k\u00e4ytt\u00e4j\u00e4yst\u00e4v\u00e4llisen mobiilisovelluksen avulla voit helposti ohjata kotiasi, valvoa turvallisuutta ja hallita kodinkoneita \u2013 kaikki \u00e4lypuhelimellasi.<\/p>\n<p><strong>P\u00e4\u00e4ominaisuudet:<\/strong><\/p>\n<ul>\n<li><strong>PowerG\u2122-tietoturvatekniikka:<\/strong> Turvallinen ja vakaa langaton viestint\u00e4.<\/li>\n<li><strong>Wi-Fi ja Z-Wave:<\/strong> Integroi \u00e4lykodin laitteet turvaj\u00e4rjestelm\u00e4\u00e4si.<\/li>\n<li><strong>Pilvipohjainen ohjaus:<\/strong> P\u00e4\u00e4set j\u00e4rjestelm\u00e4\u00e4n milloin tahansa mobiilisovelluksen kautta.<\/li>\n<li><strong>Akun varmuuskopiointi:<\/strong> Varmistaa toiminnan my\u00f6s s\u00e4hk\u00f6katkojen aikana.<\/li>\n<li><strong>Joustavuus:<\/strong> K\u00e4yt\u00e4 yhten\u00e4 yhdysk\u00e4yt\u00e4v\u00e4n\u00e4 turvallisuuteen, turvallisuuteen ja \u00e4lykk\u00e4\u00e4n kodin automaatioon.<\/li>\n<\/ul>\n<p>Helpon asennuksen ja intuitiivisen k\u00e4ytt\u00f6kokemuksen ansiosta t\u00e4m\u00e4 ratkaisu sopii t\u00e4ydellisesti sek\u00e4 koteihin ett\u00e4 yrityksille.<\/p>","protected":false},"excerpt":{"rendered":"<p>H\u00e4lytysl\u00e4hetin 4G Powermaster LTE Communicator on 4G\/LTE-moduuli PowerMaster 360\/360R:lle.<\/p>\n<p>Siin\u00e4 yhdistyv\u00e4t turvallisuus, \u00e4lykk\u00e4\u00e4n kodin automaatio ja pilvipohjainen ohjaus mobiilisovelluksen kautta.<\/p>","protected":false},"featured_media":142101,"template":"","meta":{"_acf_changed":false},"product_brand":[],"product_cat":[3375],"product_tag":[2331],"class_list":{"0":"post-68295","1":"product","2":"type-product","3":"status-publish","4":"has-post-thumbnail","6":"product_cat-visonic-larmsandare-ip-4g","7":"product_tag-visonic-larmoverforing","8":"product_shipping_class-postnord-varubrev","9":"pa_brands-5visonic","10":"tm-no-options","12":"first","13":"instock","14":"featured","15":"taxable","16":"shipping-taxable","17":"purchasable","18":"product-type-simple"},"acf":[],"_links":{"self":[{"href":"https:\/\/secureus.se\/fi\/wp-json\/wp\/v2\/product\/68295","targetHints":{"allow":["GET"]}}],"collection":[{"href":"https:\/\/secureus.se\/fi\/wp-json\/wp\/v2\/product"}],"about":[{"href":"https:\/\/secureus.se\/fi\/wp-json\/wp\/v2\/types\/product"}],"wp:featuredmedia":[{"embeddable":true,"href":"https:\/\/secureus.se\/fi\/wp-json\/wp\/v2\/media\/142101"}],"wp:attachment":[{"href":"https:\/\/secureus.se\/fi\/wp-json\/wp\/v2\/media?parent=68295"}],"wp:term":[{"taxonomy":"product_brand","embeddable":true,"href":"https:\/\/secureus.se\/fi\/wp-json\/wp\/v2\/product_brand?post=68295"},{"taxonomy":"product_cat","embeddable":true,"href":"https:\/\/secureus.se\/fi\/wp-json\/wp\/v2\/product_cat?post=68295"},{"taxonomy":"product_tag","embeddable":true,"href":"https:\/\/secureus.se\/fi\/wp-json\/wp\/v2\/product_tag?post=68295"}],"curies":[{"name":"wp","href":"https:\/\/api.w.org\/{rel}","templated":true}]}}