{"id":68299,"date":"2022-11-21T17:14:06","date_gmt":"2022-11-21T16:14:06","guid":{"rendered":"https:\/\/secureus.se\/produkt\/visonic-0-103371-pmaster-10-swe-triple-panel\/"},"modified":"2026-04-09T11:37:04","modified_gmt":"2026-04-09T09:37:04","slug":"visonic-powermaster-10-centralenhet-v20-panel","status":"publish","type":"product","link":"https:\/\/secureus.se\/fi\/visonic-powermaster-10-centralenhet-v20-panel\/","title":{"rendered":"Visonic PowerMaster 10 -keskusyksikk\u00f6 V20 -paneeli"},"content":{"rendered":"<div id=\"content-2\">\n<div id=\"textholder_1\" class=\"overflow-text u-typography-body-medium full-content\">\n<div id=\"content-1\" class=\"accordion-content\">\n<h1>Visonic PowerMaster 10 -keskusyksikk\u00f6 \u2013 ammattimainen turvallisuus ja automaatio<\/h1>\n<p>PowerMaster-10 on langaton keskusyksikk\u00f6, joka on suunniteltu tarjoamaan maksimaalista turvallisuutta ja mukavuutta kotiisi tai yritykseesi.<\/p>\n<p>Visonicsin edistyksellisen PowerG-teknologian ansiosta j\u00e4rjestelm\u00e4 tarjoaa ylivoimaisen kantaman, vankan suorituskyvyn ja alhaisen virrankulutuksen.<\/p>\n<p>J\u00e4rjestelm\u00e4 tukee 28 langatonta vy\u00f6hykett\u00e4 ja yht\u00e4 langallista vy\u00f6hykett\u00e4, mik\u00e4 tekee siit\u00e4 joustavan kaikentyyppisiin tietoturvatarpeisiin.<\/p>\n<p>Kolminkertaisen PSTN-, Ethernet- ja GPRS-raportointipolun ansiosta h\u00e4lytys voi aina kommunikoida tilanteesta riippumatta.<\/p>\n<p><strong>P\u00e4\u00e4ominaisuudet:<\/strong><\/p>\n<ul>\n<li><strong>PowerG-tekniikkaa<\/strong>: Ylivoimainen langaton kantama ja AES-128-salaus.<\/li>\n<li><strong>Tuki 28 vy\u00f6hykkeelle<\/strong>: Ihanteellinen sek\u00e4 pieniin ett\u00e4 keskisuuriin asennuksiin.<\/li>\n<li><strong>Kolme raportointipolkua<\/strong>: Suojattu yhteys PSTN:n, Ethernetin tai GPRS:n kautta.<\/li>\n<li><strong>Sis\u00e4\u00e4nrakennettu sireeni ja LCD-n\u00e4ytt\u00f6<\/strong>: K\u00e4ytt\u00e4j\u00e4yst\u00e4v\u00e4llinen ja tehokas.<\/li>\n<li><strong>Pitk\u00e4 akunkesto<\/strong>: Jopa 24 tunnin tehoreservi akun varauksella.<\/li>\n<\/ul>\n<p>Etsitp\u00e4 sitten ratkaisua kotiisi tai toimistoosi, PowerMaster-10 on t\u00e4ydellinen valinta suojaamaan sinulle t\u00e4rkeit\u00e4 asioita.<\/p>\n<\/div>\n<\/div>\n<\/div>","protected":false},"excerpt":{"rendered":"<p><strong>PowerMaster-10 keskusyksikk\u00f6 \u2013 tietoturvaratkaisusi<\/strong><br \/>\nPowerMaster-10 tarjoaa ammattimaisen langattoman ratkaisun turvallisuuteen ja automaatioon.<\/p>\n<p>28 vy\u00f6hykkeen tuella, sis\u00e4\u00e4nrakennetulla sireenill\u00e4 ja akkuvarmistuksella t\u00e4m\u00e4 j\u00e4rjestelm\u00e4 on t\u00e4ydellinen koteihin ja yrityksille.<\/p>","protected":false},"featured_media":142108,"template":"","meta":{"_acf_changed":false},"product_brand":[],"product_cat":[3374],"product_tag":[2472,2330],"class_list":{"0":"post-68299","1":"product","2":"type-product","3":"status-publish","4":"has-post-thumbnail","6":"product_cat-visonic-centralenhet-panel","7":"product_tag-sbsc-larmklassr","8":"product_tag-visonic-manoverpanel","9":"product_shipping_class-tunga-paket","10":"pa_brands-5visonic","11":"tm-no-options","13":"first","14":"onbackorder","15":"sale","16":"featured","17":"taxable","18":"shipping-taxable","19":"purchasable","20":"product-type-simple"},"acf":[],"_links":{"self":[{"href":"https:\/\/secureus.se\/fi\/wp-json\/wp\/v2\/product\/68299","targetHints":{"allow":["GET"]}}],"collection":[{"href":"https:\/\/secureus.se\/fi\/wp-json\/wp\/v2\/product"}],"about":[{"href":"https:\/\/secureus.se\/fi\/wp-json\/wp\/v2\/types\/product"}],"wp:featuredmedia":[{"embeddable":true,"href":"https:\/\/secureus.se\/fi\/wp-json\/wp\/v2\/media\/142108"}],"wp:attachment":[{"href":"https:\/\/secureus.se\/fi\/wp-json\/wp\/v2\/media?parent=68299"}],"wp:term":[{"taxonomy":"product_brand","embeddable":true,"href":"https:\/\/secureus.se\/fi\/wp-json\/wp\/v2\/product_brand?post=68299"},{"taxonomy":"product_cat","embeddable":true,"href":"https:\/\/secureus.se\/fi\/wp-json\/wp\/v2\/product_cat?post=68299"},{"taxonomy":"product_tag","embeddable":true,"href":"https:\/\/secureus.se\/fi\/wp-json\/wp\/v2\/product_tag?post=68299"}],"curies":[{"name":"wp","href":"https:\/\/api.w.org\/{rel}","templated":true}]}}