{"id":68303,"date":"2022-11-21T17:13:56","date_gmt":"2022-11-21T16:13:56","guid":{"rendered":"https:\/\/secureus.se\/produkt\/visonic-sr-740-pg2-powerg-wireless-2-way-outdoor-siren-blue-strobe\/"},"modified":"2026-03-19T11:10:56","modified_gmt":"2026-03-19T10:10:56","slug":"siren-sr-740-pg2-utomhus-visonic","status":"publish","type":"product","link":"https:\/\/secureus.se\/fi\/siren-sr-740-pg2-utomhus-visonic\/","title":{"rendered":"Siren SR-740 Outdoor PG2 Sininen - Visonic - EOL Myyty loppuunmyyty"},"content":{"rendered":"<h1>Langaton ulkosireeni SR-740 PG2 sinisell\u00e4 salamavalolla<\/h1>\n<p>Anna kotillesi tai yrityksellesi luotettava tietoturvaratkaisu <strong>Visonic SR-740 PG2<\/strong>.<\/p>\n<p>T\u00e4ss\u00e4 langattomassa ulkosireeniss\u00e4 yhdistyv\u00e4t tehokkaat h\u00e4lytystoiminnot, tyylik\u00e4s muotoilu ja pitk\u00e4 akun k\u00e4ytt\u00f6ik\u00e4. T\u00e4ydellinen k\u00e4ytett\u00e4v\u00e4ksi Visonic PowerMaster\u00ae -h\u00e4lytysj\u00e4rjestelmien kanssa.<\/p>\n<p>Kovalla 105 dB:n \u00e4\u00e4nimerkill\u00e4 ja sinisell\u00e4 vilkkuvalla valolla SR-740 PG2 varmistaa, ett\u00e4 h\u00e4lytys ei j\u00e4\u00e4 huomaamatta.<\/p>\n<p>Sireeni on suunniteltu toimimaan my\u00f6s ankarissa s\u00e4\u00e4olosuhteissa sen IP55-luokituksen ansiosta.<\/p>\n<p><strong>P\u00e4\u00e4ominaisuudet:<\/strong><\/p>\n<ul>\n<li><strong>PowerG-tekniikka:<\/strong> Ensiluokkainen kaksisuuntainen viestint\u00e4 maksimaalisen turvallisuuden takaamiseksi.<\/li>\n<li><strong>Kova piippaus:<\/strong> 105 dB pietsosignaali tehokkaaseen varoitukseen.<\/li>\n<li><strong>S\u00e4\u00e4nkest\u00e4v\u00e4:<\/strong> IP55-sertifikaatti k\u00e4ytett\u00e4v\u00e4ksi kaikissa ymp\u00e4rist\u00f6iss\u00e4.<\/li>\n<li><strong>Pitk\u00e4 akunkesto:<\/strong> Jopa 8 vuotta normaalik\u00e4yt\u00f6ss\u00e4.<\/li>\n<li><strong>Tyylik\u00e4s muotoilu:<\/strong> Soveltuu sek\u00e4 yksityis- ett\u00e4 liikekiinteist\u00f6ihin.<\/li>\n<\/ul>\n<p>T\u00e4m\u00e4 ulkosireeni on helppo asentaa ilman lis\u00e4toistimia pitk\u00e4n kantaman ansiosta.<\/p>\n<p>Kaksinkertaisen peukalointisuojan ja n\u00e4kyv\u00e4n laadunilmaisimen avulla saat t\u00e4ydellisen turvaratkaisun, jota on helppo hallita.<\/p>","protected":false},"excerpt":{"rendered":"<p>Visonic SR-740 PG2 langaton ulkosireeni<\/p>\n<p>SR-740 PG2 on tyylik\u00e4s ja kest\u00e4v\u00e4 ulkosireeni, jossa on sininen vilkkuva valo ja 105 dB kova\u00e4\u00e4ninen signaali.<\/p>\n<p>PowerG-teknologian ja IP55-luokitellun kotelon ansiosta se tarjoaa korkean turvallisuuden ja luotettavan toiminnan vaativissakin olosuhteissa.<\/p>","protected":false},"featured_media":141589,"template":"","meta":{"_acf_changed":false},"product_brand":[],"product_cat":[1562,3377],"product_tag":[2472,2333],"class_list":{"0":"post-68303","1":"product","2":"type-product","3":"status-publish","4":"has-post-thumbnail","6":"product_cat-larmdon-blixtljus","7":"product_cat-visonic-siren","8":"product_tag-sbsc-larmklassr","9":"product_tag-visonic-siren","10":"product_shipping_class-tunga-paket","11":"pa_brands-5visonic","12":"tm-no-options","14":"first","15":"instock","16":"sale","17":"taxable","18":"shipping-taxable","19":"purchasable","20":"product-type-simple"},"acf":[],"_links":{"self":[{"href":"https:\/\/secureus.se\/fi\/wp-json\/wp\/v2\/product\/68303","targetHints":{"allow":["GET"]}}],"collection":[{"href":"https:\/\/secureus.se\/fi\/wp-json\/wp\/v2\/product"}],"about":[{"href":"https:\/\/secureus.se\/fi\/wp-json\/wp\/v2\/types\/product"}],"wp:featuredmedia":[{"embeddable":true,"href":"https:\/\/secureus.se\/fi\/wp-json\/wp\/v2\/media\/141589"}],"wp:attachment":[{"href":"https:\/\/secureus.se\/fi\/wp-json\/wp\/v2\/media?parent=68303"}],"wp:term":[{"taxonomy":"product_brand","embeddable":true,"href":"https:\/\/secureus.se\/fi\/wp-json\/wp\/v2\/product_brand?post=68303"},{"taxonomy":"product_cat","embeddable":true,"href":"https:\/\/secureus.se\/fi\/wp-json\/wp\/v2\/product_cat?post=68303"},{"taxonomy":"product_tag","embeddable":true,"href":"https:\/\/secureus.se\/fi\/wp-json\/wp\/v2\/product_tag?post=68303"}],"curies":[{"name":"wp","href":"https:\/\/api.w.org\/{rel}","templated":true}]}}