{"id":68305,"date":"2022-11-21T17:13:49","date_gmt":"2022-11-21T16:13:49","guid":{"rendered":"https:\/\/secureus.se\/produkt\/visonic-260-301720-spare-psu-for-powermax-complete-and-powermaster\/"},"modified":"2026-03-23T13:24:06","modified_gmt":"2026-03-23T12:24:06","slug":"psu-260-301720-trafo-powermax-visonic","status":"publish","type":"product","link":"https:\/\/secureus.se\/fi\/psu-260-301720-trafo-powermax-visonic\/","title":{"rendered":"Visonic Varavirtal\u00e4hde PowerMax Completelle ja PowerMasterille"},"content":{"rendered":"<div class=\"product-information u-m-b-06\">\n<h1 id=\"content-2\">\u00a0Varavirtal\u00e4hde PSU 260-301720 PowerMax Completelle ja PowerMasterille<\/h1>\n<p>Etsitk\u00f6 luotettavaa varamuuntajaa Visonic-turvaj\u00e4rjestelm\u00e4llesi? PSU 260-301720 on t\u00e4ydellinen ratkaisu rikkin\u00e4isen tai viallisen muuntajan korvaamiseen PowerMax Completessa, PowerMax Prossa, PowerMaster 30:ss\u00e4 ja GT64:ss\u00e4.<\/p>\n<p>Yksinkertaisella ja nopealla asennuksella voit varmistaa, ett\u00e4 j\u00e4rjestelm\u00e4si toimii optimaalisesti ja suojaa edelleen kotiasi tai yrityst\u00e4si.<\/p>\n<p><strong>P\u00e4\u00e4ominaisuudet:<\/strong><\/p>\n<ul>\n<li><strong>Korkea yhteensopivuus:<\/strong> Toimii useiden Visonic-j\u00e4rjestelmien kanssa, mukaan lukien PowerMax Complete ja PowerMaster 30.<\/li>\n<li><strong>Luotettava virtal\u00e4hde:<\/strong> Toimii 12,5 V DC, 1,6 A vakaan toiminnan takaamiseksi.<\/li>\n<li><strong>Ihanteellinen varaosille:<\/strong> T\u00e4ydellinen vaurioituneiden tai kuluneiden muuntajien korvaamiseen.<\/li>\n<\/ul>\n<p>T\u00e4m\u00e4n virtal\u00e4hteen avulla voit luottaa siihen, ett\u00e4 turvaj\u00e4rjestelm\u00e4si toimii keskeytyksett\u00e4. Turvallisuus ei ole koskaan ollut n\u00e4in helppoa yll\u00e4pit\u00e4\u00e4!<\/p>\n<div id=\"content-2\">\n<div><\/div>\n<\/div>\n<\/div>","protected":false},"excerpt":{"rendered":"<p><strong>Varavirtal\u00e4hde PSU 260-301720 PowerMax Completelle ja PowerMasterille<\/strong><br \/>\nVaihda rikkin\u00e4inen tai viallinen muuntaja helposti t\u00e4ll\u00e4 varavirtal\u00e4hteell\u00e4.<\/p>\n<p>Yhteensopiva PowerMax Pron, PowerMaster 30:n ja GT64:n kanssa.<\/p>","protected":false},"featured_media":141184,"template":"","meta":{"_acf_changed":false},"product_brand":[],"product_cat":[3379],"product_tag":[2334],"class_list":{"0":"post-68305","1":"product","2":"type-product","3":"status-publish","4":"has-post-thumbnail","6":"product_cat-visonic-batteri-reservdelar","7":"product_tag-visonic-reservdel","8":"product_shipping_class-postnord-varubrev","9":"pa_brands-5visonic","10":"tm-no-options","12":"first","13":"instock","14":"sale","15":"featured","16":"taxable","17":"shipping-taxable","18":"purchasable","19":"product-type-simple"},"acf":[],"_links":{"self":[{"href":"https:\/\/secureus.se\/fi\/wp-json\/wp\/v2\/product\/68305","targetHints":{"allow":["GET"]}}],"collection":[{"href":"https:\/\/secureus.se\/fi\/wp-json\/wp\/v2\/product"}],"about":[{"href":"https:\/\/secureus.se\/fi\/wp-json\/wp\/v2\/types\/product"}],"wp:featuredmedia":[{"embeddable":true,"href":"https:\/\/secureus.se\/fi\/wp-json\/wp\/v2\/media\/141184"}],"wp:attachment":[{"href":"https:\/\/secureus.se\/fi\/wp-json\/wp\/v2\/media?parent=68305"}],"wp:term":[{"taxonomy":"product_brand","embeddable":true,"href":"https:\/\/secureus.se\/fi\/wp-json\/wp\/v2\/product_brand?post=68305"},{"taxonomy":"product_cat","embeddable":true,"href":"https:\/\/secureus.se\/fi\/wp-json\/wp\/v2\/product_cat?post=68305"},{"taxonomy":"product_tag","embeddable":true,"href":"https:\/\/secureus.se\/fi\/wp-json\/wp\/v2\/product_tag?post=68305"}],"curies":[{"name":"wp","href":"https:\/\/api.w.org\/{rel}","templated":true}]}}