{"id":68307,"date":"2022-11-21T17:13:43","date_gmt":"2022-11-21T16:13:43","guid":{"rendered":"https:\/\/secureus.se\/produkt\/visonic-9-103877-til-kontrolpanel-lte-868-cat4-pm-10-30-33\/"},"modified":"2026-04-14T20:38:44","modified_gmt":"2026-04-14T18:38:44","slug":"4g-visonic","status":"publish","type":"product","link":"https:\/\/secureus.se\/fi\/4g-visonic\/","title":{"rendered":"Visonic 4G\/LTE -tiedonsiirtomoduuli PowerMaster 10\/30\/33:lle"},"content":{"rendered":"<h2 data-start=\"429\" data-end=\"495\"><strong data-start=\"432\" data-end=\"495\">Visonic 4G\/LTE -tiedonsiirtomoduuli PowerMaster 10\/30\/33:lle<\/strong><\/h2>\n<p data-start=\"497\" data-end=\"768\">Visonic 4G\/LTE -tiedonsiirtomoduulin avulla voit helposti p\u00e4ivitt\u00e4\u00e4 olemassa olevan PowerMaster 10-, 30- tai 33-h\u00e4lytysj\u00e4rjestelm\u00e4n moderniin 4G-tiedonsiirtoon.<br data-start=\"630\" data-end=\"633\" \/>Moduuli korvaa vanhemmat 2G- tai 3G-moduulit ja varmistaa, ett\u00e4 j\u00e4rjestelm\u00e4si toimii edelleen, vaikka vanhemmat mobiiliverkot poistuisivat k\u00e4yt\u00f6st\u00e4.<\/p>\n<p data-start=\"770\" data-end=\"1024\">Asennus on helppoa ja sen voi tehd\u00e4 itse. Olemassa oleva tiedonsiirtomoduuli irrotetaan ja korvataan uudella alkuper\u00e4isell\u00e4 Visonic 4G -moduulilla, joka asennetaan suoraan keskusyksikk\u00f6\u00f6n. Selke\u00e4t asennusohjeet sis\u00e4ltyv\u00e4t toimitukseen, eik\u00e4 erikoisty\u00f6kaluja tarvita.<\/p>\n<p data-start=\"1026\" data-end=\"1266\">Visonic 4G\/LTE -moduuli tarjoaa nopean, vakaan ja turvallisen tiedonsiirron sek\u00e4 tapahtumaraportointiin ett\u00e4 et\u00e4hallintaan. Se k\u00e4ytt\u00e4\u00e4 ensisijaisena tiedonsiirtopolkuna LTE (4G) -verkkoa, mutta voi vaihtaa automaattisesti tarvittaessa varmistaakseen keskeytym\u00e4tt\u00f6m\u00e4n toiminnan.<\/p>\n<p data-start=\"1268\" data-end=\"1415\">Moduuli on yhteensopiva PowerMaster 10:n, 30:n ja 33:n (versio 18.04 tai uudempi) kanssa ja tukee tiedonsiirtoa SIA\/IP-, SIA- ja Contact ID -protokollien kautta.<\/p>\n<hr data-start=\"1417\" data-end=\"1420\" \/>\n<h3 data-start=\"1422\" data-end=\"1453\"><strong data-start=\"1426\" data-end=\"1453\">Ominaisuudet ja edut<\/strong><\/h3>\n<ul data-start=\"1454\" data-end=\"1927\">\n<li data-start=\"1454\" data-end=\"1512\">\n<p data-start=\"1456\" data-end=\"1512\">P\u00e4ivit\u00e4 helposti 2G\/3G-yhteydest\u00e4 4G\/LTE-yhteyteen<\/p>\n<\/li>\n<li data-start=\"1513\" data-end=\"1587\">\n<p data-start=\"1515\" data-end=\"1587\">Nopea ja vakaa yhteys tapahtumaraportointiin ja et\u00e4hallintaan<\/p>\n<\/li>\n<li data-start=\"1588\" data-end=\"1660\">\n<p data-start=\"1590\" data-end=\"1660\">Yhteensopiva PowerMaster 10:n, 30:n ja 33:n kanssa (versio 18.04 tai uudempi)<\/p>\n<\/li>\n<li data-start=\"1661\" data-end=\"1726\">\n<p data-start=\"1663\" data-end=\"1726\">Helppo asennus \u2013 korvaa vanhan moduulin, k\u00e4ytt\u00f6ohje ja ohjeet sis\u00e4ltyv\u00e4t hintaan<\/p>\n<\/li>\n<li data-start=\"1727\" data-end=\"1794\">\n<p data-start=\"1729\" data-end=\"1794\">T\u00e4ysi kaksisuuntainen tiedonsiirto SIA\/IP:n, SIA:n ja Contact ID:n kautta<\/p>\n<\/li>\n<li data-start=\"1795\" data-end=\"1862\">\n<p data-start=\"1797\" data-end=\"1862\">Mahdollisuus liitt\u00e4\u00e4 ulkoinen antenni signaalin voimakkuuden parantamiseksi<\/p>\n<\/li>\n<li data-start=\"1863\" data-end=\"1927\">\n<p data-start=\"1865\" data-end=\"1927\">Turvallinen ja tulevaisuudenkest\u00e4v\u00e4 ratkaisu vanhojen verkkojen sulkemisen yhteydess\u00e4<\/p>\n<\/li>\n<\/ul>\n<hr data-start=\"1929\" data-end=\"1932\" \/>\n<h3 data-start=\"1934\" data-end=\"1957\"><strong data-start=\"1938\" data-end=\"1957\">Tekniset tiedot<\/strong><\/h3>\n<ul data-start=\"1958\" data-end=\"2329\">\n<li data-start=\"1986\" data-end=\"2044\">\n<p data-start=\"1988\" data-end=\"2044\"><strong data-start=\"1988\" data-end=\"2006\">Viestint\u00e4:<\/strong> 4G\/LTE (yhteensopiva 2G-varaverkon kanssa)<\/p>\n<\/li>\n<li data-start=\"2045\" data-end=\"2139\">\n<p data-start=\"2047\" data-end=\"2139\"><strong data-start=\"2047\" data-end=\"2072\">Yhteensopivat ohjauspaneelit:<\/strong> PowerMaster 10, PowerMaster 30, PowerMaster 33 (versio \u2265 18.04)<\/p>\n<\/li>\n<li data-start=\"2140\" data-end=\"2182\">\n<p data-start=\"2142\" data-end=\"2182\"><strong data-start=\"2142\" data-end=\"2156\">Protokolla:<\/strong> SIA\/IP, SIA, Yhteyshenkil\u00f6n tunnus<\/p>\n<\/li>\n<li data-start=\"2183\" data-end=\"2225\">\n<p data-start=\"2185\" data-end=\"2225\"><strong data-start=\"2185\" data-end=\"2199\">Asennus:<\/strong> Suoraan keskusyksik\u00f6ss\u00e4<\/p>\n<\/li>\n<li data-start=\"2226\" data-end=\"2268\">\n<p data-start=\"2228\" data-end=\"2268\"><strong data-start=\"2228\" data-end=\"2249\">Virtal\u00e4hde:<\/strong> Keskusyksik\u00f6n kautta<\/p>\n<\/li>\n<li data-start=\"2269\" data-end=\"2297\">\n<p data-start=\"2271\" data-end=\"2297\"><strong data-start=\"2271\" data-end=\"2287\">Valmistaja:<\/strong> Visonic<\/p>\n<\/li>\n<li data-start=\"2298\" data-end=\"2329\">\n<p data-start=\"2300\" data-end=\"2329\"><strong data-start=\"2300\" data-end=\"2318\">Tuotenumero:<\/strong> 9-103877<\/p>\n<\/li>\n<\/ul>\n<hr data-start=\"2331\" data-end=\"2334\" \/>\n<h3 data-start=\"2336\" data-end=\"2394\"><strong data-start=\"2340\" data-end=\"2394\">PowerMaster 10 -laitteen version tarkistaminen<\/strong><\/h3>\n<p data-start=\"2395\" data-end=\"2510\">Varmistaaksesi, ett\u00e4 ohjauspaneelisi on yhteensopiva t\u00e4m\u00e4n moduulin kanssa (vaatii version 18.04 tai uudemman), toimi seuraavasti:<\/p>\n<ol data-start=\"2511\" data-end=\"2718\">\n<li data-start=\"2511\" data-end=\"2568\">\n<p data-start=\"2514\" data-end=\"2568\">Siirry osoitteeseen <strong data-start=\"2522\" data-end=\"2543\">Asentajan valikko<\/strong> PowerMaster 10 -laitteessasi.<\/p>\n<\/li>\n<li data-start=\"2569\" data-end=\"2595\">\n<p data-start=\"2572\" data-end=\"2595\">Valita <strong data-start=\"2577\" data-end=\"2592\">Sarjanumero<\/strong>.<\/p>\n<\/li>\n<li data-start=\"2596\" data-end=\"2628\">\n<p data-start=\"2599\" data-end=\"2628\">Lehdist\u00f6 <strong data-start=\"2608\" data-end=\"2615\">&gt;&gt;&gt;<\/strong>avain.<\/p>\n<\/li>\n<li data-start=\"2629\" data-end=\"2718\">\n<p data-start=\"2632\" data-end=\"2718\">N\u00e4yt\u00f6ss\u00e4 n\u00e4kyv\u00e4t viimeiset numerot osoittavat laiteohjelmistoversion. Esimerkiksi: \u201c<em>JS702271<\/em> <strong>I18.040\u2033 = 18.04<\/strong><\/p>\n<\/li>\n<\/ol>\n<p data-start=\"2720\" data-end=\"2800\">Jos versio on <strong data-start=\"2736\" data-end=\"2757\">18.04 tai uudempi<\/strong>, ohjauspaneelisi on yhteensopiva 4G-moduulin kanssa.<\/p>\n<p data-start=\"2720\" data-end=\"2800\">","protected":false},"excerpt":{"rendered":"<p>Visonicin 4G\/LTE-tiedonsiirtomoduuli p\u00e4ivitt\u00e4\u00e4 PowerMaster 10:n, 30:n ja 33:n nykyaikaiseen 4G-tiedonsiirtoon.<br data-start=\"2958\" data-end=\"2961\" \/>Tarjoaa nopean, vakaan ja turvallisen yhteyden raportointiin ja et\u00e4hallintaan. Helppo asennus \u2013 vaihda olemassa oleva moduuli uuteen. Yhteensopiva version 18.04 tai uudemman kanssa.<\/p>","protected":false},"featured_media":141344,"template":"","meta":{"_acf_changed":false},"product_brand":[],"product_cat":[3375],"product_tag":[2331],"class_list":{"0":"post-68307","1":"product","2":"type-product","3":"status-publish","4":"has-post-thumbnail","6":"product_cat-visonic-larmsandare-ip-4g","7":"product_tag-visonic-larmoverforing","8":"pa_brands-5visonic","9":"pa_farg-vit","10":"tm-no-options","12":"first","13":"instock","14":"sale","15":"featured","16":"taxable","17":"shipping-taxable","18":"purchasable","19":"product-type-simple"},"acf":[],"_links":{"self":[{"href":"https:\/\/secureus.se\/fi\/wp-json\/wp\/v2\/product\/68307","targetHints":{"allow":["GET"]}}],"collection":[{"href":"https:\/\/secureus.se\/fi\/wp-json\/wp\/v2\/product"}],"about":[{"href":"https:\/\/secureus.se\/fi\/wp-json\/wp\/v2\/types\/product"}],"wp:featuredmedia":[{"embeddable":true,"href":"https:\/\/secureus.se\/fi\/wp-json\/wp\/v2\/media\/141344"}],"wp:attachment":[{"href":"https:\/\/secureus.se\/fi\/wp-json\/wp\/v2\/media?parent=68307"}],"wp:term":[{"taxonomy":"product_brand","embeddable":true,"href":"https:\/\/secureus.se\/fi\/wp-json\/wp\/v2\/product_brand?post=68307"},{"taxonomy":"product_cat","embeddable":true,"href":"https:\/\/secureus.se\/fi\/wp-json\/wp\/v2\/product_cat?post=68307"},{"taxonomy":"product_tag","embeddable":true,"href":"https:\/\/secureus.se\/fi\/wp-json\/wp\/v2\/product_tag?post=68307"}],"curies":[{"name":"wp","href":"https:\/\/api.w.org\/{rel}","templated":true}]}}