{"id":68309,"date":"2022-11-21T17:13:32","date_gmt":"2022-11-21T16:13:32","guid":{"rendered":"https:\/\/secureus.se\/produkt\/visonic-mc-312-pg2-powerg-wireless-outdoor-magnetic-contact-with-auxiliary-input-black\/"},"modified":"2026-04-09T11:36:43","modified_gmt":"2026-04-09T09:36:43","slug":"magnetkontakt-mc-312-utomhus-visonic","status":"publish","type":"product","link":"https:\/\/secureus.se\/fi\/magnetkontakt-mc-312-utomhus-visonic\/","title":{"rendered":"Magneettinen liitin MC-312 Outdoor PG2 PowerG Wireless - Visonic"},"content":{"rendered":"<div class=\"product-information u-m-b-06\">\n<div id=\"content-2\"><\/div>\n<\/div>\n<h1>Magneettinen kosketin MC-312 Outdoor \u2013 Optimaalinen langaton suojaus<\/h1>\n<p>Magneettinen kosketin MC-312 Outdoor on paras ratkaisu ikkunoiden, porttien ja ovien suojaamiseen.<\/p>\n<p>Se on suunniteltu kest\u00e4m\u00e4\u00e4n \u00e4\u00e4rimm\u00e4isi\u00e4 olosuhteita kovasta s\u00e4\u00e4st\u00e4 vaativiin turvallisuustarpeisiin.<\/p>\n<p>Vallankumouksellisella PowerG-tekniikalla se yhdist\u00e4\u00e4 langallisten j\u00e4rjestelmien turvallisuuden langattomien ratkaisujen yksinkertaisuuteen.<\/p>\n<h4>MC-312 Outdoorin edut:<\/h4>\n<ul>\n<li><strong>Yksinkertainen asennus<\/strong>: Automaattinen rekister\u00f6inti ja langaton tekniikka s\u00e4\u00e4st\u00e4v\u00e4t aikaa ja vaivaa.<\/li>\n<li><strong>Vankka muotoilu<\/strong>: IP66-sertifikaatti suojaa p\u00f6lylt\u00e4 ja vedelt\u00e4, ja se toimii l\u00e4mp\u00f6tiloissa -40\u00b0C - +66\u00b0C.<\/li>\n<li><strong>Pitk\u00e4 k\u00e4ytt\u00f6ik\u00e4<\/strong>: Jopa 5 vuoden akun k\u00e4ytt\u00f6i\u00e4n ja ulkoisten vaikutusten kest\u00e4vyyden ansiosta se on luotettava turvaratkaisu.<\/li>\n<\/ul>\n<h3>T\u00e4ydellinen kotiin ja yritykseen<\/h3>\n<p>MC-312 soveltuu sek\u00e4 yksityiskoteihin ett\u00e4 liikekiinteist\u00f6ihin.<\/p>\n<p>Se on ihanteellinen porttien, ikkunoiden ja puutarhatilojen kiinnitt\u00e4miseen.<\/p>\n<p>Lis\u00e4ksi sen esteettinen ja maalattava kotelo tekee siit\u00e4 huomaamattoman ja muokattavissa.<\/p>\n<p><iframe src=\"https:\/\/www.youtube.com\/embed\/k4AuKTJvg98\" width=\"505\" height=\"284\" frameborder=\"0\" allowfullscreen=\"allowfullscreen\"><\/iframe><\/p>","protected":false},"excerpt":{"rendered":"<p>MC-312 Outdoor Magneettinen kosketin PowerG-tekniikalla tarjoaa korkean suorituskyvyn langattoman suojauksen ikkunoille, oville ja porteille.<\/p>\n<p>IP66-sertifioitu ja kest\u00e4\u00e4 \u00e4\u00e4rimm\u00e4isi\u00e4 s\u00e4\u00e4olosuhteita.<\/p>","protected":false},"featured_media":141195,"template":"","meta":{"_acf_changed":false},"product_brand":[],"product_cat":[3376,3381,3380],"product_tag":[2472,3125],"class_list":{"0":"post-68309","1":"product","2":"type-product","3":"status-publish","4":"has-post-thumbnail","6":"product_cat-visonic-larmenheter","7":"product_cat-visonic-magnetkontakter","8":"product_cat-visonic-utomhusdetektorer","9":"product_tag-sbsc-larmklassr","10":"product_tag-visonic-magnet","11":"product_shipping_class-tunga-paket","12":"pa_brands-5visonic","13":"tm-no-options","15":"first","16":"instock","17":"sale","18":"taxable","19":"shipping-taxable","20":"purchasable","21":"product-type-simple"},"acf":[],"_links":{"self":[{"href":"https:\/\/secureus.se\/fi\/wp-json\/wp\/v2\/product\/68309","targetHints":{"allow":["GET"]}}],"collection":[{"href":"https:\/\/secureus.se\/fi\/wp-json\/wp\/v2\/product"}],"about":[{"href":"https:\/\/secureus.se\/fi\/wp-json\/wp\/v2\/types\/product"}],"wp:featuredmedia":[{"embeddable":true,"href":"https:\/\/secureus.se\/fi\/wp-json\/wp\/v2\/media\/141195"}],"wp:attachment":[{"href":"https:\/\/secureus.se\/fi\/wp-json\/wp\/v2\/media?parent=68309"}],"wp:term":[{"taxonomy":"product_brand","embeddable":true,"href":"https:\/\/secureus.se\/fi\/wp-json\/wp\/v2\/product_brand?post=68309"},{"taxonomy":"product_cat","embeddable":true,"href":"https:\/\/secureus.se\/fi\/wp-json\/wp\/v2\/product_cat?post=68309"},{"taxonomy":"product_tag","embeddable":true,"href":"https:\/\/secureus.se\/fi\/wp-json\/wp\/v2\/product_tag?post=68309"}],"curies":[{"name":"wp","href":"https:\/\/api.w.org\/{rel}","templated":true}]}}