{"id":68315,"date":"2022-11-21T17:13:14","date_gmt":"2022-11-21T16:13:14","guid":{"rendered":"https:\/\/secureus.se\/produkt\/visonic-kf-235-pg2-powerg-wireless-4-button-keyfob-transmitter\/"},"modified":"2026-03-27T10:29:52","modified_gmt":"2026-03-27T09:29:52","slug":"fjarrkontroll-kf-235-pg2-visonic","status":"publish","type":"product","link":"https:\/\/secureus.se\/fi\/fjarrkontroll-kf-235-pg2-visonic\/","title":{"rendered":"Kaukos\u00e4\u00e4din KF-235 PG2 PowerG \u2013 Visonic"},"content":{"rendered":"<h1>Kaukos\u00e4\u00e4din KF-235 PG2 \u2013 Smooth Security PowerG-tekniikalla<\/h1>\n<p>KF-235 PG2 on t\u00e4ydellinen kaukos\u00e4\u00e4din PowerMaster-h\u00e4lytysj\u00e4rjestelm\u00e4n hallintaan.<\/p>\n<p>Nelj\u00e4 k\u00e4ytt\u00e4j\u00e4yst\u00e4v\u00e4llist\u00e4 painiketta viritt\u00e4mist\u00e4 ja poiskytkent\u00e4\u00e4, paniikkih\u00e4lytyksi\u00e4 ja j\u00e4rjestelm\u00e4n tilaa varten tarjoavat sek\u00e4 mukavuuden ett\u00e4 turvallisuuden.<\/p>\n<h4>KF-235 PG2:n edut:<\/h4>\n<ul>\n<li><strong>Pitk\u00e4 kantama<\/strong>: PowerG-tekniikan ansiosta j\u00e4rjestelm\u00e4 voidaan asentaa ilman toistinta, jopa suurempiin kiinteist\u00f6ihin.<\/li>\n<li><strong>Pitk\u00e4 akunkesto<\/strong>: Jopa 8 vuotta normaalik\u00e4yt\u00f6ss\u00e4 tekee huollosta helppoa.<\/li>\n<li><strong>Yhteensopivuus<\/strong>: Suunniteltu toimimaan saumattomasti PowerMaster-j\u00e4rjestelmien ja PowerG-vastaanottimien kanssa.<\/li>\n<\/ul>\n<h3>Tyyli ja toiminnallisuus<\/h3>\n<p>KF-235 PG2:n kompakti ja tyylik\u00e4s muotoilu tekee siit\u00e4 helpon kuljettaa, ja se on tarpeeksi pieni mahtumaan taskuun.<\/p>\n<p>Kaukos\u00e4\u00e4timess\u00e4 on my\u00f6s n\u00e4kyv\u00e4t ilmoitukset alhaisesta paristosta ja j\u00e4rjestelm\u00e4n tilasta, mik\u00e4 varmistaa, ett\u00e4 olet aina ajan tasalla.<\/p>\n<h4>Miksi valita KF-235 PG2?<\/h4>\n<ul>\n<li>Mullistava PowerG-tekniikka turvalliseen ja vakaaseen viestint\u00e4\u00e4n.<\/li>\n<li>Helppok\u00e4ytt\u00f6inen, yht\u00e4 k\u00e4tev\u00e4 kuin auton avain.<\/li>\n<li>Turvallinen valinta niin kotiin kuin yritykseen.<\/li>\n<\/ul>\n<p>KF-235 PG2 ei ole pelkk\u00e4 kaukos\u00e4\u00e4din \u2013 se on avaimesi turvallisempaan kotiin.<\/p>","protected":false},"excerpt":{"rendered":"<p>Kaukos\u00e4\u00e4din KF-235 PG2 yhdist\u00e4\u00e4 turvallisuuden ja mukavuuden.<\/p>\n<p>PowerG-teknologian ja pitk\u00e4n akunkeston ansiosta se on t\u00e4ydellinen ratkaisu h\u00e4lytysj\u00e4rjestelm\u00e4\u00e4si.<\/p>","protected":false},"featured_media":141071,"template":"","meta":{"_acf_changed":false},"product_brand":[],"product_cat":[3378],"product_tag":[2327],"class_list":{"0":"post-68315","1":"product","2":"type-product","3":"status-publish","4":"has-post-thumbnail","6":"product_cat-visonic-larmstyrning-knappsatser","7":"product_tag-visonic-fjarr-assistansknapp","8":"product_shipping_class-postnord-varubrev","9":"pa_brands-5visonic","10":"tm-no-options","12":"first","13":"instock","14":"sale","15":"featured","16":"taxable","17":"shipping-taxable","18":"purchasable","19":"product-type-simple"},"acf":[],"_links":{"self":[{"href":"https:\/\/secureus.se\/fi\/wp-json\/wp\/v2\/product\/68315","targetHints":{"allow":["GET"]}}],"collection":[{"href":"https:\/\/secureus.se\/fi\/wp-json\/wp\/v2\/product"}],"about":[{"href":"https:\/\/secureus.se\/fi\/wp-json\/wp\/v2\/types\/product"}],"wp:featuredmedia":[{"embeddable":true,"href":"https:\/\/secureus.se\/fi\/wp-json\/wp\/v2\/media\/141071"}],"wp:attachment":[{"href":"https:\/\/secureus.se\/fi\/wp-json\/wp\/v2\/media?parent=68315"}],"wp:term":[{"taxonomy":"product_brand","embeddable":true,"href":"https:\/\/secureus.se\/fi\/wp-json\/wp\/v2\/product_brand?post=68315"},{"taxonomy":"product_cat","embeddable":true,"href":"https:\/\/secureus.se\/fi\/wp-json\/wp\/v2\/product_cat?post=68315"},{"taxonomy":"product_tag","embeddable":true,"href":"https:\/\/secureus.se\/fi\/wp-json\/wp\/v2\/product_tag?post=68315"}],"curies":[{"name":"wp","href":"https:\/\/api.w.org\/{rel}","templated":true}]}}