{"id":68317,"date":"2022-11-21T17:13:06","date_gmt":"2022-11-21T16:13:06","guid":{"rendered":"https:\/\/secureus.se\/produkt\/visonic-sr-720b-pg2-powerg-wireless-2-way-indoor-siren\/"},"modified":"2026-04-01T15:52:14","modified_gmt":"2026-04-01T13:52:14","slug":"siren-sr-720b-inomhus-tradlos-visonic","status":"publish","type":"product","link":"https:\/\/secureus.se\/fi\/siren-sr-720b-inomhus-tradlos-visonic\/","title":{"rendered":"Sireeni SR-720B PG2 Indoor Wireless PowerG \u2013 Visonic"},"content":{"rendered":"<h1>Sireeni SR-720B PG2 \u2013 Tyylik\u00e4s ja tehokas sis\u00e4sireeni<\/h1>\n<p>P\u00e4ivit\u00e4 turvaj\u00e4rjestelm\u00e4si Siren SR-720B PG2:lla.<\/p>\n<p>T\u00e4ss\u00e4 langattomassa sis\u00e4sireeniss\u00e4 yhdistyy moderni muotoilu korkean suorituskyvyn teknologiaan, joka antaa sinulle sek\u00e4 n\u00e4kyv\u00e4n ett\u00e4 kuuluvan turvallisuuden.<\/p>\n<p>Kovalla 110 dB:n \u00e4\u00e4nell\u00e4 ja voimakkaan valkoisen v\u00e4lkkyv\u00e4n valon ansiosta on mahdotonta sivuuttaa h\u00e4lytyst\u00e4.<\/p>\n<h4>Miksi valita SR-720B PG2?<\/h4>\n<ul>\n<li><strong>PowerG-tekniikkaa<\/strong>: Turvallinen ja luotettava kaksisuuntainen viestint\u00e4, joka eliminoi toistimien tarpeen.<\/li>\n<li><strong>Tehokas varoitus<\/strong>: 110 dB Pietso\u00e4\u00e4ni ja vilkkuva strobovalo kiinnitt\u00e4v\u00e4t heti huomion.<\/li>\n<li><strong>Pitk\u00e4 akunkesto<\/strong>: Jopa 8 vuotta normaalik\u00e4yt\u00f6ss\u00e4, mik\u00e4 tekee siit\u00e4 kustannustehokkaan ja v\u00e4h\u00e4n huoltoa vaativan.<\/li>\n<\/ul>\n<h3>K\u00e4ytt\u00e4j\u00e4yst\u00e4v\u00e4llinen ja joustava<\/h3>\n<p>T\u00e4m\u00e4 sireeni on yhteensopiva kaikkien PowerMaster-j\u00e4rjestelmien kanssa ja on helppo ohjelmoida ohjauspaneelin kautta.<\/p>\n<p>Sen kaksoispeukalointisuoja ja n\u00e4kyv\u00e4 signaalin laadun ilmaisin tarjoavat lis\u00e4turvaa ja helppok\u00e4ytt\u00f6isyytt\u00e4.<\/p>\n<p>Sijoita Siren SR-720B PG2:een parantaaksesi sis\u00e4tilojen turvallisuutta ja luodaksesi turvallisen ymp\u00e4rist\u00f6n sek\u00e4 kotiin ett\u00e4 yrityksille.<\/p>","protected":false},"excerpt":{"rendered":"<p>Sireeni SR-720B PG2 on tyylik\u00e4s ja tehokas langaton sis\u00e4sireeni PowerG-tekniikalla.<\/p>\n<p>T\u00e4ydellinen turvallisiin koteihin ja yrityksiin.<\/p>","protected":false},"featured_media":141360,"template":"","meta":{"_acf_changed":false},"product_brand":[],"product_cat":[1562,3377],"product_tag":[2472,2333],"class_list":{"0":"post-68317","1":"product","2":"type-product","3":"status-publish","4":"has-post-thumbnail","6":"product_cat-larmdon-blixtljus","7":"product_cat-visonic-siren","8":"product_tag-sbsc-larmklassr","9":"product_tag-visonic-siren","10":"product_shipping_class-tunga-paket","11":"pa_brands-5visonic","12":"tm-no-options","14":"first","15":"instock","16":"sale","17":"taxable","18":"shipping-taxable","19":"purchasable","20":"product-type-simple"},"acf":[],"_links":{"self":[{"href":"https:\/\/secureus.se\/fi\/wp-json\/wp\/v2\/product\/68317","targetHints":{"allow":["GET"]}}],"collection":[{"href":"https:\/\/secureus.se\/fi\/wp-json\/wp\/v2\/product"}],"about":[{"href":"https:\/\/secureus.se\/fi\/wp-json\/wp\/v2\/types\/product"}],"wp:featuredmedia":[{"embeddable":true,"href":"https:\/\/secureus.se\/fi\/wp-json\/wp\/v2\/media\/141360"}],"wp:attachment":[{"href":"https:\/\/secureus.se\/fi\/wp-json\/wp\/v2\/media?parent=68317"}],"wp:term":[{"taxonomy":"product_brand","embeddable":true,"href":"https:\/\/secureus.se\/fi\/wp-json\/wp\/v2\/product_brand?post=68317"},{"taxonomy":"product_cat","embeddable":true,"href":"https:\/\/secureus.se\/fi\/wp-json\/wp\/v2\/product_cat?post=68317"},{"taxonomy":"product_tag","embeddable":true,"href":"https:\/\/secureus.se\/fi\/wp-json\/wp\/v2\/product_tag?post=68317"}],"curies":[{"name":"wp","href":"https:\/\/api.w.org\/{rel}","templated":true}]}}