{"id":68321,"date":"2022-11-21T17:12:55","date_gmt":"2022-11-21T16:12:55","guid":{"rendered":"https:\/\/secureus.se\/produkt\/visonic-trafopm10-internal-switching-power-supply-100v-240v-ac-7-5v-dc-1-2a-for-powermaster-10\/"},"modified":"2026-04-28T19:15:20","modified_gmt":"2026-04-28T17:15:20","slug":"power-supply-trafopm10-visonic","status":"publish","type":"product","link":"https:\/\/secureus.se\/fi\/power-supply-trafopm10-visonic\/","title":{"rendered":"Visonicin sis\u00e4inen virtal\u00e4hde PowerMaster-10 ohjauspaneeleille - Varaosa"},"content":{"rendered":"<h1>Virtal\u00e4hde TRAFOPM10 Visonic virtal\u00e4hde PowerMaster-10:lle \u2013 luotettava virtal\u00e4hde<\/h1>\n<p>Palauta PowerMaster-10-ohjauspaneelisi toiminnallisuus alkuper\u00e4isell\u00e4 Visonicsin virtal\u00e4hteell\u00e4.<\/p>\n<p>T\u00e4m\u00e4 laadukas varaosa on suunniteltu korvaamaan vialliset tai rikkin\u00e4iset virtal\u00e4hteet varmistaen, ett\u00e4 h\u00e4lytyspaneelisi toimii optimaalisesti.<\/p>\n<h4>Visonics-virtal\u00e4hteiden edut:<\/h4>\n<ul>\n<li><strong>Korkea yhteensopivuus<\/strong>: Kehitetty erityisesti PowerMaster-10 h\u00e4lytysj\u00e4rjestelmille.<\/li>\n<li><strong>Vakaa suorituskyky<\/strong>: Tuloj\u00e4nnite 100\u2013240 V AC ja l\u00e4ht\u00f6 7,5 V DC \/ 1,2 A takaavat vakaan toiminnan.<\/li>\n<li><strong>Yksinkertainen asennus<\/strong>: T\u00e4ydellinen viallisen laitteen nopeaan ja tehokkaaseen vaihtamiseen.<\/li>\n<\/ul>\n<h3>Ihanteellinen kotiin ja yrityksille<\/h3>\n<p>K\u00e4yt\u00e4tp\u00e4 PowerMaster-10-j\u00e4rjestelm\u00e4\u00e4 kotona tai ty\u00f6paikalla, t\u00e4m\u00e4 virtal\u00e4hde on t\u00e4rke\u00e4 osa turvallisuuden yll\u00e4pit\u00e4mist\u00e4.<\/p>\n<p>Yksik\u00f6n vaihtaminen voi ratkaista yleisi\u00e4 ongelmia, kuten paneelin ei k\u00e4ynnisty tai toimi kunnolla.<\/p>\n<h4>T\u00e4rke\u00e4\u00e4 huomioida:<\/h4>\n<ul>\n<li>Katkaise virta ennen virtal\u00e4hteen vaihtamista.<\/li>\n<li>Jos olet ep\u00e4varma, ota yhteytt\u00e4 valtuutettuun h\u00e4lytinasentajaan ammattiavun saamiseksi.<\/li>\n<\/ul>\n<p>Anna h\u00e4lytyspaneelillesi sen ansaitsema luotettava virtal\u00e4hde Visonicsin PowerMaster-10-virtal\u00e4hteell\u00e4.<\/p>","protected":false},"excerpt":{"rendered":"<p>PowerMaster-10:n Visonics-virtal\u00e4hteet tarjoavat luotettavan virtal\u00e4hteen.<\/p>\n<p>T\u00e4ydellinen varaosa h\u00e4lytyspaneelisi toiminnan palauttamiseen.<\/p>","protected":false},"featured_media":141605,"template":"","meta":{"_acf_changed":false},"product_brand":[],"product_cat":[3379],"product_tag":[2334],"class_list":{"0":"post-68321","1":"product","2":"type-product","3":"status-publish","4":"has-post-thumbnail","6":"product_cat-visonic-batteri-reservdelar","7":"product_tag-visonic-reservdel","8":"product_shipping_class-postnord-varubrev","9":"pa_brands-5visonic","10":"pa_farg-svart","11":"tm-no-options","13":"first","14":"instock","15":"sale","16":"featured","17":"taxable","18":"shipping-taxable","19":"purchasable","20":"product-type-simple"},"acf":[],"_links":{"self":[{"href":"https:\/\/secureus.se\/fi\/wp-json\/wp\/v2\/product\/68321","targetHints":{"allow":["GET"]}}],"collection":[{"href":"https:\/\/secureus.se\/fi\/wp-json\/wp\/v2\/product"}],"about":[{"href":"https:\/\/secureus.se\/fi\/wp-json\/wp\/v2\/types\/product"}],"wp:featuredmedia":[{"embeddable":true,"href":"https:\/\/secureus.se\/fi\/wp-json\/wp\/v2\/media\/141605"}],"wp:attachment":[{"href":"https:\/\/secureus.se\/fi\/wp-json\/wp\/v2\/media?parent=68321"}],"wp:term":[{"taxonomy":"product_brand","embeddable":true,"href":"https:\/\/secureus.se\/fi\/wp-json\/wp\/v2\/product_brand?post=68321"},{"taxonomy":"product_cat","embeddable":true,"href":"https:\/\/secureus.se\/fi\/wp-json\/wp\/v2\/product_cat?post=68321"},{"taxonomy":"product_tag","embeddable":true,"href":"https:\/\/secureus.se\/fi\/wp-json\/wp\/v2\/product_tag?post=68321"}],"curies":[{"name":"wp","href":"https:\/\/api.w.org\/{rel}","templated":true}]}}