{"id":68335,"date":"2022-11-21T17:12:04","date_gmt":"2022-11-21T16:12:04","guid":{"rendered":"https:\/\/secureus.se\/produkt\/visonic-tower-cam-pg2-wireless-outdoor-pir-mirror-detector-and-integrated-camera\/"},"modified":"2026-04-09T11:40:08","modified_gmt":"2026-04-09T09:40:08","slug":"tower-cam-pg2-utomhus-kamera-visonic","status":"publish","type":"product","link":"https:\/\/secureus.se\/fi\/tower-cam-pg2-utomhus-kamera-visonic\/","title":{"rendered":"TOWER CAM PG2 \u2013 PIR-ulkopeilitunnistin + integroitu kamera \u2013 Visonic"},"content":{"rendered":"<h1>TOWER CAM PG2 \u2013 Edistynyt ulkoiluturvallisuus kameralla<\/h1>\n<p>TOWER CAM PG2 on innovatiivinen ratkaisu ulkoturvallisuuteen.<\/p>\n<p>Siin\u00e4 yhdistyv\u00e4t edistynyt liikkeentunnistus ja sis\u00e4\u00e4nrakennettu kamera, joka mahdollistaa v\u00e4litt\u00f6m\u00e4n kuvantarkistuksen h\u00e4lytyksen sattuessa.<\/p>\n<p>T\u00e4ydellinen koteihin ja yrityksiin, jotka vaativat korkeaa turvallisuutta ja minimaalista v\u00e4\u00e4rien h\u00e4lytysten riski\u00e4.<\/p>\n<h4>T\u00e4rkeimm\u00e4t ominaisuudet:<\/h4>\n<ul>\n<li><strong>Edistynyt tunnistus<\/strong>: Octa-Quad-tekniikka, jossa kahdeksan PIR-anturia tarkkaan liikkeentunnistukseen.<\/li>\n<li><strong>Kuvan vahvistus<\/strong>: L\u00e4hett\u00e4\u00e4 v\u00e4litt\u00f6m\u00e4sti kuvat h\u00e4lytyskeskukseen havaitessaan v\u00e4hent\u00e4\u00e4kseen kustannuksia ja v\u00e4\u00e4ri\u00e4 h\u00e4lytyksi\u00e4.<\/li>\n<li><strong>Vankka muotoilu<\/strong>: S\u00e4\u00e4nkest\u00e4v\u00e4 rakenne peukalointisuojalla ja peitt\u00e4misen estotekniikalla.<\/li>\n<\/ul>\n<h3>Helppo asennus ja k\u00e4ytt\u00f6<\/h3>\n<p>TOWER CAM PG2 on suunniteltu helposti integroitavaksi PowerMaster-j\u00e4rjestelmiin.<\/p>\n<p>Sen Plug &amp; Play -ominaisuudet tekev\u00e4t asennuksesta saumattoman, kun taas et\u00e4m\u00e4\u00e4ritys s\u00e4\u00e4st\u00e4\u00e4 aikaa ja resursseja sek\u00e4 asentajilta ett\u00e4 k\u00e4ytt\u00e4jilt\u00e4.<\/p>\n<h4>Edut loppuk\u00e4ytt\u00e4jille:<\/h4>\n<ul>\n<li>Pitk\u00e4 akun k\u00e4ytt\u00f6ik\u00e4 jopa 3 vuotta.<\/li>\n<li>Kameran IR-valaistus mahdollistaa kuvat t\u00e4ydellisess\u00e4 pime\u00e4ss\u00e4.<\/li>\n<li>Immuniteetti lemmikkeihin 18 kg asti.<\/li>\n<\/ul>\n<p>TOWER CAM PG2:lla saat mielenrauhan ja hallinnan ulkoturvallisuudestasi.<\/p>","protected":false},"excerpt":{"rendered":"<p>TOWER CAM PG2 on edistynyt ulkok\u00e4ytt\u00f6\u00f6n tarkoitettu PIR-ilmaisin, jossa on sis\u00e4\u00e4nrakennettu kamera.<\/p>\n<p>Suojattu liikkeentunnistus ja kuvanvarmistus takaavat parhaan mahdollisen suojan.<\/p>","protected":false},"featured_media":141390,"template":"","meta":{"_acf_changed":false},"product_brand":[],"product_cat":[3376,3380],"product_tag":[2472,2326],"class_list":{"0":"post-68335","1":"product","2":"type-product","3":"status-publish","4":"has-post-thumbnail","6":"product_cat-visonic-larmenheter","7":"product_cat-visonic-utomhusdetektorer","8":"product_tag-sbsc-larmklassr","9":"product_tag-visonic-kamera","10":"product_shipping_class-tunga-paket","11":"pa_brands-5visonic","12":"tm-no-options","14":"first","15":"onbackorder","16":"sale","17":"taxable","18":"shipping-taxable","19":"purchasable","20":"product-type-simple"},"acf":[],"_links":{"self":[{"href":"https:\/\/secureus.se\/fi\/wp-json\/wp\/v2\/product\/68335","targetHints":{"allow":["GET"]}}],"collection":[{"href":"https:\/\/secureus.se\/fi\/wp-json\/wp\/v2\/product"}],"about":[{"href":"https:\/\/secureus.se\/fi\/wp-json\/wp\/v2\/types\/product"}],"wp:featuredmedia":[{"embeddable":true,"href":"https:\/\/secureus.se\/fi\/wp-json\/wp\/v2\/media\/141390"}],"wp:attachment":[{"href":"https:\/\/secureus.se\/fi\/wp-json\/wp\/v2\/media?parent=68335"}],"wp:term":[{"taxonomy":"product_brand","embeddable":true,"href":"https:\/\/secureus.se\/fi\/wp-json\/wp\/v2\/product_brand?post=68335"},{"taxonomy":"product_cat","embeddable":true,"href":"https:\/\/secureus.se\/fi\/wp-json\/wp\/v2\/product_cat?post=68335"},{"taxonomy":"product_tag","embeddable":true,"href":"https:\/\/secureus.se\/fi\/wp-json\/wp\/v2\/product_tag?post=68335"}],"curies":[{"name":"wp","href":"https:\/\/api.w.org\/{rel}","templated":true}]}}