{"id":68339,"date":"2022-11-21T17:11:56","date_gmt":"2022-11-21T16:11:56","guid":{"rendered":"https:\/\/secureus.se\/produkt\/visonic-sd-304c-pg2-powerg-wireless-shock-and-contact-detector-with-wired-input\/"},"modified":"2026-04-09T11:40:23","modified_gmt":"2026-04-09T09:40:23","slug":"vibrationsdetektor-sd-304-pg2-visonic","status":"publish","type":"product","link":"https:\/\/secureus.se\/fi\/vibrationsdetektor-sd-304-pg2-visonic\/","title":{"rendered":"T\u00e4rin\u00e4tunnistin SD-304 PG2 \u2013 Visonic"},"content":{"rendered":"<h1>T\u00e4rin\u00e4tunnistin SD-304 PG2 \u2013 Varhainen tunnistus maksimaalisen suojan takaamiseksi<\/h1>\n<p>SD-304 PG2 on langaton t\u00e4rin\u00e4ntunnistin, joka on suunniteltu havaitsemaan murtautumisyritykset ennen vaurioita.<\/p>\n<p>Se sopii erinomaisesti ovien, ikkunoiden, seinien ja kattojen suojaamiseen sek\u00e4 kodeissa ett\u00e4 liiketiloissa.<\/p>\n<p>PowerG-tekniikan ja edistyneen tunnistuksen ansiosta se on tehokas lis\u00e4 PowerMaster-j\u00e4rjestelmiin.<\/p>\n<h4>Miksi valita SD-304 PG2?<\/h4>\n<ul>\n<li><strong>Tehokas suojavy\u00f6hyke<\/strong>: Havaitsee iskuja ja t\u00e4rin\u00e4\u00e4 jopa 4 metriin ikkunoilla ja 2,5 metriin seinill\u00e4.<\/li>\n<li><strong>K\u00e4ytt\u00e4j\u00e4yst\u00e4v\u00e4llinen asennus<\/strong>: Ainutlaatuinen seitsem\u00e4n segmentin iskumittari ja painikkeet nopeaan s\u00e4\u00e4t\u00f6\u00f6n.<\/li>\n<li><strong>Pitk\u00e4 akunkesto<\/strong>: Jopa 5 vuotta normaalik\u00e4yt\u00f6ss\u00e4.<\/li>\n<\/ul>\n<h3>Aina valmiina h\u00e4t\u00e4tilanteisiin<\/h3>\n<p>SD-304 PG2 tarjoaa my\u00f6s tuen lis\u00e4antureille aux-tulon kautta, mik\u00e4 tekee siit\u00e4 joustavan ja mukautuvan erilaisiin tarpeisiin.<\/p>\n<p>Sen kompakti muotoilu sulautuu helposti mihin tahansa ymp\u00e4rist\u00f6\u00f6n, kun taas et\u00e4huolto mahdollistaa helpon konfiguroinnin ja diagnosoinnin.<\/p>\n<h4>Edut kotitalouksille ja yrityksille:<\/h4>\n<ul>\n<li>Peukalointisuoja sek\u00e4 edess\u00e4 ett\u00e4 takana.<\/li>\n<li>Integroitu LED n\u00e4ytt\u00e4\u00e4 RF-linkin tilan asennuksen aikana.<\/li>\n<li>Yhteensopivuus PowerMaster-j\u00e4rjestelmien version 16 ja uudempien kanssa.<\/li>\n<\/ul>\n<p>Investoi SD-304 PG2:een luodaksesi turvallisemman ymp\u00e4rist\u00f6n sek\u00e4 kodeille ett\u00e4 yrityksille.<\/p>","protected":false},"excerpt":{"rendered":"<p>SD-304 PG2 t\u00e4rin\u00e4tunnistin suojaa murroilta edistyneell\u00e4 tekniikalla.<\/p>\n<p>Helppo asentaa, pitk\u00e4 akunkesto ja yhteensopiva PowerMasterin kanssa.<\/p>","protected":false},"featured_media":141215,"template":"","meta":{"_acf_changed":false},"product_brand":[],"product_cat":[3376,3381],"product_tag":[2472,2335],"class_list":{"0":"post-68339","1":"product","2":"type-product","3":"status-publish","4":"has-post-thumbnail","6":"product_cat-visonic-larmenheter","7":"product_cat-visonic-magnetkontakter","8":"product_tag-sbsc-larmklassr","9":"product_tag-visonic-vatten-vibration-glas","10":"product_shipping_class-postnord-varubrev","11":"pa_brands-5visonic","12":"tm-no-options","14":"first","15":"onbackorder","16":"sale","17":"taxable","18":"shipping-taxable","19":"purchasable","20":"product-type-simple"},"acf":[],"_links":{"self":[{"href":"https:\/\/secureus.se\/fi\/wp-json\/wp\/v2\/product\/68339","targetHints":{"allow":["GET"]}}],"collection":[{"href":"https:\/\/secureus.se\/fi\/wp-json\/wp\/v2\/product"}],"about":[{"href":"https:\/\/secureus.se\/fi\/wp-json\/wp\/v2\/types\/product"}],"wp:featuredmedia":[{"embeddable":true,"href":"https:\/\/secureus.se\/fi\/wp-json\/wp\/v2\/media\/141215"}],"wp:attachment":[{"href":"https:\/\/secureus.se\/fi\/wp-json\/wp\/v2\/media?parent=68339"}],"wp:term":[{"taxonomy":"product_brand","embeddable":true,"href":"https:\/\/secureus.se\/fi\/wp-json\/wp\/v2\/product_brand?post=68339"},{"taxonomy":"product_cat","embeddable":true,"href":"https:\/\/secureus.se\/fi\/wp-json\/wp\/v2\/product_cat?post=68339"},{"taxonomy":"product_tag","embeddable":true,"href":"https:\/\/secureus.se\/fi\/wp-json\/wp\/v2\/product_tag?post=68339"}],"curies":[{"name":"wp","href":"https:\/\/api.w.org\/{rel}","templated":true}]}}