{"id":68341,"date":"2022-11-21T17:11:49","date_gmt":"2022-11-21T16:11:49","guid":{"rendered":"https:\/\/secureus.se\/produkt\/visonic-gb-502-pg2-wireless-glass-break-detector\/"},"modified":"2026-03-27T10:29:11","modified_gmt":"2026-03-27T09:29:11","slug":"glaskrossdetektor-gb-502-pg2-visonic","status":"publish","type":"product","link":"https:\/\/secureus.se\/fi\/glaskrossdetektor-gb-502-pg2-visonic\/","title":{"rendered":"Lasinrikon ilmaisin GB-502 PG2 \u2013 Visonic"},"content":{"rendered":"<div class=\"product-information u-m-b-06\">\n<h1>Lasinrikkoilmaisin GB-502 PG2 \u2013 Suojaa kotisi edistyneell\u00e4 tekniikalla<\/h1>\n<p>GB-502 PG2 on edistyksellinen langaton lasinrikkoilmaisin, joka on suunniteltu suojaamaan ikkunoita ja lasiovia murtautumiselta.<\/p>\n<p>360\u00b0 kattavuus ja jopa 7,6 metrin kantama takaavat turvallisuuden sek\u00e4 kodeille ett\u00e4 yrityksille.<\/p>\n<h4>Miksi valita GB-502 PG2?<\/h4>\n<ul>\n<li><strong>360\u00b0 peitto<\/strong>: Tunnistaa lasinsirut huoneen kaikista kulmista.<\/li>\n<li><strong>Edistynytt\u00e4 akustista tekniikkaa<\/strong>: Analysoi \u00e4\u00e4nt\u00e4 tunnistaakseen todelliset lasin rikkoutumisen tapahtumat ja minimoidakseen v\u00e4\u00e4ri\u00e4 h\u00e4lytyksi\u00e4.<\/li>\n<li><strong>Pitk\u00e4 akunkesto<\/strong>: Jopa 5 vuotta normaalik\u00e4yt\u00f6ss\u00e4.<\/li>\n<\/ul>\n<h3>Helppo asennus ja korkea luotettavuus<\/h3>\n<p>T\u00e4m\u00e4 lasinrikkotunnistin k\u00e4ytt\u00e4\u00e4 PowerG-tekniikkaa, joka tarjoaa vankan ja luotettavan langattoman viestinn\u00e4n.<\/p>\n<p>Sis\u00e4\u00e4nrakennetun signaalinlaadun ilmaisimen ansiosta se voidaan asentaa nopeasti ja helposti ilman s\u00e4\u00e4t\u00f6j\u00e4.<\/p>\n<h4>T\u00e4ydellinen:<\/h4>\n<ul>\n<li>Ikkunat ja lasiovet koteihin ja yrityksiin.<\/li>\n<li>Erilaisia laseja, mukaan lukien karkaistu, laminoitu ja eristetty lasi.<\/li>\n<li>Huoneet ovat kooltaan 12 x 12 metri\u00e4.<\/li>\n<\/ul>\n<p>GB-502 PG2 tarjoaa yksinkertaisen ratkaisun lis\u00e4\u00e4m\u00e4\u00e4n turvallisuutta ja v\u00e4hent\u00e4m\u00e4\u00e4n vaurioitumisriski\u00e4 sis\u00e4\u00e4nmurron yhteydess\u00e4.<\/p>\n<div id=\"content-2\">\n<div><\/div>\n<div><\/div>\n<\/div>\n<\/div>\n<div>\n<p><iframe title=\"Lasinmurtuman ilmaisin \u2013 GB-502 PG2 \u2013 PowerG-tekniikalla\" width=\"1170\" height=\"658\" src=\"https:\/\/www.youtube.com\/embed\/omS-ZzKkzsI?feature=oembed\" frameborder=\"0\" allow=\"accelerometer; autoplay; clipboard-write; encrypted-media; gyroscope; picture-in-picture; web-share\" referrerpolicy=\"strict-origin-when-cross-origin\" allowfullscreen><\/iframe><\/p>\n<\/div>\n<hr \/>\n<div class=\"accordion product-specifications-accordion\">\n<div id=\"trigger-1\" class=\"accordion-header accordion-header--no-padding\"><\/div>\n<\/div>\n<p>&nbsp;<\/p>","protected":false},"excerpt":{"rendered":"<p>GB-502 PG2 on langaton lasinrikkoilmaisin, joka suojaa kotiasi edistyneell\u00e4 akustisella tekniikalla.<\/p>\n<p>T\u00e4ydellinen PowerMaster-j\u00e4rjestelmiin.<\/p>","protected":false},"featured_media":141088,"template":"","meta":{"_acf_changed":false},"product_brand":[],"product_cat":[3376,3381],"product_tag":[2472,2335],"class_list":{"0":"post-68341","1":"product","2":"type-product","3":"status-publish","4":"has-post-thumbnail","6":"product_cat-visonic-larmenheter","7":"product_cat-visonic-magnetkontakter","8":"product_tag-sbsc-larmklassr","9":"product_tag-visonic-vatten-vibration-glas","10":"product_shipping_class-tunga-paket","11":"pa_brands-5visonic","12":"tm-no-options","14":"first","15":"outofstock","16":"sale","17":"taxable","18":"shipping-taxable","19":"purchasable","20":"product-type-simple"},"acf":[],"_links":{"self":[{"href":"https:\/\/secureus.se\/fi\/wp-json\/wp\/v2\/product\/68341","targetHints":{"allow":["GET"]}}],"collection":[{"href":"https:\/\/secureus.se\/fi\/wp-json\/wp\/v2\/product"}],"about":[{"href":"https:\/\/secureus.se\/fi\/wp-json\/wp\/v2\/types\/product"}],"wp:featuredmedia":[{"embeddable":true,"href":"https:\/\/secureus.se\/fi\/wp-json\/wp\/v2\/media\/141088"}],"wp:attachment":[{"href":"https:\/\/secureus.se\/fi\/wp-json\/wp\/v2\/media?parent=68341"}],"wp:term":[{"taxonomy":"product_brand","embeddable":true,"href":"https:\/\/secureus.se\/fi\/wp-json\/wp\/v2\/product_brand?post=68341"},{"taxonomy":"product_cat","embeddable":true,"href":"https:\/\/secureus.se\/fi\/wp-json\/wp\/v2\/product_cat?post=68341"},{"taxonomy":"product_tag","embeddable":true,"href":"https:\/\/secureus.se\/fi\/wp-json\/wp\/v2\/product_tag?post=68341"}],"curies":[{"name":"wp","href":"https:\/\/api.w.org\/{rel}","templated":true}]}}