{"id":68343,"date":"2022-11-21T17:11:42","date_gmt":"2022-11-21T16:11:42","guid":{"rendered":"https:\/\/secureus.se\/produkt\/visonic-k-303466-chicklets-proximity-tag-on-keychain-3-pack-multi-color\/"},"modified":"2026-03-26T14:30:20","modified_gmt":"2026-03-26T13:30:20","slug":"tag-powermaster-pg2-3pack-prox-visonic","status":"publish","type":"product","link":"https:\/\/secureus.se\/fi\/tag-powermaster-pg2-3pack-prox-visonic\/","title":{"rendered":"TAG POWERMASTER PG2 3PACK \u2013 PROX Tag \u2013 Visonic"},"content":{"rendered":"<div class=\"product-information u-m-b-06\"><\/div>\n<h1 class=\"tw-data-text tw-text-large tw-ta\" dir=\"ltr\" data-placeholder=\"\u00d6vers\u00e4ttning\" data-ved=\"2ahUKEwi-9J3M9LaDAxXmTaQEHaxxC3AQ3ewLegQIBRAQ\">TAG PowerMaster PG2 3-pakkaus \u2013 yksinkertainen ja turvallinen h\u00e4lytysten hallinta<\/h1>\n<p>Tee PowerMaster-h\u00e4lytysj\u00e4rjestelm\u00e4n hallinnasta helpompaa ja turvallisempaa TAG PowerMaster PG2:lla.<\/p>\n<p>N\u00e4m\u00e4 k\u00e4tev\u00e4t Prox-tunnisteet toimitetaan 3-pakkauksessa, ja ne on suunniteltu tarjoamaan nopea p\u00e4\u00e4sy kotiisi tai yritykseesi ilman, ett\u00e4 sinun tarvitsee muistaa koodeja.<\/p>\n<h4>TAG PowerMaster PG2:n edut:<\/h4>\n<ul>\n<li><strong>Nopea ja helppok\u00e4ytt\u00f6inen<\/strong>: Aseta tunniste lukijaa vasten j\u00e4rjestelm\u00e4n viritt\u00e4miseksi tai poiskytkemiseksi.<\/li>\n<li><strong>Turvallisuus keski\u00f6ss\u00e4<\/strong>: Jos tunniste katoaa, se voidaan helposti est\u00e4\u00e4 luvattoman k\u00e4yt\u00f6n est\u00e4miseksi.<\/li>\n<li><strong>Usean k\u00e4ytt\u00e4j\u00e4n r\u00e4\u00e4t\u00e4l\u00f6inti<\/strong>: Saatavana eri v\u00e4reiss\u00e4, joten jokaiselle k\u00e4ytt\u00e4j\u00e4lle on helppo m\u00e4\u00e4ritt\u00e4\u00e4 yksil\u00f6lliset tunnisteet.<\/li>\n<\/ul>\n<h3>Ihanteellinen kotiin ja yrityksille<\/h3>\n<p>TAG PowerMaster PG2 on yhteensopiva PowerMaster-sarjan ohjauspaneelien ja n\u00e4pp\u00e4imist\u00f6jen kanssa, versio 13 ja uudemmat.<\/p>\n<p>Sen kevyt muotoilu ja kyky kiinnitt\u00e4\u00e4 avaimenper\u00e4\u00e4n tekev\u00e4t siit\u00e4 k\u00e4yt\u00e4nn\u00f6llisen p\u00e4ivitt\u00e4isess\u00e4 k\u00e4yt\u00f6ss\u00e4.<\/p>\n<p>N\u00e4ill\u00e4 tunnisteilla saat \u00e4lykk\u00e4\u00e4n ja tehokkaan ratkaisun tilojesi p\u00e4\u00e4syn ja turvallisuuden hallintaan.<\/p>","protected":false},"excerpt":{"rendered":"<p>TAG PowerMaster PG2 3-pakkaus tarjoaa nopean ja helpon p\u00e4\u00e4syn h\u00e4lytysj\u00e4rjestelm\u00e4\u00e4si.<\/p>\n<p>T\u00e4ydellinen koteihin ja yrityksiin, joissa on useita k\u00e4ytt\u00e4ji\u00e4.<\/p>","protected":false},"featured_media":141619,"template":"","meta":{"_acf_changed":false},"product_brand":[],"product_cat":[3378],"product_tag":[2330],"class_list":{"0":"post-68343","1":"product","2":"type-product","3":"status-publish","4":"has-post-thumbnail","6":"product_cat-visonic-larmstyrning-knappsatser","7":"product_tag-visonic-manoverpanel","8":"product_shipping_class-postnord-varubrev","9":"pa_brands-5visonic","10":"tm-no-options","12":"first","13":"instock","14":"sale","15":"featured","16":"taxable","17":"shipping-taxable","18":"purchasable","19":"product-type-simple"},"acf":[],"_links":{"self":[{"href":"https:\/\/secureus.se\/fi\/wp-json\/wp\/v2\/product\/68343","targetHints":{"allow":["GET"]}}],"collection":[{"href":"https:\/\/secureus.se\/fi\/wp-json\/wp\/v2\/product"}],"about":[{"href":"https:\/\/secureus.se\/fi\/wp-json\/wp\/v2\/types\/product"}],"wp:featuredmedia":[{"embeddable":true,"href":"https:\/\/secureus.se\/fi\/wp-json\/wp\/v2\/media\/141619"}],"wp:attachment":[{"href":"https:\/\/secureus.se\/fi\/wp-json\/wp\/v2\/media?parent=68343"}],"wp:term":[{"taxonomy":"product_brand","embeddable":true,"href":"https:\/\/secureus.se\/fi\/wp-json\/wp\/v2\/product_brand?post=68343"},{"taxonomy":"product_cat","embeddable":true,"href":"https:\/\/secureus.se\/fi\/wp-json\/wp\/v2\/product_cat?post=68343"},{"taxonomy":"product_tag","embeddable":true,"href":"https:\/\/secureus.se\/fi\/wp-json\/wp\/v2\/product_tag?post=68343"}],"curies":[{"name":"wp","href":"https:\/\/api.w.org\/{rel}","templated":true}]}}