{"id":68347,"date":"2022-11-21T17:11:32","date_gmt":"2022-11-21T16:11:32","guid":{"rendered":"https:\/\/secureus.se\/produkt\/visonic-tower-32am-pg2-powerg-high-performance-wireless-mirror-dual-technology-detector-with-anti-masking\/"},"modified":"2026-04-09T11:41:03","modified_gmt":"2026-04-09T09:41:03","slug":"kombidetektor-tower-32-am-pg2-visonic","status":"publish","type":"product","link":"https:\/\/secureus.se\/fi\/kombidetektor-tower-32-am-pg2-visonic\/","title":{"rendered":"Yhdistelm\u00e4tunnistin TOWER-32 AM PG2 \u2013 Visonic"},"content":{"rendered":"<h1>Yhdistelm\u00e4tunnistin TOWER-32AM PG2 \u2013 Yhdistelm\u00e4tunnistin edistyneell\u00e4 turvatekniikalla<\/h1>\n<p>TOWER-32AM PG2 on korkean suorituskyvyn langaton ilmaisin, joka yhdist\u00e4\u00e4 PIR- ja mikroaaltouuniteknologian minimoimaan v\u00e4\u00e4ri\u00e4 h\u00e4lytyksi\u00e4 ja varmistamaan luotettavan liikkeentunnistuksen.<\/p>\n<p>Se sopii t\u00e4ydellisesti sek\u00e4 kaupallisiin ett\u00e4 s\u00e4\u00e4nkest\u00e4v\u00e4\u00e4n asuinasennuksiin, ja se tarjoaa vankan suojauksen monilla edistyneill\u00e4 ominaisuuksilla.<\/p>\n<h4>TOWER-32AM PG2:n edut:<\/h4>\n<ul>\n<li><strong>Kaksoistekniikka<\/strong>: Yhdist\u00e4\u00e4 PIR- ja K-kaistan mikroaaltotekniikan tarkkaan havaitsemiseen.<\/li>\n<li><strong>Edistyksellinen anti-masking<\/strong>: Suojaa yrityksilt\u00e4 peitt\u00e4\u00e4 antureita, mukaan lukien suihke tai peitt\u00e4minen.<\/li>\n<li><strong>Pitk\u00e4 kantama<\/strong>: Peitto jopa 15 metriin 90\u00b0 tunnistuskulmalla ja ry\u00f6mint\u00e4vy\u00f6hykkeell\u00e4.<\/li>\n<\/ul>\n<h3>Helppo asennus ja huolto<\/h3>\n<p>PowerG-tekniikan ansiosta TOWER-32AM PG2 tarjoaa turvallisen ja vakaan langattoman yhteyden.<\/p>\n<p>Asennus sujuu sujuvasti RF-linkin laadun LED-ilmaisimella, ja et\u00e4m\u00e4\u00e4ritys s\u00e4\u00e4st\u00e4\u00e4 aikaa sek\u00e4 asentajalta ett\u00e4 k\u00e4ytt\u00e4jilt\u00e4.<\/p>\n<h4>T\u00e4ydellinen:<\/h4>\n<ul>\n<li>S\u00e4\u00e4lt\u00e4 suojatut ymp\u00e4rist\u00f6t, kuten viherhuoneet tai kylm\u00e4t autotallit.<\/li>\n<li>Vaativia kaupallisia sovelluksia.<\/li>\n<li>Asennukset, joissa vaaditaan lemmikkiyst\u00e4v\u00e4llist\u00e4 tekniikkaa (immuuni 40 kg:n painoisille lemmikeille).<\/li>\n<\/ul>\n<p>TOWER-32AM PG2 Combi-ilmaisimen avulla saat luotettavan ja kustannustehokkaan ratkaisun tilojesi suojaamiseen murroilta.<\/p>","protected":false},"excerpt":{"rendered":"<p>TOWER-32AM PG2 yhdist\u00e4\u00e4 PIR- ja mikroaaltouuniteknologian tarkkaan liikkeentunnistukseen.<\/p>\n<p>T\u00e4ydellinen s\u00e4\u00e4suojattuihin ymp\u00e4rist\u00f6ihin ja PowerMaster-j\u00e4rjestelmiin.<\/p>","protected":false},"featured_media":142143,"template":"","meta":{"_acf_changed":false},"product_brand":[],"product_cat":[3376,3382],"product_tag":[2472,2332],"class_list":{"0":"post-68347","1":"product","2":"type-product","3":"status-publish","4":"has-post-thumbnail","6":"product_cat-visonic-larmenheter","7":"product_cat-rorelse-och-kamera-visonic-larmenheter","8":"product_tag-sbsc-larmklassr","9":"product_tag-visonic-rorelsedetektor","10":"product_shipping_class-tunga-paket","11":"pa_brands-5visonic","12":"tm-no-options","14":"first","15":"onbackorder","16":"sale","17":"taxable","18":"shipping-taxable","19":"purchasable","20":"product-type-simple"},"acf":[],"_links":{"self":[{"href":"https:\/\/secureus.se\/fi\/wp-json\/wp\/v2\/product\/68347","targetHints":{"allow":["GET"]}}],"collection":[{"href":"https:\/\/secureus.se\/fi\/wp-json\/wp\/v2\/product"}],"about":[{"href":"https:\/\/secureus.se\/fi\/wp-json\/wp\/v2\/types\/product"}],"wp:featuredmedia":[{"embeddable":true,"href":"https:\/\/secureus.se\/fi\/wp-json\/wp\/v2\/media\/142143"}],"wp:attachment":[{"href":"https:\/\/secureus.se\/fi\/wp-json\/wp\/v2\/media?parent=68347"}],"wp:term":[{"taxonomy":"product_brand","embeddable":true,"href":"https:\/\/secureus.se\/fi\/wp-json\/wp\/v2\/product_brand?post=68347"},{"taxonomy":"product_cat","embeddable":true,"href":"https:\/\/secureus.se\/fi\/wp-json\/wp\/v2\/product_cat?post=68347"},{"taxonomy":"product_tag","embeddable":true,"href":"https:\/\/secureus.se\/fi\/wp-json\/wp\/v2\/product_tag?post=68347"}],"curies":[{"name":"wp","href":"https:\/\/api.w.org\/{rel}","templated":true}]}}