{"id":68349,"date":"2022-11-21T17:11:29","date_gmt":"2022-11-21T16:11:29","guid":{"rendered":"https:\/\/secureus.se\/produkt\/visonic-powerg-0-102736-touch-screen-keypad-kp-160-white\/"},"modified":"2026-03-26T14:30:39","modified_gmt":"2026-03-26T13:30:39","slug":"manoverpanel-kp-160-n-visonic","status":"publish","type":"product","link":"https:\/\/secureus.se\/fi\/manoverpanel-kp-160-n-visonic\/","title":{"rendered":"Ohjauspaneeli KP-160 N PowerG \u2013 kosketusn\u00e4ytt\u00f6 PowerMaster Alarm Systemille"},"content":{"rendered":"<h1>Ohjauspaneeli KP-160 N PowerG \u2013 Sujuva ja turvallinen h\u00e4lytysten hallinta<\/h1>\n<p>KP-160 N PowerG on edistyksellinen kosketusn\u00e4ytt\u00f6, joka tekee PowerMaster-h\u00e4lytysj\u00e4rjestelmien hallinnasta yksinkertaista ja intuitiivista.<\/p>\n<p>Suuren graafisen kosketusn\u00e4yt\u00f6n ja kooditunnisteiden tuen ansiosta se tarjoaa turvallisuutta ja k\u00e4ytt\u00f6mukavuutta nykyaikaisessa muodossa.<\/p>\n<h4>Ominaisuudet ja edut:<\/h4>\n<ul>\n<li><strong>Intuitiivinen kosketusn\u00e4ytt\u00f6<\/strong>: Suuri, k\u00e4ytt\u00e4j\u00e4yst\u00e4v\u00e4llinen n\u00e4ytt\u00f6 helpottaa navigointia ja ohjausta.<\/li>\n<li><strong>Kooditunnisteet<\/strong>: Mahdollisuus kytke\u00e4 h\u00e4lyttimet nopeasti p\u00e4\u00e4lle ja pois p\u00e4\u00e4lt\u00e4 merkinlukijalla.<\/li>\n<li><strong>Osiointi<\/strong>: Tuki enint\u00e4\u00e4n kolmelle alueelle, joita voidaan hallita yksitt\u00e4in.<\/li>\n<li><strong>Useita h\u00e4lytystoimintoja<\/strong>: K\u00e4ynnist\u00e4 h\u00e4t\u00e4-, palo- ja paniikkih\u00e4lytykset yksinkertaisella painalluksella.<\/li>\n<li><strong>Joustava k\u00e4ytt\u00f6<\/strong>: Voidaan asentaa sein\u00e4lle tai k\u00e4ytt\u00e4\u00e4 kannettavana yksikk\u00f6n\u00e4.<\/li>\n<\/ul>\n<h3>Ihanteellinen kotiin ja yrityksille<\/h3>\n<p>KP-160 N PowerG on suunniteltu sopimaan sek\u00e4 asuin- ett\u00e4 pienyritysymp\u00e4rist\u00f6ihin.<\/p>\n<p>Ominaisuuksilla, kuten kotiautomaatio ja et\u00e4yll\u00e4pito, se tarjoaa t\u00e4ydellisen ratkaisun turvallisuuteen ja hallintaan.<\/p>\n<h4>Miksi valita KP-160 N PowerG?<\/h4>\n<ul>\n<li>Pitk\u00e4 akun k\u00e4ytt\u00f6ik\u00e4 jopa 5 vuotta.<\/li>\n<li>Peukalointisuoja sek\u00e4 akun luukulle ett\u00e4 asennustelineelle.<\/li>\n<li>Visuaalinen ja akustinen varoitus sis\u00e4\u00e4n-\/poistuessa.<\/li>\n<\/ul>\n<p>KP-160 N PowerG:n avulla saat ty\u00f6kalun, joka yksinkertaistaa turvallisuuden hallintaa ja tarjoaa mielenrauhan jokap\u00e4iv\u00e4iseen el\u00e4m\u00e4\u00e4n.<\/p>","protected":false},"excerpt":{"rendered":"<p>KP-160 N PowerG on langaton kosketusn\u00e4ytt\u00f6, joka yksinkertaistaa h\u00e4lytysten hallintaa.<\/p>\n<p>Kooditunnisteiden ja osioinnin tuella se on ihanteellinen koteihin ja yrityksille.<\/p>","protected":false},"featured_media":141224,"template":"","meta":{"_acf_changed":false},"product_brand":[],"product_cat":[3378],"product_tag":[2330],"class_list":{"0":"post-68349","1":"product","2":"type-product","3":"status-publish","4":"has-post-thumbnail","6":"product_cat-visonic-larmstyrning-knappsatser","7":"product_tag-visonic-manoverpanel","8":"product_shipping_class-tunga-paket","9":"pa_brands-5visonic","10":"tm-no-options","12":"first","13":"outofstock","14":"sale","15":"taxable","16":"shipping-taxable","17":"purchasable","18":"product-type-simple"},"acf":[],"_links":{"self":[{"href":"https:\/\/secureus.se\/fi\/wp-json\/wp\/v2\/product\/68349","targetHints":{"allow":["GET"]}}],"collection":[{"href":"https:\/\/secureus.se\/fi\/wp-json\/wp\/v2\/product"}],"about":[{"href":"https:\/\/secureus.se\/fi\/wp-json\/wp\/v2\/types\/product"}],"wp:featuredmedia":[{"embeddable":true,"href":"https:\/\/secureus.se\/fi\/wp-json\/wp\/v2\/media\/141224"}],"wp:attachment":[{"href":"https:\/\/secureus.se\/fi\/wp-json\/wp\/v2\/media?parent=68349"}],"wp:term":[{"taxonomy":"product_brand","embeddable":true,"href":"https:\/\/secureus.se\/fi\/wp-json\/wp\/v2\/product_brand?post=68349"},{"taxonomy":"product_cat","embeddable":true,"href":"https:\/\/secureus.se\/fi\/wp-json\/wp\/v2\/product_cat?post=68349"},{"taxonomy":"product_tag","embeddable":true,"href":"https:\/\/secureus.se\/fi\/wp-json\/wp\/v2\/product_tag?post=68349"}],"curies":[{"name":"wp","href":"https:\/\/api.w.org\/{rel}","templated":true}]}}