{"id":68369,"date":"2022-11-21T17:10:18","date_gmt":"2022-11-21T16:10:18","guid":{"rendered":"https:\/\/secureus.se\/produkt\/visonic-tower-32am-pg2-powerg-high-performance-wireless-pir-mirror-dual-technology-detector-with-anti-masking\/"},"modified":"2026-04-09T11:37:03","modified_gmt":"2026-04-09T09:37:03","slug":"detektor-tower-32am-kombi-visonic","status":"publish","type":"product","link":"https:\/\/secureus.se\/fi\/detektor-tower-32am-kombi-visonic\/","title":{"rendered":"Ilmaisin TOWER-32AM Combi-ilmaisin K9-90 PG2 \u2013 Visonic"},"content":{"rendered":"<h1>TOWER-32AM PG2 \u2013 Edistyksellinen yhdistelm\u00e4ilmaisin turvallisempiin ymp\u00e4rist\u00f6ihin<\/h1>\n<p>TOWER-32AM PG2 on korkean suorituskyvyn langaton yhdistelm\u00e4ilmaisin, joka on suunniteltu sek\u00e4 asuin- ett\u00e4 kaupallisiin asennuksiin.<\/p>\n<p>Edistyksellisen PIR- ja mikroaaltouuniteknologian ansiosta se tarjoaa korkean tarkkuuden ja minimaalisen v\u00e4\u00e4rien h\u00e4lytysten riskin.<\/p>\n<h4>Ominaisuudet ja edut:<\/h4>\n<ul>\n<li><strong>Kaksoistekniikka<\/strong>: PIR ja K-kaistainen mikroaalto varmistaa tarkan havaitsemisen.<\/li>\n<li><strong>Anti-naamiointi<\/strong>: Suojaa anturien manipuloinnilta.<\/li>\n<li><strong>El\u00e4inten immuniteetti<\/strong>: Kest\u00e4\u00e4 lemmikkej\u00e4 jopa 40 kg, mik\u00e4 minimoi v\u00e4\u00e4r\u00e4t h\u00e4lytykset.<\/li>\n<li><strong>Vankka muotoilu<\/strong>: Ilkivallankest\u00e4v\u00e4 V-Slot-tekniikalla.<\/li>\n<\/ul>\n<h3>T\u00e4ydellinen kotiin ja yritykseen<\/h3>\n<p>TOWER-32AM PG2 on yhteensopiva PowerMaster-j\u00e4rjestelmien kanssa ja tarjoaa helpon asennuksen ja et\u00e4yll\u00e4pidon.<\/p>\n<p>Sen alhainen virrankulutus takaa pitk\u00e4n akun k\u00e4ytt\u00f6i\u00e4n ja korkean luotettavuuden.<\/p>\n<h4>Edut:<\/h4>\n<ul>\n<li>Peitt\u00e4\u00e4 jopa 15 m 90\u00b0 kulmassa.<\/li>\n<li>Mukautettu vaativiin ymp\u00e4rist\u00f6ihin ja \u00e4\u00e4rimm\u00e4isiin l\u00e4mp\u00f6tiloihin.<\/li>\n<li>T\u00e4ytt\u00e4\u00e4 standardin EN 50131-2-4 Grade 2 Class II.<\/li>\n<\/ul>\n<p>TOWER-32AM PG2:lla saat turvaratkaisun, joka tarjoaa luotettavan suorituskyvyn ja turvallisuuden kaikissa ymp\u00e4rist\u00f6iss\u00e4.<\/p>","protected":false},"excerpt":{"rendered":"<p>TOWER-32AM PG2 on langaton yhdistelm\u00e4tunnistin edistyneell\u00e4 tekniikalla.<\/p>\n<p>T\u00e4ydellinen turvallisuuteen asuin- ja kaupallisissa ymp\u00e4rist\u00f6iss\u00e4.<\/p>","protected":false},"featured_media":141413,"template":"","meta":{"_acf_changed":false},"product_brand":[],"product_cat":[3376,3382],"product_tag":[2472,2332],"class_list":{"0":"post-68369","1":"product","2":"type-product","3":"status-publish","4":"has-post-thumbnail","6":"product_cat-visonic-larmenheter","7":"product_cat-rorelse-och-kamera-visonic-larmenheter","8":"product_tag-sbsc-larmklassr","9":"product_tag-visonic-rorelsedetektor","10":"product_shipping_class-tunga-paket","11":"pa_brands-5visonic","12":"tm-no-options","14":"first","15":"onbackorder","16":"sale","17":"taxable","18":"shipping-taxable","19":"purchasable","20":"product-type-simple"},"acf":[],"_links":{"self":[{"href":"https:\/\/secureus.se\/fi\/wp-json\/wp\/v2\/product\/68369","targetHints":{"allow":["GET"]}}],"collection":[{"href":"https:\/\/secureus.se\/fi\/wp-json\/wp\/v2\/product"}],"about":[{"href":"https:\/\/secureus.se\/fi\/wp-json\/wp\/v2\/types\/product"}],"wp:featuredmedia":[{"embeddable":true,"href":"https:\/\/secureus.se\/fi\/wp-json\/wp\/v2\/media\/141413"}],"wp:attachment":[{"href":"https:\/\/secureus.se\/fi\/wp-json\/wp\/v2\/media?parent=68369"}],"wp:term":[{"taxonomy":"product_brand","embeddable":true,"href":"https:\/\/secureus.se\/fi\/wp-json\/wp\/v2\/product_brand?post=68369"},{"taxonomy":"product_cat","embeddable":true,"href":"https:\/\/secureus.se\/fi\/wp-json\/wp\/v2\/product_cat?post=68369"},{"taxonomy":"product_tag","embeddable":true,"href":"https:\/\/secureus.se\/fi\/wp-json\/wp\/v2\/product_tag?post=68369"}],"curies":[{"name":"wp","href":"https:\/\/api.w.org\/{rel}","templated":true}]}}