{"id":68385,"date":"2022-11-21T17:09:28","date_gmt":"2022-11-21T16:09:28","guid":{"rendered":"https:\/\/secureus.se\/produkt\/visonic-rp-600-pg2-powerg-wireless-repeater-with-1300mah-8v-4-rechargeable-back-up-battery\/"},"modified":"2026-04-09T11:35:59","modified_gmt":"2026-04-09T09:35:59","slug":"repeater-rp-600-pg2-visonic","status":"publish","type":"product","link":"https:\/\/secureus.se\/fi\/repeater-rp-600-pg2-visonic\/","title":{"rendered":"Toistin RP-600 PG2 PowerG \u2013 Visonic"},"content":{"rendered":"<h1>Toistin RP-600 PG2 \u2013 Laajennettu tiedonsiirto PowerMaster-j\u00e4rjestelmille<\/h1>\n<p>RP-600 PG2 on edistynyt langaton toistin, joka on suunniteltu laajentamaan tiedonsiirtoaluetta PowerMaster-j\u00e4rjestelmien ja PowerG-l\u00e4hettimien v\u00e4lill\u00e4.<\/p>\n<p>Se on t\u00e4ydellinen suuriin asennuksiin, joissa et\u00e4isyys tai esteet voivat vaikuttaa signaalin voimakkuuteen.<\/p>\n<h4>Ominaisuudet ja edut:<\/h4>\n<ul>\n<li><strong>Laajennettu kantama<\/strong>: Varmistaa luotettavan tiedonsiirron my\u00f6s suurissa tai monimutkaisissa rakennuksissa.<\/li>\n<li><strong>Vankka tekniikka<\/strong>: PowerG Frequency Hopping Spread Spectrum FHSS-TDMA vakaaseen kaksisuuntaiseen tiedonsiirtoon.<\/li>\n<li><strong>Yksinkertainen asennus<\/strong>: Kompakti muotoilu LED-merkkivaloilla diagnostiikkaa ja tilaa varten.<\/li>\n<\/ul>\n<h3>Ihanteellinen kotiin ja yrityksille<\/h3>\n<p>RP-600 PG2 parantaa turvallisuutta ja k\u00e4ytt\u00f6mukavuutta poistamalla laitteiden v\u00e4liset viestint\u00e4ongelmat.<\/p>\n<p>Sen sis\u00e4\u00e4nrakennettu vara-akku varmistaa toiminnan my\u00f6s s\u00e4hk\u00f6katkon sattuessa.<\/p>\n<h4>Edut:<\/h4>\n<ul>\n<li>48 tunnin akkuvaraus keskeytym\u00e4tt\u00f6m\u00e4\u00e4n k\u00e4ytt\u00f6\u00f6n.<\/li>\n<li>Suojaus manipulaatiota vastaan etu- ja takasabotaasilla.<\/li>\n<li>Yhteensopivuus sek\u00e4 Visonic- ett\u00e4 Qolsys-j\u00e4rjestelmien kanssa.<\/li>\n<\/ul>\n<p>Toistin RP-600 PG2 on v\u00e4ltt\u00e4m\u00e4t\u00f6n komponentti luotettavien ja tehokkaiden turvaj\u00e4rjestelmien luomisessa.<\/p>","protected":false},"excerpt":{"rendered":"<p>RP-600 PG2 laajentaa tiedonsiirtoa PowerMaster-j\u00e4rjestelmien ja PowerG-laitteiden v\u00e4lill\u00e4.<\/p>\n<p>Kompakti muotoilu ja helppo asennus.<\/p>","protected":false},"featured_media":141449,"template":"","meta":{"_acf_changed":false},"product_brand":[],"product_cat":[3378],"product_tag":[2331],"class_list":{"0":"post-68385","1":"product","2":"type-product","3":"status-publish","4":"has-post-thumbnail","6":"product_cat-visonic-larmstyrning-knappsatser","7":"product_tag-visonic-larmoverforing","8":"product_shipping_class-tunga-paket","9":"pa_brands-5visonic","10":"tm-no-options","12":"first","13":"instock","14":"sale","15":"taxable","16":"shipping-taxable","17":"purchasable","18":"product-type-simple"},"acf":[],"_links":{"self":[{"href":"https:\/\/secureus.se\/fi\/wp-json\/wp\/v2\/product\/68385","targetHints":{"allow":["GET"]}}],"collection":[{"href":"https:\/\/secureus.se\/fi\/wp-json\/wp\/v2\/product"}],"about":[{"href":"https:\/\/secureus.se\/fi\/wp-json\/wp\/v2\/types\/product"}],"wp:featuredmedia":[{"embeddable":true,"href":"https:\/\/secureus.se\/fi\/wp-json\/wp\/v2\/media\/141449"}],"wp:attachment":[{"href":"https:\/\/secureus.se\/fi\/wp-json\/wp\/v2\/media?parent=68385"}],"wp:term":[{"taxonomy":"product_brand","embeddable":true,"href":"https:\/\/secureus.se\/fi\/wp-json\/wp\/v2\/product_brand?post=68385"},{"taxonomy":"product_cat","embeddable":true,"href":"https:\/\/secureus.se\/fi\/wp-json\/wp\/v2\/product_cat?post=68385"},{"taxonomy":"product_tag","embeddable":true,"href":"https:\/\/secureus.se\/fi\/wp-json\/wp\/v2\/product_tag?post=68385"}],"curies":[{"name":"wp","href":"https:\/\/api.w.org\/{rel}","templated":true}]}}