{"id":68389,"date":"2022-11-21T17:09:10","date_gmt":"2022-11-21T16:09:10","guid":{"rendered":"https:\/\/secureus.se\/produkt\/visonic-next-cam-pg2-powerg-two-way-wireless-pir-motion-detector-with-integrated-camera\/"},"modified":"2026-01-30T12:25:42","modified_gmt":"2026-01-30T11:25:42","slug":"detektor-next-cam-pg2-pir-kamera-visonic","status":"publish","type":"product","link":"https:\/\/secureus.se\/fi\/detektor-next-cam-pg2-pir-kamera-visonic\/","title":{"rendered":"Lopputulos \u2013 Visonic Next CAM PG2 \u2013 Kaksisuuntainen PIR-liiketunnistin integroidulla kameralla"},"content":{"rendered":"<h1>Detector NEXT CAM PG2 \u2013 Suojausratkaisusi visuaaliseen todentamiseen<\/h1>\n<p>NEXT CAM PG2 on uraauurtava langaton PIR-ilmaisin integroidulla kameralla, joka tarjoaa visuaalisen h\u00e4lytyksen varmentamisen p\u00e4iv\u00e4ll\u00e4 ja y\u00f6ll\u00e4.<\/p>\n<p>T\u00e4ydellinen k\u00e4yt\u00e4ville, portaisiin ja muihin tiloihin, joissa tarvitaan lis\u00e4valvontaa.<\/p>\n<h4>Ominaisuudet ja edut:<\/h4>\n<ul>\n<li><strong>Reaaliaikainen visuaalinen vahvistus<\/strong>: Kamera aktivoituu liikkeest\u00e4 ja l\u00e4hett\u00e4\u00e4 kuvat valvontaasemalle.<\/li>\n<li><strong>El\u00e4inten immuniteetti<\/strong>: Ohittaa enint\u00e4\u00e4n 38 kg painavat el\u00e4imet v\u00e4\u00e4rien h\u00e4lytysten minimoimiseksi.<\/li>\n<li><strong>PowerG-tekniikkaa<\/strong>: Turvallinen ja vankka kaksisuuntainen viestint\u00e4.<\/li>\n<\/ul>\n<h3>Helppo asennus ja k\u00e4ytt\u00f6<\/h3>\n<p>Kompaktin rakenteensa ja edistyneiden ominaisuuksiensa ansiosta NEXT CAM PG2 on helppo asentaa ja k\u00e4ytt\u00e4\u00e4.<\/p>\n<p>Se tarjoaa korkean turvallisuuden sek\u00e4 koteihin ett\u00e4 liiketiloihin.<\/p>\n<h4>Edut:<\/h4>\n<ul>\n<li>Kameran kantama: 12 m, IR-valaistus pime\u00e4n\u00e4k\u00f6\u00e4 varten.<\/li>\n<li>Jopa 5 vuoden akun k\u00e4ytt\u00f6ik\u00e4 minimaaliseen huoltoon.<\/li>\n<li>Yhteensopiva PowerMaster-j\u00e4rjestelmien kanssa.<\/li>\n<\/ul>\n<p>NEXT CAM PG2 tarjoaa tietoturvaratkaisun, joka yhdist\u00e4\u00e4 liikkeentunnistuksen ja visuaalisen vahvistuksen yksinkertaisella ja tehokkaalla tavalla.<\/p>","protected":false},"excerpt":{"rendered":"<p>NEXT CAM PG2 -ilmaisin on langaton PIR-tunnistin, jossa on sis\u00e4\u00e4nrakennettu kamera visuaaliseen h\u00e4lytyksen todentamiseen. Se sopii t\u00e4ydellisesti kodin tai yrityksen turvallisuuteen.<\/p>","protected":false},"featured_media":141249,"template":"","meta":{"_acf_changed":false},"product_brand":[],"product_cat":[3376,3382],"product_tag":[2472,2326,2332],"class_list":{"0":"post-68389","1":"product","2":"type-product","3":"status-publish","4":"has-post-thumbnail","6":"product_cat-visonic-larmenheter","7":"product_cat-rorelse-och-kamera-visonic-larmenheter","8":"product_tag-sbsc-larmklassr","9":"product_tag-visonic-kamera","10":"product_tag-visonic-rorelsedetektor","11":"product_shipping_class-tunga-paket","12":"pa_brands-5visonic","13":"tm-no-options","15":"first","16":"outofstock","17":"sale","18":"featured","19":"taxable","20":"shipping-taxable","21":"purchasable","22":"product-type-simple"},"acf":[],"_links":{"self":[{"href":"https:\/\/secureus.se\/fi\/wp-json\/wp\/v2\/product\/68389","targetHints":{"allow":["GET"]}}],"collection":[{"href":"https:\/\/secureus.se\/fi\/wp-json\/wp\/v2\/product"}],"about":[{"href":"https:\/\/secureus.se\/fi\/wp-json\/wp\/v2\/types\/product"}],"wp:featuredmedia":[{"embeddable":true,"href":"https:\/\/secureus.se\/fi\/wp-json\/wp\/v2\/media\/141249"}],"wp:attachment":[{"href":"https:\/\/secureus.se\/fi\/wp-json\/wp\/v2\/media?parent=68389"}],"wp:term":[{"taxonomy":"product_brand","embeddable":true,"href":"https:\/\/secureus.se\/fi\/wp-json\/wp\/v2\/product_brand?post=68389"},{"taxonomy":"product_cat","embeddable":true,"href":"https:\/\/secureus.se\/fi\/wp-json\/wp\/v2\/product_cat?post=68389"},{"taxonomy":"product_tag","embeddable":true,"href":"https:\/\/secureus.se\/fi\/wp-json\/wp\/v2\/product_tag?post=68389"}],"curies":[{"name":"wp","href":"https:\/\/api.w.org\/{rel}","templated":true}]}}