{"id":69375,"date":"2022-11-28T13:13:20","date_gmt":"2022-11-28T12:13:20","guid":{"rendered":"https:\/\/secureus.se\/produkt\/repeater-ajax-rex-vit\/"},"modified":"2026-03-10T11:02:46","modified_gmt":"2026-03-10T10:02:46","slug":"ajax-rex-repeater-range-extender-2","status":"publish","type":"product","link":"https:\/\/secureus.se\/fi\/ajax-rex-repeater-range-extender-2\/","title":{"rendered":"Ajax ReX Repeater Range Extender Valkoinen"},"content":{"rendered":"<h3><strong>Ajax ReX \u2013 Signaalin laajennin lis\u00e4\u00e4 kantamaa ja turvallisuutta<\/strong><\/h3>\n<p>Ajax ReX on \u00e4lyk\u00e4s ratkaisu laajentaa ulottuvuutta ja parantaa viestint\u00e4\u00e4 Ajax-turvaj\u00e4rjestelm\u00e4n sis\u00e4ll\u00e4.<\/p>\n<p>ReX toimii signaalin laajentimena tai toistimena, joka kaksinkertaistaa mink\u00e4 tahansa Ajax-keskittimeen kytketyn laitteen kantaman.<\/p>\n<p>ReX:ll\u00e4 voit helposti kattaa suuria alueita, kuten monikerroksisia toimistoja, itsen\u00e4isi\u00e4 rakennuksia tai jopa suuria tuotantotiloja.<\/p>\n<p>Kytkem\u00e4ll\u00e4 j\u00e4rjestelm\u00e4\u00e4n jopa viisi ReX-yksikk\u00f6\u00e4 voit laajentaa peittoaluetta jopa 35 km\u00b2, mik\u00e4 tekee siit\u00e4 tehokkaan ty\u00f6kalun sek\u00e4 pienille ett\u00e4 suurille turvaratkaisuille.<\/p>\n<p><strong>Nopea reagointiaika ja luotettava viestint\u00e4<\/strong><\/p>\n<p>ReX toimittaa h\u00e4lytykset enn\u00e4tysajassa, 0,3 sekunnissa, ja mahdollistaa nopean viestinn\u00e4n Ajax-yksik\u00f6iden v\u00e4lill\u00e4 jopa pitki\u00e4 matkoja pitkin.<\/p>\n<p>Se voi l\u00e4hett\u00e4\u00e4 signaaleja jopa 1800 metrin et\u00e4isyydelle avoimessa maastossa, mik\u00e4 mahdollistaa turvalaitteiden sijoittamisen kauemmas p\u00e4\u00e4keskittimest\u00e4 menett\u00e4m\u00e4tt\u00e4 signaalin voimakkuutta tai luotettavuutta.<\/p>\n<p>T\u00e4m\u00e4 tekee ReX:st\u00e4 ihanteellisen suurille alueille, joilla useiden ilmaisimien tai kameroiden on kommunikoitava keskittimen kanssa menett\u00e4m\u00e4tt\u00e4 toimintoja.<\/p>\n<p><strong>Sis\u00e4\u00e4nrakennettu akun varmuuskopiointi ja peukalointisuoja<\/strong><\/p>\n<p>Yksi ReX:n vaikuttavimmista ominaisuuksista on sis\u00e4\u00e4nrakennettu akkuvarmuuskopiointi, joka voi antaa virran laitteeseen jopa 35 tuntia ilman ulkoista virtal\u00e4hdett\u00e4.<\/p>\n<p>T\u00e4m\u00e4 tarkoittaa, ett\u00e4 ReX voi silti yll\u00e4pit\u00e4\u00e4 turvallisuutta my\u00f6s s\u00e4hk\u00f6katkojen aikana, mik\u00e4 on v\u00e4ltt\u00e4m\u00e4t\u00f6nt\u00e4 jatkuvan valvonnan kannalta.<\/p>\n<p>ReX on my\u00f6s varustettu kest\u00e4v\u00e4ll\u00e4 peukalointisuojalla, mik\u00e4 tekee siit\u00e4 kest\u00e4v\u00e4n peukalointia tai peukalointiyrityksi\u00e4 vastaan.<\/p>\n<p>Sen turvaj\u00e4rjestelm\u00e4 sis\u00e4lt\u00e4\u00e4 sek\u00e4 tunkeutumisen havaitsemisen ett\u00e4 peukaloinnin, ja kaikki viestint\u00e4 on salattu AES-algoritmilla suojatakseen salakuuntelua ja hakkerointia vastaan.<\/p>\n<p><strong>Helppo asennus ja joustavuus<\/strong><\/p>\n<p>ReX on helppo asentaa ja se voidaan integroida nopeasti olemassa olevaan Ajax-j\u00e4rjestelm\u00e4\u00e4si. Asennus tehd\u00e4\u00e4n skannaamalla QR-koodi Ajax-sovelluksessa ja seuraamalla yksinkertaisia ohjeita laitteen lis\u00e4\u00e4miseksi j\u00e4rjestelm\u00e4\u00e4n.<\/p>\n<p>T\u00e4m\u00e4n j\u00e4lkeen voit m\u00e4\u00e4ritt\u00e4\u00e4 ReX:n toimimaan niiden laitteiden kanssa, jotka haluat hy\u00f6ty\u00e4 laajennetusta valikoimasta.<\/p>\n<p>ReX voidaan asentaa turvalliseen paikkaan mukana tulevalla SmartBracketilla, jolloin asennus on nopeaa ja helppoa ilman, ett\u00e4 yksikk\u00f6\u00e4 tarvitsee purkaa.<\/p>\n<p><strong>Autonominen toiminta ja joustava yhteys<\/strong><\/p>\n<p>ReX toimii itsen\u00e4isesti, jos yhteys keskittimen kanssa katkeaa.<\/p>\n<p>Jos jokin liitetyist\u00e4 laitteista l\u00e4hett\u00e4\u00e4 h\u00e4lytyksen, ReX aktivoi sireenin varoittaakseen tapahtumasta pit\u00e4en turvallisuuden ennallaan, vaikka j\u00e4rjestelm\u00e4 ei olisi t\u00e4ysin toiminnassa.<\/p>\n<p>T\u00e4m\u00e4 lis\u00e4\u00e4 turvallisuutta pit\u00e4m\u00e4ll\u00e4 kaikki liitetyt laitteet suojattuna tilanteesta riippumatta.<\/p>\n<p><strong>Yhteensopivuus ja p\u00e4ivitykset<\/strong><\/p>\n<p>ReX on yhteensopiva kaikkien Ajax-keskittimien kanssa, mukaan lukien Hub, Hub 2, Hub 2 Plus ja Hub Hybrid. Voit k\u00e4ytt\u00e4\u00e4 jopa viitt\u00e4 ReX-yksikk\u00f6\u00e4 yhdess\u00e4 j\u00e4rjestelm\u00e4ss\u00e4 kattamaan eritt\u00e4in suuria alueita.<\/p>\n<p>ReX toimii my\u00f6s saumattomasti j\u00e4rjestelm\u00e4n OS Malevich -k\u00e4ytt\u00f6j\u00e4rjestelm\u00e4n kanssa ja saa s\u00e4\u00e4nn\u00f6llisesti ilmaisia p\u00e4ivityksi\u00e4, jotka varmistavat, ett\u00e4 laite on aina ajan tasalla uusimpien ominaisuuksien ja tietoturvaparannusten kanssa.<\/p>\n<p><strong>Tekniset tiedot:<\/strong><\/p>\n<ul>\n<li><strong>Tyyppi:<\/strong> Langaton signaalin laajennus\/toistin<\/li>\n<li><strong>Liitettyjen laitteiden enimm\u00e4ism\u00e4\u00e4r\u00e4 (keskitint\u00e4 kohti):<\/strong> Hub\/Hub Hybrid - jopa 99, Hub Plus - jopa 149, Hub 2 Plus - jopa 199<\/li>\n<li><strong>Viestint\u00e4alue:<\/strong> Jopa 1800 mailia avointa maastoa<\/li>\n<li><strong>H\u00e4lytyksen l\u00e4hetysaika:<\/strong> 0,3 sekuntia<\/li>\n<li><strong>Virtal\u00e4hde:<\/strong> 110-240 V verkkovirrasta tai 12 V 12 V virtal\u00e4hteell\u00e4 Hub\/Hub Plus\/ReX<\/li>\n<li><strong>Akun varmuuskopiointi:<\/strong> Li-Ion 2 A\u00b7h, jopa 35 tuntia k\u00e4ytt\u00f6aikaa ilman virtaa<\/li>\n<li><strong>K\u00e4ytt\u00f6j\u00e4rjestelm\u00e4:<\/strong> OS Malevich<\/li>\n<li><strong>Taajuuskaista:<\/strong> Myyntialueesta riippuen<\/li>\n<li><strong>Salaus:<\/strong> AES-algoritmi lohkosalaukseen<\/li>\n<li><strong>K\u00e4ytt\u00f6l\u00e4mp\u00f6tila:<\/strong> -10\u00b0C - +40\u00b0C<\/li>\n<li><strong>Suurin kosteus:<\/strong> Jopa 75%<\/li>\n<li><strong>Koko:<\/strong> 163 \u00d7 163 \u00d7 36 mm<\/li>\n<li><strong>Paino:<\/strong> 330 g<\/li>\n<li><strong>Sabotaasin vastainen:<\/strong> Kyll\u00e4, tukee peukaloinnin havaitsemista ja peukalointisuojausta<\/li>\n<li><strong>Asennusmenetelm\u00e4:<\/strong> Sis\u00e4tiloissa<\/li>\n<\/ul>\n<p><strong>Paketin sis\u00e4lt\u00f6:<\/strong><\/p>\n<ul>\n<li>Ajax ReX Repeater<\/li>\n<li>SmartBracket-asennuspaneeli<\/li>\n<li>Virtajohto<\/li>\n<li>Asennussarja<\/li>\n<li>Pika-aloitusopas<\/li>\n<\/ul>\n<p><strong>Johtop\u00e4\u00e4t\u00f6s:<\/strong><\/p>\n<p>Ajax ReX on tehokas ja luotettava ratkaisu Ajax-turvaj\u00e4rjestelmien ulottuvuuden parantamiseen.<\/p>\n<p>Helpon asennuksen, luotettavan tiedonsiirron ja kest\u00e4vien turvaominaisuuksien ansiosta ReX mahdollistaa kokonaisvaltaisen suojauksen suurille alueille tai monimutkaisille rakennuksille.<\/p>\n<p>Tarvitsetpa sitten useita kerroksia, erillisi\u00e4 rakennuksia tai suuria tuotantotiloja, ReX tarjoaa joustavan ja turvallisen ratkaisun kaikkiin tarpeisiisi.<\/p>","protected":false},"excerpt":{"rendered":"<p>Ajax ReX on langaton signaalinjatkolaite, joka laajentaa Ajax-turvaj\u00e4rjestelm\u00e4n kantamaa.<\/p>\n<p>Se pystyy yhdist\u00e4m\u00e4\u00e4n laitteita jopa 1800 metrin p\u00e4\u00e4h\u00e4n, ja 35 tunnin akun varauksella se varmistaa jatkuvan turvallisuuden my\u00f6s s\u00e4hk\u00f6katkon sattuessa.<\/p>","protected":false},"featured_media":152095,"template":"","meta":{"_acf_changed":false},"product_brand":[],"product_cat":[3168,1319],"product_tag":[3127,2137,4863],"class_list":{"0":"post-69375","1":"product","2":"type-product","3":"status-publish","4":"has-post-thumbnail","6":"product_cat-range-extender-repeater","7":"product_cat-ajax-larm","8":"product_tag-kontrollprodukt","9":"product_tag-lager-ajax","10":"product_tag-pf","11":"product_shipping_class-tunga-paket","12":"pa_ajax-tradlosa-larm-reapeater","13":"pa_brands-ajax-systems","14":"pa_color-vit","15":"pa_farg-vit","16":"tm-no-options","18":"first","19":"instock","20":"sale","21":"featured","22":"taxable","23":"shipping-taxable","24":"purchasable","25":"product-type-simple"},"acf":[],"_links":{"self":[{"href":"https:\/\/secureus.se\/fi\/wp-json\/wp\/v2\/product\/69375","targetHints":{"allow":["GET"]}}],"collection":[{"href":"https:\/\/secureus.se\/fi\/wp-json\/wp\/v2\/product"}],"about":[{"href":"https:\/\/secureus.se\/fi\/wp-json\/wp\/v2\/types\/product"}],"wp:featuredmedia":[{"embeddable":true,"href":"https:\/\/secureus.se\/fi\/wp-json\/wp\/v2\/media\/152095"}],"wp:attachment":[{"href":"https:\/\/secureus.se\/fi\/wp-json\/wp\/v2\/media?parent=69375"}],"wp:term":[{"taxonomy":"product_brand","embeddable":true,"href":"https:\/\/secureus.se\/fi\/wp-json\/wp\/v2\/product_brand?post=69375"},{"taxonomy":"product_cat","embeddable":true,"href":"https:\/\/secureus.se\/fi\/wp-json\/wp\/v2\/product_cat?post=69375"},{"taxonomy":"product_tag","embeddable":true,"href":"https:\/\/secureus.se\/fi\/wp-json\/wp\/v2\/product_tag?post=69375"}],"curies":[{"name":"wp","href":"https:\/\/api.w.org\/{rel}","templated":true}]}}