{"id":69380,"date":"2022-11-28T13:13:17","date_gmt":"2022-11-28T12:13:17","guid":{"rendered":"https:\/\/secureus.se\/produkt\/monteringsfaste-siren-utomhus-vit\/"},"modified":"2026-05-04T12:34:08","modified_gmt":"2026-05-04T10:34:08","slug":"ajax-smart-bracket-faste-siren-utomhus-vit","status":"publish","type":"product","link":"https:\/\/secureus.se\/fi\/ajax-smart-bracket-faste-siren-utomhus-vit\/","title":{"rendered":"Ajax Smart Bracket Varaosa Asennusteline \/ lis\u00e4varuste Sireeni ulkok\u00e4ytt\u00f6\u00f6n valkoinen"},"content":{"rendered":"<h3><strong>Ajax Smart Bracket - T\u00e4ydellinen ratkaisu Ajax-laitteiden helppoon asennukseen<\/strong><\/h3>\n<p>Ajax Smart Bracket on k\u00e4yt\u00e4nn\u00f6llinen ja innovatiivinen asennusteline, joka on suunniteltu helpottamaan Ajax-sireenien ja ilmaisimien asennusta erityisesti ulkok\u00e4ytt\u00f6\u00f6n.<\/p>\n<p>Se auttaa varmistamaan, ett\u00e4 Ajax-laitteesi on asennettu oikein ja kiinnitetty turvallisesti, mik\u00e4 tarjoaa sek\u00e4 pitk\u00e4kestoisen suorituskyvyn ett\u00e4 kest\u00e4vyyden.<\/p>\n<p>Yksinkertaisen ja toimivan suunnittelunsa ansiosta Smart Bracket tekee asennuksesta nopeaa ja tehokasta riippumatta siit\u00e4, onko kyseess\u00e4 liiketunnistin tai sireeni.<\/p>\n<p><strong>Parempi asennus ja joustavuus<\/strong><\/p>\n<p>Smart Bracket on suunniteltu tarjoamaan vakaa kiinnitys Ajax-laitteille, kuten sireeneille ja ilmaisimille. Se voidaan kiinnitt\u00e4\u00e4 helposti pystypintoihin tai kulmiin, jolloin voit sijoittaa laitteet tavalla, joka optimoi niiden suorituskyvyn.<\/p>\n<p>Suositeltu asennuskorkeus on 2,4 metri\u00e4, mik\u00e4 on ihanteellinen korkeus sen varmistamiseksi, ett\u00e4 sek\u00e4 ilmaisimet ett\u00e4 sireenit toimivat optimaalisesti.<\/p>\n<p>Smart Bracketin avulla voit my\u00f6s varmistaa, ett\u00e4 laitteet eiv\u00e4t peit\u00e4 toisiaan ja ett\u00e4 niill\u00e4 on selke\u00e4 n\u00e4kym\u00e4 parhaan tunnistuksen saavuttamiseksi.<\/p>\n<p><strong>Signaalin voimakkuus ja s\u00e4\u00e4t\u00f6 optimaalista kattavuutta varten<\/strong><\/p>\n<p>Ajax Smart Bracketin t\u00e4rke\u00e4 ominaisuus on kyky suorittaa signaalinvoimakkuustestej\u00e4 varmistaakseen, ett\u00e4 laitteesi vastaanottaa parhaan mahdollisen signaalinvoimakkuuden.<\/p>\n<p>Voit testata signaalin voimakkuutta laitteen ja keskittimen v\u00e4lill\u00e4 n\u00e4ytt\u00e4m\u00e4\u00e4n signaalitasot Ajax-sovelluksella.<\/p>\n<p>Suositeltava signaalinvoimakkuus on kaksi tai kolme palkkia. Jos signaali on t\u00e4t\u00e4 alhaisempi, pelkk\u00e4 laitteen vaihtaminen voi parantaa signaalia merkitt\u00e4v\u00e4sti.<\/p>\n<p>N\u00e4in voit optimoida laitteen sijoituksen ilman, ett\u00e4 sinun tarvitsee tehd\u00e4 suuria muutoksia asennukseen.<\/p>\n<p><strong>Helppo asennus ruuveilla tai kiinnikkeill\u00e4<\/strong><\/p>\n<p>Ajax Smart Bracketin mukana tulee asennuspaneeli, joka voidaan kiinnitt\u00e4\u00e4 helposti mukana tulevilla ruuveilla. Turvallisuuden ja vakauden lis\u00e4\u00e4miseksi paneelissa on erityisi\u00e4 reiki\u00e4, jotka helpottavat poraamista ja kiinnityst\u00e4 haluttuun pintaan.<\/p>\n<p>Kun asennus on valmis ja kaikki ruuvit on kiinnitetty kunnolla, voit olla varma, ett\u00e4 Ajax-yksikk\u00f6si on asennettu oikein ja suojattu ulkoisilta h\u00e4iri\u00f6ilt\u00e4.<\/p>\n<p><strong>Yksikk\u00f6 on helppo s\u00e4\u00e4t\u00e4\u00e4 ja siirt\u00e4\u00e4<\/strong><\/p>\n<p>Smart Bracketin avulla on my\u00f6s helppo siirt\u00e4\u00e4 tai s\u00e4\u00e4t\u00e4\u00e4 yksik\u00f6it\u00e4 asennuksen j\u00e4lkeen.<\/p>\n<p>Jos huomaat, ett\u00e4 signaalin voimakkuus on riitt\u00e4m\u00e4t\u00f6n tai laite ei peit\u00e4 haluttua aluetta, voit helposti irrottaa laitteen telineest\u00e4 ja sijoittaa sen uudelleen.<\/p>\n<p>T\u00e4m\u00e4 tekee asennuksesta paljon joustavamman ja r\u00e4\u00e4t\u00e4l\u00f6it\u00e4viss\u00e4 erityistarpeidesi mukaan.<\/p>\n<p><strong>Yhteensopivuus ja mukautuvuus<\/strong><\/p>\n<p>Ajax Smart Bracket on yhteensopiva useiden Ajax-laitteiden kanssa, mukaan lukien MotionCam Jeweler -ilmaisimet ja sireenit.<\/p>\n<p>T\u00e4m\u00e4 tekee siit\u00e4 ihanteellisen lis\u00e4varusteen k\u00e4ytt\u00e4jille, jotka haluavat optimoida laitteidensa sijoittelun ja varmistaa, ett\u00e4 heid\u00e4n turvaj\u00e4rjestelm\u00e4ns\u00e4 toimii parhaalla mahdollisella tavalla.<\/p>\n<p>Vankan rakenteensa ja muokattavan muotoilunsa ansiosta Smart Bracket on v\u00e4ltt\u00e4m\u00e4t\u00f6n osa Ajax-turvaj\u00e4rjestelm\u00e4\u00e4.<\/p>\n<p><strong>Tekniset tiedot:<\/strong><\/p>\n<ul>\n<li><strong>Lis\u00e4varusteiden tyyppi:<\/strong> Asennusteline Ajax-laitteille<\/li>\n<li><strong>Asennuskorkeus:<\/strong> Suositeltu 2,4 metri\u00e4<\/li>\n<li><strong>Liite:<\/strong> Pystysuuntainen pinta tai kulma<\/li>\n<li><strong>Materiaali:<\/strong> Kest\u00e4v\u00e4 ja s\u00e4\u00e4nkest\u00e4v\u00e4<\/li>\n<li><strong>Asennusmenetelm\u00e4:<\/strong> Kiinnitet\u00e4\u00e4n ruuveilla tai kiinnikkeill\u00e4<\/li>\n<li><strong>Yhteensopivuus:<\/strong> Yhteensopiva MotionCam Jeweller -ilmaisimien ja Ajax-sireenien kanssa<\/li>\n<li><strong>Teht\u00e4v\u00e4:<\/strong> Parantaa laitteiden sijaintia ja signaalin voimakkuutta<\/li>\n<\/ul>\n<p><strong>Johtop\u00e4\u00e4t\u00f6s:<\/strong><\/p>\n<p>Ajax Smart Bracket on yksinkertainen mutta tehokas ratkaisu Ajax-laitteidesi asennuksen ja turvallisuuden parantamiseen.<\/p>\n<p>Tukevan rakenteensa ja joustavuuden ansiosta asennusteline helpottaa turvallisuuden optimointia, olipa kyseess\u00e4 sitten sis\u00e4- tai ulkoasennus.<\/p>\n<p>Tarjoamalla vakautta, joustavuutta ja mahdollisuuden testata signaalin voimakkuutta Smart Bracket varmistaa, ett\u00e4 turvaj\u00e4rjestelm\u00e4si toimii aina optimaalisesti.<\/p>\n<p>&nbsp;<\/p>","protected":false},"excerpt":{"rendered":"<p>Ajax Smart Bracket on sireenien ja ilmaisimien kiinnitysteline, joka tekee Ajax-laitteiden asennuksesta helppoa ja turvallista.<\/p>\n<p>Se on t\u00e4ydellinen ulkok\u00e4ytt\u00f6\u00f6n ja mahdollistaa vakaan ja joustavan asennuksen pystypinnoille tai kulmiin.<\/p>","protected":false},"featured_media":0,"template":"","meta":{"_acf_changed":false},"product_brand":[],"product_cat":[3128],"product_tag":[],"class_list":{"0":"post-69380","1":"product","2":"type-product","3":"status-publish","5":"product_cat-ajax-reservdelar-fasten","6":"product_shipping_class-postnord-varubrev","7":"pa_ajax-tradlosa-larm-ovriga-tillbehor-monteringsfaste","8":"pa_brands-ajax-systems","9":"pa_color-vit","10":"pa_farg-vit","11":"tm-no-options","13":"first","14":"onbackorder","15":"sale","16":"featured","17":"taxable","18":"shipping-taxable","19":"purchasable","20":"product-type-simple"},"acf":[],"_links":{"self":[{"href":"https:\/\/secureus.se\/fi\/wp-json\/wp\/v2\/product\/69380","targetHints":{"allow":["GET"]}}],"collection":[{"href":"https:\/\/secureus.se\/fi\/wp-json\/wp\/v2\/product"}],"about":[{"href":"https:\/\/secureus.se\/fi\/wp-json\/wp\/v2\/types\/product"}],"wp:attachment":[{"href":"https:\/\/secureus.se\/fi\/wp-json\/wp\/v2\/media?parent=69380"}],"wp:term":[{"taxonomy":"product_brand","embeddable":true,"href":"https:\/\/secureus.se\/fi\/wp-json\/wp\/v2\/product_brand?post=69380"},{"taxonomy":"product_cat","embeddable":true,"href":"https:\/\/secureus.se\/fi\/wp-json\/wp\/v2\/product_cat?post=69380"},{"taxonomy":"product_tag","embeddable":true,"href":"https:\/\/secureus.se\/fi\/wp-json\/wp\/v2\/product_tag?post=69380"}],"curies":[{"name":"wp","href":"https:\/\/api.w.org\/{rel}","templated":true}]}}