{"id":69390,"date":"2022-11-28T13:13:11","date_gmt":"2022-11-28T12:13:11","guid":{"rendered":"https:\/\/secureus.se\/produkt\/monteringsfaste-siren-inomhus-vit\/"},"modified":"2026-03-09T17:43:08","modified_gmt":"2026-03-09T16:43:08","slug":"ajax-smart-bracket-vit","status":"publish","type":"product","link":"https:\/\/secureus.se\/fi\/ajax-smart-bracket-vit\/","title":{"rendered":"Ajax Smart Bracket Varaosa Asennusteline \/ lis\u00e4varusteet Sireeni sis\u00e4k\u00e4ytt\u00f6\u00f6n valkoinen"},"content":{"rendered":"<h3><strong>Ajax Smart Bracket -sis\u00e4sireenin kiinnitysteline - Helppo asennus ja joustava suoja<\/strong><\/h3>\n<p>Ajax Smart Bracket on k\u00e4yt\u00e4nn\u00f6llinen ja k\u00e4ytt\u00e4j\u00e4yst\u00e4v\u00e4llinen asennusteline, joka tekee Ajax-sireenien asennuksesta sis\u00e4tiloissa yksinkertaista ja tehokasta.<\/p>\n<p>Se on suunniteltu optimoimaan sireenin sijoitus parhaan \u00e4\u00e4nensiirron saavuttamiseksi ja varmistamaan, ett\u00e4 Ajax-laitteesi toimii parhaalla mahdollisella tavalla.<\/p>\n<p>Kest\u00e4v\u00e4n ja joustavan rakenteen ansiosta t\u00e4m\u00e4 kiinnike tarjoaa vakaan asennuksen pystysuoralle pinnalle tai kulmiin, mik\u00e4 maksimoi turvaj\u00e4rjestelm\u00e4n tehokkuuden.<\/p>\n<p><strong>Yksinkertainen ja joustava asennus<\/strong><\/p>\n<p>Smart Bracket on helppo asentaa ja se voidaan asentaa nopeasti haluttuun paikkaan.<\/p>\n<p>Asenna ilmaisin irrottamalla Smart Bracket -paneeli sireenist\u00e4 ja kiinnitt\u00e4m\u00e4ll\u00e4 se pystysuoraan pintaan tai huoneen nurkkaan.<\/p>\n<p>Kiinnitys tehd\u00e4\u00e4n kaksipuolisella teipill\u00e4 tai muilla v\u00e4liaikaisilla kiinnikkeill\u00e4.<\/p>\n<p>Suositeltu asennuskorkeus on 2,4 metri\u00e4, jotta sireeni toimii optimaalisesti.<\/p>\n<p>Varmistaaksesi parhaan mahdollisen signaalin voimakkuuden, voit suorittaa signaalin voimakkuustestej\u00e4 Ajax-sovelluksella.<\/p>\n<p>Suositeltu signaalinvoimakkuus vakaalle j\u00e4rjestelm\u00e4lle on kaksi tai kolme palkkia.<\/p>\n<p>Jos signaali on heikko, voit helposti siirt\u00e4\u00e4 laitetta muutaman senttimetrin signaalin vastaanoton parantamiseksi.<\/p>\n<p><strong>Havaintovy\u00f6hykkeiden testaus ja s\u00e4\u00e4t\u00f6<\/strong><\/p>\n<p>Kun asennat Ajax Smart Bracketin, voit my\u00f6s suorittaa tunnistusvy\u00f6hyketestin varmistaaksesi, ett\u00e4 sireeni peitt\u00e4\u00e4 oikean alueen ja ettei mik\u00e4\u00e4n este est\u00e4 \u00e4\u00e4nen l\u00e4hetyst\u00e4.<\/p>\n<p>Testaamalla tunnistusalueita voit olla varma, ett\u00e4 sireeni toimii tehokkaasti kaikissa tilanteissa.<\/p>\n<p>Jos huomaat, ett\u00e4 ilmaisin ei reagoi oikein, voit s\u00e4\u00e4t\u00e4\u00e4 sijoittelua saadaksesi parempia tuloksia.<\/p>\n<p><strong>Kest\u00e4v\u00e4 ja vakaa toiminta<\/strong><\/p>\n<p>Ajax Smart Bracket -kiinnitysteline on valmistettu kest\u00e4vist\u00e4 materiaaleista ja suunniteltu pitk\u00e4aikaiseen k\u00e4ytt\u00f6\u00f6n.<\/p>\n<p>Vakaan asennuksen varmistamiseksi on suositeltavaa kiinnitt\u00e4\u00e4 asennuspaneeli mukana toimitetuilla ruuveilla.<\/p>\n<p>Smart Bracket -paneelissa on erityisi\u00e4 reiki\u00e4, joiden avulla se voidaan kiinnitt\u00e4\u00e4 kunnolla, ja peukaloinnin havaitsemiseen tarkoitettujen rei&#039;itett\u00e4vien osien avulla saat lis\u00e4turvaa asennuksellesi.<\/p>\n<p><strong>Yhteensopivuus ja joustavuus<\/strong><\/p>\n<p>T\u00e4m\u00e4 asennusteline sopii t\u00e4ydellisesti kaikille Ajax-sireeneille ja toimii hyvin sek\u00e4 vanhempien ett\u00e4 uudempien yksik\u00f6iden kanssa.<\/p>\n<p>Se tarjoaa joustavuutta k\u00e4ytt\u00e4jille, jotka haluavat optimoida kotinsa tai yrityksens\u00e4 turvallisuuden sijoittamalla sireenin parhaaseen mahdolliseen paikkaan.<\/p>\n<p><strong>Tekniset tiedot:<\/strong><\/p>\n<ul>\n<li><strong>Lis\u00e4varusteiden tyyppi:<\/strong> Asennusteline Ajax-sireenille sis\u00e4tiloissa<\/li>\n<li><strong>Asennuskorkeus:<\/strong> Suositeltu 2,4 metri\u00e4<\/li>\n<li><strong>Asennusmenetelm\u00e4:<\/strong> Kiinnittyy pystysuoraan pintaan tai kulmiin<\/li>\n<li><strong>Materiaali:<\/strong> Kest\u00e4v\u00e4 ja s\u00e4\u00e4nkest\u00e4v\u00e4<\/li>\n<li><strong>Yhteensopivuus:<\/strong> Sopii Ajax-sireeneihin<\/li>\n<li><strong>Signaalin voimakkuustesti:<\/strong> Kyll\u00e4, Ajax-sovelluksen kautta<\/li>\n<li><strong>Havaintoalueen s\u00e4\u00e4t\u00f6:<\/strong> Kyll\u00e4<\/li>\n<li><strong>Kiinnikkeet:<\/strong> Sis\u00e4lt\u00e4\u00e4 ruuvit ja mahdollisuuden k\u00e4ytt\u00e4\u00e4 muita kiinnikkeit\u00e4<\/li>\n<\/ul>\n<p><strong>Johtop\u00e4\u00e4t\u00f6s:<\/strong><\/p>\n<p>Ajax Smart Bracket -kiinnitysteline sireeneille on yksinkertainen ja tehokas lis\u00e4varuste sireenisi asennuksen optimointiin.<\/p>\n<p>Smart Bracket tarjoaa sek\u00e4 kest\u00e4vyytt\u00e4 ett\u00e4 joustavuutta sek\u00e4 helpon asennuksen ja s\u00e4\u00e4d\u00f6n. Se varmistaa, ett\u00e4 turvaj\u00e4rjestelm\u00e4si toimii optimaalisesti ja tarjoaa maksimaalisen suojan kotillesi tai yrityksellesi.<\/p>\n<p>&nbsp;<\/p>","protected":false},"excerpt":{"rendered":"<p>Ajax Smart Bracket on asennusteline sis\u00e4tiloissa oleville Ajax-sireeneille, joka on suunniteltu helppoon asennukseen ja sijoituksen s\u00e4\u00e4t\u00e4miseen.<\/p>\n<p>T\u00e4m\u00e4 ratkaisu tarjoaa vakaan ja turvallisen asennuksen tehokkaan h\u00e4lytyksen v\u00e4litt\u00e4miseksi turvaj\u00e4rjestelm\u00e4ss\u00e4si.<\/p>","protected":false},"featured_media":0,"template":"","meta":{"_acf_changed":false},"product_brand":[],"product_cat":[3128],"product_tag":[],"class_list":{"0":"post-69390","1":"product","2":"type-product","3":"status-publish","5":"product_cat-ajax-reservdelar-fasten","6":"product_shipping_class-postnord-varubrev","7":"pa_ajax-tradlosa-larm-ovriga-tillbehor-monteringsfaste","8":"pa_brands-ajax-systems","9":"pa_color-vit","10":"pa_farg-vit","11":"tm-no-options","13":"first","14":"instock","15":"sale","16":"featured","17":"taxable","18":"shipping-taxable","19":"purchasable","20":"product-type-simple"},"acf":[],"_links":{"self":[{"href":"https:\/\/secureus.se\/fi\/wp-json\/wp\/v2\/product\/69390","targetHints":{"allow":["GET"]}}],"collection":[{"href":"https:\/\/secureus.se\/fi\/wp-json\/wp\/v2\/product"}],"about":[{"href":"https:\/\/secureus.se\/fi\/wp-json\/wp\/v2\/types\/product"}],"wp:attachment":[{"href":"https:\/\/secureus.se\/fi\/wp-json\/wp\/v2\/media?parent=69390"}],"wp:term":[{"taxonomy":"product_brand","embeddable":true,"href":"https:\/\/secureus.se\/fi\/wp-json\/wp\/v2\/product_brand?post=69390"},{"taxonomy":"product_cat","embeddable":true,"href":"https:\/\/secureus.se\/fi\/wp-json\/wp\/v2\/product_cat?post=69390"},{"taxonomy":"product_tag","embeddable":true,"href":"https:\/\/secureus.se\/fi\/wp-json\/wp\/v2\/product_tag?post=69390"}],"curies":[{"name":"wp","href":"https:\/\/api.w.org\/{rel}","templated":true}]}}