{"id":69407,"date":"2022-11-28T13:13:05","date_gmt":"2022-11-28T12:13:05","guid":{"rendered":"https:\/\/secureus.se\/produkt\/kombidetektor-husdjur-12m-tradlos-vit\/"},"modified":"2026-05-06T14:37:41","modified_gmt":"2026-05-06T12:37:41","slug":"ajax-motionprotect-plus-husdjur-vit","status":"publish","type":"product","link":"https:\/\/secureus.se\/fi\/ajax-motionprotect-plus-husdjur-vit\/","title":{"rendered":"Ajax MotionProtect Plus -yhdistelm\u00e4ilmaisin \u2013 IR+mikroaaltouuni \u2013 valkoinen \u2013 vaativiin olosuhteisiin"},"content":{"rendered":"<h3><strong>Ajax MotionProtect Plus \u2013 t\u00e4ydellinen liiketunnistin kotiin ja toimistoon<\/strong><\/h3>\n<p>Ajax MotionProtect Plus on innovatiivinen ja luotettava langaton liiketunnistin, joka tarjoaa erinomaisen suojan kotiisi tai yritykseesi.<\/p>\n<p>Sek\u00e4 PIR-anturilla (passiivinen infrapuna-anturi) ett\u00e4 mikroaaltouunin anturilla varustettu MotionProtect Plus tunnistaa liikkeet nopeasti ja tehokkaasti jopa haastavissa ymp\u00e4rist\u00f6iss\u00e4, joissa on h\u00e4iri\u00f6it\u00e4, kuten ilmastointi, avotuli tai v\u00e4lkkyv\u00e4t valot.<\/p>\n<p>Sen edistynyt tekniikka tekee siit\u00e4 t\u00e4ydellisen valinnan varmistamaan luotettava ja tarkka havaitseminen aiheuttamatta v\u00e4\u00e4ri\u00e4 h\u00e4lytyksi\u00e4.<\/p>\n<p><strong>Edistyksellinen tekniikka erinomaiseen tunnistukseen<\/strong><\/p>\n<p>MotionProtect Plus yhdist\u00e4\u00e4 kaksi tunnistusj\u00e4rjestelm\u00e4\u00e4 \u2013 PIR-anturit ja mikroaaltoanturit \u2013 mik\u00e4 mahdollistaa eritt\u00e4in suuren tarkkuuden ihmisen liikkeen havaitsemisessa.<\/p>\n<p>PIR-anturi reagoi l\u00e4mp\u00f6tilaeroihin, kun taas mikroaaltouuni suodattaa pois ilmastoinnin, verhojen, h\u00e4ik\u00e4isyn tai heijastusten aiheuttamat h\u00e4iri\u00f6t.<\/p>\n<p>T\u00e4m\u00e4 yhdistelm\u00e4 mahdollistaa laitteen erottamisen todellisten uhkien ja mahdollisten h\u00e4iri\u00f6iden v\u00e4lill\u00e4, mik\u00e4 v\u00e4hent\u00e4\u00e4 v\u00e4\u00e4rien h\u00e4lytysten riski\u00e4.<\/p>\n<p><strong>Lemmikkiel\u00e4inten turvallinen tunnistus<\/strong><\/p>\n<p>Yksi MotionProtect Plus:n merkitt\u00e4vimmist\u00e4 ominaisuuksista on sen lemmikkikosketus.<\/p>\n<p>Se on suunniteltu j\u00e4tt\u00e4m\u00e4\u00e4n huomioimatta enint\u00e4\u00e4n 20 kg painavien ja enint\u00e4\u00e4n 50 cm pitkien lemmikkien liikkeet, joten se on ihanteellinen kotitalouksiin, joissa on el\u00e4imi\u00e4.<\/p>\n<p>T\u00e4m\u00e4 v\u00e4hent\u00e4\u00e4 lemmikkien aiheuttamien v\u00e4\u00e4rien h\u00e4lytysten riski\u00e4 ja mahdollistaa ilmaisimen k\u00e4yt\u00f6n kodeissa, joissa on sek\u00e4 pieni\u00e4 ett\u00e4 suuria lemmikkej\u00e4.<\/p>\n<p><strong>Luotettava ja pitk\u00e4kestoinen suorituskyky<\/strong><\/p>\n<p>MotionProtect Plus -sovelluksen akun k\u00e4ytt\u00f6ik\u00e4 on pitk\u00e4, jopa 5 vuotta, mik\u00e4 tarkoittaa, ett\u00e4 voit asettaa sen ja unohtaa sen ilman, ett\u00e4 sinun tarvitsee vaihtaa paristoja usein.<\/p>\n<p>Tunnistimessa on my\u00f6s edistynyt energianhallinta, mik\u00e4 tekee siit\u00e4 sek\u00e4 kest\u00e4v\u00e4n ett\u00e4 luotettavan pitk\u00e4n ajan.<\/p>\n<p>Se on yhteensopiva kaikkien Ajax-keskittimien kanssa ja toimii saumattomasti muun turvaj\u00e4rjestelm\u00e4n kanssa tarjotakseen kattavan suojan.<\/p>\n<p><strong>Suojattu viestint\u00e4 ja peukalointisuoja<\/strong><\/p>\n<p>Jotta h\u00e4iri\u00f6t eiv\u00e4t vaarannu turvallisuutesi, MotionProtect Plus k\u00e4ytt\u00e4\u00e4 Ajaxin Jeweller-radiotekniikkaa.<\/p>\n<p>T\u00e4m\u00e4n ansiosta se voi kommunikoida tehokkaasti Ajax-keskittimen ja muiden laitteiden kanssa jopa et\u00e4\u00e4lt\u00e4.<\/p>\n<p>Se on my\u00f6s varustettu peukalointi- ja peukaloinnin havaitsemisj\u00e4rjestelm\u00e4ll\u00e4, joka h\u00e4lytt\u00e4\u00e4 v\u00e4litt\u00f6m\u00e4sti, jos joku yritt\u00e4\u00e4 peukaloida laitetta.<\/p>\n<p>Kaikki viestint\u00e4 on salattu AES-algoritmilla, mik\u00e4 tarkoittaa, ett\u00e4 j\u00e4rjestelm\u00e4 on suojattu luvattomalta k\u00e4yt\u00f6lt\u00e4 ja sieppaukselta.<\/p>\n<p><strong>Asennus ja konfigurointi<\/strong><\/p>\n<p>Ajax MotionProtect Plus on helppo asentaa ja m\u00e4\u00e4ritt\u00e4\u00e4. Siin\u00e4 on esiasennettu CR123A-akku ja se voidaan liitt\u00e4\u00e4 nopeasti j\u00e4rjestelm\u00e4\u00e4n Ajax-sovelluksen kautta skannaamalla QR-koodi.<\/p>\n<p>SmartBracket-asennuspaneelia k\u00e4ytt\u00e4m\u00e4ll\u00e4 laite voidaan kiinnitt\u00e4\u00e4 pystysuoraan pintaan tai nurkkaan, jolloin asennus on nopeaa ja joustavaa.<\/p>\n<p>Varmistaaksesi parhaan mahdollisen suorituskyvyn voit my\u00f6s suorittaa signaalin voimakkuustestej\u00e4 ja s\u00e4\u00e4t\u00e4\u00e4 ilmaisimen tunnistusaluetta.<\/p>\n<p><strong>Tekniset tiedot:<\/strong><\/p>\n<ul>\n<li><strong>Ilmaisimen tyyppi:<\/strong> Langaton yhdistelm\u00e4tunnistin, jossa PIR ja mikroaaltouuni<\/li>\n<li><strong>Liiketunnistuksen et\u00e4isyys:<\/strong> Jopa 12 metri\u00e4<\/li>\n<li><strong>Havaintokulmat:<\/strong> Vaaka - 88,5\u00b0, pystysuora - 80\u00b0<\/li>\n<li><strong>H\u00e4lytyksen toimitusaika:<\/strong> 0,15 sekuntia<\/li>\n<li><strong>Herkkyys:<\/strong> S\u00e4\u00e4dett\u00e4v\u00e4, 3 tasoa<\/li>\n<li><strong>Lemmikkiel\u00e4inten turvallisuus:<\/strong> Jopa 20 kg, korkeus 50 cm<\/li>\n<li><strong>Virtal\u00e4hde:<\/strong> CR123A akku (esiasennettu)<\/li>\n<li><strong>Akun kesto:<\/strong> Jopa 5 vuotta<\/li>\n<li><strong>Viestint\u00e4protokolla:<\/strong> Jalokivikauppias<\/li>\n<li><strong>K\u00e4ytt\u00f6l\u00e4mp\u00f6tila:<\/strong> -10\u00b0C - +40\u00b0C<\/li>\n<li><strong>Kosteus:<\/strong> Jopa 75%<\/li>\n<li><strong>Mitat:<\/strong> 110 \u00d7 65 \u00d7 50 mm<\/li>\n<li><strong>Paino:<\/strong> 96 g<\/li>\n<\/ul>\n<p><strong>Paketin sis\u00e4lt\u00f6:<\/strong><\/p>\n<ul>\n<li>MotionProtect Plus liiketunnistin<\/li>\n<li>SmartBracket-asennuspaneeli<\/li>\n<li>CR123A akku (esiasennettu)<\/li>\n<li>Asennussarja<\/li>\n<li>K\u00e4ytt\u00f6ohje<\/li>\n<\/ul>\n<p><strong>Johtop\u00e4\u00e4t\u00f6s:<\/strong><\/p>\n<p>Ajax MotionProtect Plus on luotettava ja joustava ratkaisu liikkeentunnistuksen ja lemmikkiel\u00e4inten suojan varmistamiseen kotonasi tai yrityksess\u00e4si.<\/p>\n<p>Kehittyneill\u00e4 ominaisuuksilla, pitk\u00e4ll\u00e4 akun k\u00e4ytt\u00f6i\u00e4ll\u00e4 ja vankoilla suojausprotokollillaan se tarjoaa tehokkaan ja pitk\u00e4kestoisen suojan tunkeilijoita vastaan.<\/p>\n<p>Suodattamalla h\u00e4iri\u00f6t ja j\u00e4tt\u00e4m\u00e4ll\u00e4 huomiotta lemmikit, MotionProtect Plus tarjoaa tarkan ja luotettavan tunnistuksen kaikentyyppisiss\u00e4 ymp\u00e4rist\u00f6iss\u00e4.<\/p>","protected":false},"excerpt":{"rendered":"<p>Ajax MotionProtect Plus on edistyksellinen langaton yhdistelm\u00e4ilmaisin, jossa on mikroaaltouunianturi ja lemmikkiel\u00e4inten immuniteetti.<\/p>\n<p>Se havaitsee liikkeen ja suodattaa ilmastoinnin ja valon v\u00e4lkkymisen aiheuttamat h\u00e4iri\u00f6t jopa 12 metrin kantamalla.<\/p>","protected":false},"featured_media":155434,"template":"","meta":{"_acf_changed":false},"product_brand":[],"product_cat":[3156,1319],"product_tag":[3152,3127,2137,4863],"class_list":{"0":"post-69407","1":"product","2":"type-product","3":"status-publish","4":"has-post-thumbnail","6":"product_cat-rorelse-och-kamera","7":"product_cat-ajax-larm","8":"product_tag-cr123-tillbehor","9":"product_tag-kontrollprodukt","10":"product_tag-lager-ajax","11":"product_tag-pf","12":"product_shipping_class-postnord-varubrev","13":"pa_ajax-tradlosa-larm-detektorer","14":"pa_brands-ajax-systems","15":"pa_color-vit","16":"pa_farg-vit","17":"tm-no-options","19":"first","20":"instock","21":"sale","22":"featured","23":"taxable","24":"shipping-taxable","25":"purchasable","26":"product-type-simple"},"acf":[],"_links":{"self":[{"href":"https:\/\/secureus.se\/fi\/wp-json\/wp\/v2\/product\/69407","targetHints":{"allow":["GET"]}}],"collection":[{"href":"https:\/\/secureus.se\/fi\/wp-json\/wp\/v2\/product"}],"about":[{"href":"https:\/\/secureus.se\/fi\/wp-json\/wp\/v2\/types\/product"}],"wp:featuredmedia":[{"embeddable":true,"href":"https:\/\/secureus.se\/fi\/wp-json\/wp\/v2\/media\/155434"}],"wp:attachment":[{"href":"https:\/\/secureus.se\/fi\/wp-json\/wp\/v2\/media?parent=69407"}],"wp:term":[{"taxonomy":"product_brand","embeddable":true,"href":"https:\/\/secureus.se\/fi\/wp-json\/wp\/v2\/product_brand?post=69407"},{"taxonomy":"product_cat","embeddable":true,"href":"https:\/\/secureus.se\/fi\/wp-json\/wp\/v2\/product_cat?post=69407"},{"taxonomy":"product_tag","embeddable":true,"href":"https:\/\/secureus.se\/fi\/wp-json\/wp\/v2\/product_tag?post=69407"}],"curies":[{"name":"wp","href":"https:\/\/api.w.org\/{rel}","templated":true}]}}