{"id":69414,"date":"2022-11-28T13:13:05","date_gmt":"2022-11-28T12:13:05","guid":{"rendered":"https:\/\/secureus.se\/produkt\/monteringsfaste-ir-detektor-vit\/"},"modified":"2026-03-10T11:02:24","modified_gmt":"2026-03-10T10:02:24","slug":"ajax-faste-ir-detektor-vit","status":"publish","type":"product","link":"https:\/\/secureus.se\/fi\/ajax-faste-ir-detektor-vit\/","title":{"rendered":"Ajax Smart Bracket varaosa kiinnitysteline \/ lis\u00e4varusteet MotionProtect"},"content":{"rendered":"<h3><strong>Ajax Smart Bracket Kiinnitysteline liiketunnistimelle IR-anturilla<\/strong><\/h3>\n<p>Ajax Smart Bracket on t\u00e4ydellinen lis\u00e4varuste Ajax-liiketunnistimien asentamiseen, ja se on erityisesti suunniteltu optimoimaan laitteiden, kuten MotionProtect, IR-anturit.<\/p>\n<p>T\u00e4ll\u00e4 asennuskiinnikkeell\u00e4 saat turvallisen, vakaan ja joustavan asennuksen, mik\u00e4 tekee liiketunnistimen sijoittamisesta parhaaseen paikkaan maksimaalisen suojan takaamiseksi.<\/p>\n<p>Asensitpa ilmaisimia kotiin tai toimistoon, Smart Bracket takaa luotettavan ja pitk\u00e4kestoisen toiminnan.<\/p>\n<p><strong>Ajax Smart Bracket -kiinnitystelineen edut<\/strong><\/p>\n<p>Smart Bracket tekee Ajax MotionProtect -liiketunnistimien asennuksesta sujuvaa ja nopeaa.<\/p>\n<p>Asenna ilmaisin irrottamalla Smart Bracket -asennuspaneeli laitteesta ja kiinnitt\u00e4m\u00e4ll\u00e4 se pystysuoraan pintaan tai huoneen nurkkaan.<\/p>\n<p>Voit k\u00e4ytt\u00e4\u00e4 kaksipuolista teippi\u00e4 tai muita v\u00e4liaikaisia kiinnikkeit\u00e4.<\/p>\n<p>Suositeltu asennuskorkeus on 2,4 metri\u00e4, mink\u00e4 ansiosta ilmaisin tarjoaa parhaan peiton ja havainnoinnin turvaj\u00e4rjestelm\u00e4ss\u00e4si.<\/p>\n<p>Smart Bracketin t\u00e4rke\u00e4 ominaisuus on, ett\u00e4 se tarjoaa joustavuutta signaalin voimakkuuden testaamiseen.<\/p>\n<p>Suorittamalla signaalinvoimakkuustestej\u00e4 Ajax-sovelluksen kautta voit helposti tarkistaa, ett\u00e4 signaalin voimakkuus on riitt\u00e4v\u00e4 varmistamaan, ett\u00e4 liiketunnistimesi toimii optimaalisesti.<\/p>\n<p>Jos signaalin voimakkuus on liian alhainen, pelkk\u00e4 laitteen asennon s\u00e4\u00e4t\u00f6 voi parantaa vastaanottoa merkitt\u00e4v\u00e4sti.<\/p>\n<p><strong>Optimaalinen tunnistus ja tunnistusalueen s\u00e4\u00e4t\u00f6<\/strong><\/p>\n<p>Varmistaaksesi, ett\u00e4 liiketunnistin peitt\u00e4\u00e4 oikean alueen, voit suorittaa tunnistusvy\u00f6hyketestin.<\/p>\n<p>T\u00e4m\u00e4n testin aikana voit k\u00e4vell\u00e4 ymp\u00e4ri huonetta ja tarkkailla laitteen LED-valoja n\u00e4hd\u00e4ksesi, havaitseeko se liikett\u00e4 odotetulla tavalla.<\/p>\n<p>Liiketunnistimien maksimitunnistusalue on 12 metri\u00e4, ja testaamalla ja s\u00e4\u00e4t\u00e4m\u00e4ll\u00e4 voit hienos\u00e4\u00e4t\u00e4\u00e4 sit\u00e4 parhaan mahdollisen kattavuuden ja luotettavan tunnistuksen saamiseksi.<\/p>\n<p><strong>Helppo ja vakaa asennus<\/strong><\/p>\n<p>Ajax Smart Bracket on suunniteltu helposti asennettavaksi ilman, ett\u00e4 se vaikuttaa laitteen toimintaan.<\/p>\n<p>Kun asennuspaneeli on paikallaan, kiinnit\u00e4 se tiukasti mukana toimitetuilla ruuveilla varmistaaksesi, ett\u00e4 ilmaisin on vakaa.<\/p>\n<p>Smart Bracketiss\u00e4 on erityisi\u00e4 reiki\u00e4, joiden avulla paneeli on helppo kiinnitt\u00e4\u00e4 oikeaan paikkaan, ja jos k\u00e4yt\u00e4t muita kiinnikkeit\u00e4, sinun tulee olla varovainen, ettet vahingoita tai v\u00e4\u00e4nn\u00e4 asennuspaneelia.<\/p>\n<p><strong>Yhteensopivuus Ajax-liiketunnistimien kanssa<\/strong><\/p>\n<p>Smart Bracket on t\u00e4ysin yhteensopiva Ajax MotionProtectin ja muiden Ajax-liiketunnistimien kanssa, joten se on monipuolinen lis\u00e4varuste kaikkiin Ajax-laitteita k\u00e4ytt\u00e4viin turvaj\u00e4rjestelmiin.<\/p>\n<p>Asennuksen helppous sek\u00e4 signaalin voimakkuuden ja tunnistusalueen s\u00e4\u00e4t\u00e4misen joustavuus tekev\u00e4t t\u00e4st\u00e4 kiinnikkeest\u00e4 arvokkaan osan j\u00e4rjestelm\u00e4\u00e4 varmistamaan, ett\u00e4 kaikki laitteet toimivat parhaimmillaan.<\/p>\n<p><strong>Tekniset tiedot:<\/strong><\/p>\n<ul>\n<li><strong>Lis\u00e4varusteiden tyyppi:<\/strong> Asennusteline Ajax-liiketunnistimelle IR-anturilla<\/li>\n<li><strong>Asennuskorkeus:<\/strong> Suositeltu 2,4 metri\u00e4<\/li>\n<li><strong>Asennusmenetelm\u00e4:<\/strong> Kiinnittyy pystysuoraan pintaan tai kulmiin<\/li>\n<li><strong>Materiaali:<\/strong> Kest\u00e4v\u00e4 ja s\u00e4\u00e4nkest\u00e4v\u00e4<\/li>\n<li><strong>Yhteensopivuus:<\/strong> Sopii Ajax MotionProtectille ja muille liiketunnistimille<\/li>\n<li><strong>Signaalin voimakkuustesti:<\/strong> Kyll\u00e4, Ajax-sovelluksen kautta<\/li>\n<li><strong>Havaintoalueen s\u00e4\u00e4t\u00f6:<\/strong> Kyll\u00e4<\/li>\n<li><strong>Kiinnikkeet:<\/strong> Sis\u00e4lt\u00e4\u00e4 ruuvit ja mahdollisuuden k\u00e4ytt\u00e4\u00e4 muita kiinnikkeit\u00e4<\/li>\n<\/ul>\n<p><strong>Johtop\u00e4\u00e4t\u00f6s:<\/strong><\/p>\n<p>Ajax Smart Bracket on t\u00e4ydellinen ratkaisu Ajax-liiketunnistimiesi asennukseen ja sijoittelun optimointiin.<\/p>\n<p>Helppo asennus, s\u00e4\u00e4dett\u00e4v\u00e4t toiminnot ja kest\u00e4v\u00e4 muotoilu takaavat, ett\u00e4 turvaj\u00e4rjestelm\u00e4si toimii tehokkaasti ja luotettavasti.<\/p>\n<p>&nbsp;<\/p>","protected":false},"excerpt":{"rendered":"<p>Ajax Smart Bracket on asennusteline Ajax MotionProtect -liiketunnistimille, joissa on IR-anturi.<\/p>\n<p>Kiinnike tekee asennuksesta helppoa ja turvallista, sill\u00e4 on s\u00e4\u00e4dett\u00e4v\u00e4 korkeus ja joustavuus ilmaisimien sijoittelun optimoimiseksi turvaj\u00e4rjestelm\u00e4ss\u00e4si.<\/p>","protected":false},"featured_media":0,"template":"","meta":{"_acf_changed":false},"product_brand":[],"product_cat":[3128],"product_tag":[],"class_list":{"0":"post-69414","1":"product","2":"type-product","3":"status-publish","5":"product_cat-ajax-reservdelar-fasten","6":"product_shipping_class-postnord-varubrev","7":"pa_ajax-tradlosa-larm-ovriga-tillbehor-monteringsfaste","8":"pa_brands-ajax-systems","9":"pa_color-vit","10":"pa_farg-vit","11":"tm-no-options","13":"first","14":"instock","15":"sale","16":"featured","17":"taxable","18":"shipping-taxable","19":"purchasable","20":"product-type-simple"},"acf":[],"_links":{"self":[{"href":"https:\/\/secureus.se\/fi\/wp-json\/wp\/v2\/product\/69414","targetHints":{"allow":["GET"]}}],"collection":[{"href":"https:\/\/secureus.se\/fi\/wp-json\/wp\/v2\/product"}],"about":[{"href":"https:\/\/secureus.se\/fi\/wp-json\/wp\/v2\/types\/product"}],"wp:attachment":[{"href":"https:\/\/secureus.se\/fi\/wp-json\/wp\/v2\/media?parent=69414"}],"wp:term":[{"taxonomy":"product_brand","embeddable":true,"href":"https:\/\/secureus.se\/fi\/wp-json\/wp\/v2\/product_brand?post=69414"},{"taxonomy":"product_cat","embeddable":true,"href":"https:\/\/secureus.se\/fi\/wp-json\/wp\/v2\/product_cat?post=69414"},{"taxonomy":"product_tag","embeddable":true,"href":"https:\/\/secureus.se\/fi\/wp-json\/wp\/v2\/product_tag?post=69414"}],"curies":[{"name":"wp","href":"https:\/\/api.w.org\/{rel}","templated":true}]}}