{"id":69419,"date":"2022-11-28T13:12:59","date_gmt":"2022-11-28T12:12:59","guid":{"rendered":"https:\/\/secureus.se\/produkt\/integrationsmodul-ocbridge-plus\/"},"modified":"2026-03-09T17:43:43","modified_gmt":"2026-03-09T16:43:43","slug":"ajax-integrationsmodul-ocbridge-plus","status":"publish","type":"product","link":"https:\/\/secureus.se\/fi\/ajax-integrationsmodul-ocbridge-plus\/","title":{"rendered":"Ajax Integration Module\/ ocBridge Plus"},"content":{"rendered":"<h3><strong>Ajax-integraatiomoduuli ocBridge Plus \u2013 Laajenna Ajax-j\u00e4rjestelm\u00e4\u00e4si langallisilla ilmaisimilla<\/strong><\/h3>\n<p>Ajax ocBridge Plus on tehokas integrointimoduuli, joka mahdollistaa langallisten ilmaisimien ja muiden laitteiden helpon liitt\u00e4misen langattomaan Ajax-turvaj\u00e4rjestelm\u00e4\u00e4si.<\/p>\n<p>T\u00e4m\u00e4n moduulin avulla voit integroida olemassa olevat langalliset laitteet muuten t\u00e4ysin langattomaan j\u00e4rjestelm\u00e4\u00e4n, mik\u00e4 tekee siit\u00e4 ihanteellisen ratkaisun sek\u00e4 uusiin asennuksiin ett\u00e4 vanhojen j\u00e4rjestelmien p\u00e4ivityksiin.<\/p>\n<p>T\u00e4m\u00e4 moduuli avaa joukon langallisia ilmaisimia, mukaan lukien liiketunnistimet, ovi- ja ikkunaanturit sek\u00e4 muut turvakomponentit, jotka ovat perinteisesti olleet osa langallisia turvaj\u00e4rjestelmi\u00e4.<\/p>\n<p><strong>Helppo integrointi ja joustavuus<\/strong><\/p>\n<p>ocBridge Plus on suunniteltu yhteensopivaksi kaikkien Ajax-keskittimien kanssa, joten se on helppo integroida olemassa olevaan turvaj\u00e4rjestelm\u00e4\u00e4n.<\/p>\n<p>Moduulin teht\u00e4v\u00e4n\u00e4 on kytke\u00e4 langalliset ilmaisimet langallisen keskuslaitteen lohkotuloihin.<\/p>\n<p>T\u00e4ll\u00e4 tavalla voit hy\u00f6dynt\u00e4\u00e4 langattomien Ajax-j\u00e4rjestelmien tarjoamia etuja \u2013 mukaan lukien k\u00e4ytt\u00e4j\u00e4yst\u00e4v\u00e4llinen sovellusten ohjaus, nopea asennus ja joustavuus \u2013 samalla kun k\u00e4yt\u00e4t jo asennettuja langallisia laitteitasi.<\/p>\n<p><strong>T\u00e4ydennys suuremmille turvaj\u00e4rjestelmille<\/strong><\/p>\n<p>ocBridge Plus:lla voit luoda kattavamman turvaj\u00e4rjestelm\u00e4n liitt\u00e4m\u00e4ll\u00e4 j\u00e4rjestelm\u00e4\u00e4n jopa 18 langallista ilmaisinta.<\/p>\n<p>T\u00e4m\u00e4 tekee siit\u00e4 t\u00e4ydellisen ratkaisun suuriin asennuksiin, joissa tarvitaan sek\u00e4 langattomia ett\u00e4 langallisia komponentteja.<\/p>\n<p>K\u00e4ytt\u00e4m\u00e4ll\u00e4 t\u00e4t\u00e4 moduulia saat parhaan mahdollisen suojan ja luotettavuuden turvaj\u00e4rjestelm\u00e4st\u00e4si.<\/p>\n<p><strong>Nopea ja helppo asennus<\/strong><\/p>\n<p>ocBridge Plus:n asennus on nopeaa ja helppoa. Kun olet liitt\u00e4nyt sen j\u00e4rjestelm\u00e4\u00e4n ja langallisiin ilmaisimiin mukana toimitettujen liit\u00e4nt\u00f6jen kautta, voit helposti m\u00e4\u00e4ritt\u00e4\u00e4 ja ohjata j\u00e4rjestelm\u00e4\u00e4 Ajax-sovelluksen kautta.<\/p>\n<p>T\u00e4m\u00e4 mahdollistaa t\u00e4ysin toimivan ja luotettavan turvaj\u00e4rjestelm\u00e4n eritt\u00e4in lyhyess\u00e4 ajassa ilman monimutkaista asennusta.<\/p>\n<p><strong>Kaukos\u00e4\u00e4din ja valvonta<\/strong><\/p>\n<p>Yksi Ajax ocBridge Plusin suurimmista eduista on, ett\u00e4 sen avulla k\u00e4ytt\u00e4j\u00e4t voivat valvoa ja ohjata kaikkia kytkettyj\u00e4 laitteitaan \u2013 sek\u00e4 langattomia ett\u00e4 langallisia \u2013 Ajax-sovelluksen kautta.<\/p>\n<p>T\u00e4m\u00e4 tarjoaa korkeatasoisen hallinnan ja varmistaa, ett\u00e4 sinulla on aina p\u00e4\u00e4sy j\u00e4rjestelm\u00e4n tilaan miss\u00e4 tahansa oletkin. Moduuli on yhteensopiva my\u00f6s Ajaxin h\u00e4lytyskeskusten kanssa, joten voit halutessasi muodostaa yhteyden ammattimaiseen valvontapalveluun.<\/p>\n<p><strong>Korkea turvallisuus ja salaus<\/strong><\/p>\n<p>Osana Ajax-j\u00e4rjestelm\u00e4\u00e4 ocBridge Plus tarjoaa saman suoja- ja salaustason kuin mik\u00e4 tahansa muu laite.<\/p>\n<p>Se k\u00e4ytt\u00e4\u00e4 AES-salausta varmistaakseen, ett\u00e4 kaikki laitteiden v\u00e4linen viestint\u00e4 on turvallista ja suojattua ulkoisilta uhilta.<\/p>\n<p>T\u00e4m\u00e4 tarkoittaa, ett\u00e4 asiattomien henkil\u00f6iden on k\u00e4yt\u00e4nn\u00f6ss\u00e4 mahdotonta salakuunnella tai manipuloida j\u00e4rjestelm\u00e4\u00e4.<\/p>\n<p><strong>Tekniset tiedot:<\/strong><\/p>\n<ul>\n<li><strong>Tyyppi:<\/strong> Integrointimoduuli langallisiin ilmaisimiin<\/li>\n<li><strong>Yhteensopivuus:<\/strong> Toimii kaikkien Ajax-keskittimien kanssa<\/li>\n<li><strong>Liit\u00e4nn\u00e4t:<\/strong> Jopa 18 langallista ilmaisinta (PIR, ovianturit jne.)<\/li>\n<li><strong>Salaus:<\/strong> AES-algoritmi<\/li>\n<li><strong>Virtal\u00e4hde:<\/strong> 12V DC<\/li>\n<li><strong>Asennus:<\/strong> Helppo asennus Ajax-sovelluksen kautta<\/li>\n<li><strong>K\u00e4ytt\u00e4\u00e4:<\/strong> Sis\u00e4tiloissa<\/li>\n<li><strong>Mitat:<\/strong> 105 x 105 x 28 mm<\/li>\n<li><strong>Paino:<\/strong> 90 g<\/li>\n<li><strong>Takuu:<\/strong> Vaihto ja korjaus 24 kuukauden sis\u00e4ll\u00e4 myyntip\u00e4iv\u00e4st\u00e4<\/li>\n<\/ul>\n<p><strong>Johtop\u00e4\u00e4t\u00f6s:<\/strong><\/p>\n<p>Ajax ocBridge Plus on t\u00e4ydellinen ratkaisu k\u00e4ytt\u00e4jille, jotka haluavat yhdist\u00e4\u00e4 sek\u00e4 langattomien ett\u00e4 langallisten laitteiden edut turvaj\u00e4rjestelm\u00e4\u00e4ns\u00e4.<\/p>\n<p>Integroimalla langalliset ilmaisimet ja muut komponentit helposti saat kattavamman ja luotettavamman turvaj\u00e4rjestelm\u00e4n.<\/p>\n<p>Asennus on helppoa, viestint\u00e4 on turvallista ja saat t\u00e4yden hallinnan j\u00e4rjestelm\u00e4\u00e4si Ajax-sovelluksen kautta.<\/p>\n<p>&nbsp;<\/p>\n<p>&nbsp;<\/p>","protected":false},"excerpt":{"rendered":"<p>Ajax ocBridge Plus on integrointimoduuli, jonka avulla voidaan liitt\u00e4\u00e4 langallisia ilmaisimia ja laitteita Ajaxin langattomiin turvaj\u00e4rjestelmiin.<\/p>\n<p>T\u00e4m\u00e4 lis\u00e4varuste laajentaa j\u00e4rjestelm\u00e4n toimivuutta ja joustavuutta integroimalla langallisia komponentteja.<\/p>","protected":false},"featured_media":0,"template":"","meta":{"_acf_changed":false},"product_brand":[],"product_cat":[1319],"product_tag":[4863],"class_list":{"0":"post-69419","1":"product","2":"type-product","3":"status-publish","5":"product_cat-ajax-larm","6":"product_tag-pf","7":"product_shipping_class-tunga-paket","8":"pa_ajax-tradlosa-larm-ovriga-tillbehor-monteringsfaste","9":"pa_brands-ajax-systems","10":"tm-no-options","12":"first","13":"onbackorder","14":"sale","15":"featured","16":"taxable","17":"shipping-taxable","18":"purchasable","19":"product-type-simple"},"acf":[],"_links":{"self":[{"href":"https:\/\/secureus.se\/fi\/wp-json\/wp\/v2\/product\/69419","targetHints":{"allow":["GET"]}}],"collection":[{"href":"https:\/\/secureus.se\/fi\/wp-json\/wp\/v2\/product"}],"about":[{"href":"https:\/\/secureus.se\/fi\/wp-json\/wp\/v2\/types\/product"}],"wp:attachment":[{"href":"https:\/\/secureus.se\/fi\/wp-json\/wp\/v2\/media?parent=69419"}],"wp:term":[{"taxonomy":"product_brand","embeddable":true,"href":"https:\/\/secureus.se\/fi\/wp-json\/wp\/v2\/product_brand?post=69419"},{"taxonomy":"product_cat","embeddable":true,"href":"https:\/\/secureus.se\/fi\/wp-json\/wp\/v2\/product_cat?post=69419"},{"taxonomy":"product_tag","embeddable":true,"href":"https:\/\/secureus.se\/fi\/wp-json\/wp\/v2\/product_tag?post=69419"}],"curies":[{"name":"wp","href":"https:\/\/api.w.org\/{rel}","templated":true}]}}