{"id":69452,"date":"2022-11-28T12:54:08","date_gmt":"2022-11-28T11:54:08","guid":{"rendered":"https:\/\/secureus.se\/produkt\/multisandare-2-3eol-for-tradade-detektorer-svart\/"},"modified":"2026-03-30T09:11:36","modified_gmt":"2026-03-30T07:11:36","slug":"ajax-multitransmitter-multisandare-svart","status":"publish","type":"product","link":"https:\/\/secureus.se\/fi\/ajax-multitransmitter-multisandare-svart\/","title":{"rendered":"Ajax MultiTransmitter Multitransmitter 2\/3EoL langallisille ilmaisimille Musta"},"content":{"rendered":"<h3>Ajax MultiTransmitter Multi -l\u00e4hetin on tehokas ja luotettava langaton laite, joka mahdollistaa langallisten ilmaisimien ja antureiden yhdist\u00e4misen Ajax-turvaj\u00e4rjestelmiin.<\/h3>\n<p>MultiTransmitter on erityisen hy\u00f6dyllinen kiinteist\u00f6iss\u00e4, joissa olemassa olevia langallisia ilmaisimia on tarkoitus modernisoida ilman, ett\u00e4 koko j\u00e4rjestelm\u00e4\u00e4 vaihdetaan.<\/p>\n<p>MultiTransmitterilla on 18 lohkotuloa, jotka tukevat liit\u00e4nt\u00e4tyyppej\u00e4, kuten NO (normaalisti auki), NC (normaalisti suljettu), EOL (linjan loppu), 2EOL ja 3EOL.<\/p>\n<p>T\u00e4m\u00e4 tekee siit\u00e4 eritt\u00e4in joustavan ja mukautuvan moniin erilaisiin tietoturvatarpeisiin. Laitteessa on my\u00f6s l\u00e4hd\u00f6t, jotka sy\u00f6tt\u00e4v\u00e4t virtaa kytkettyihin ilmaisimiin, mik\u00e4 tekee asennuksesta sujuvaa ja tehokasta.<\/p>\n<p>MultiTransmitter on suunniteltu k\u00e4ytett\u00e4v\u00e4ksi kaikkien Ajax-keskittimien kanssa, ja se kommunikoi langattomasti j\u00e4rjestelm\u00e4n kanssa Jeweller-protokollan kautta.<\/p>\n<p>Sen kantama on jopa 2000 metri\u00e4 avoimessa maastossa, joten se sopii sek\u00e4 pienille ett\u00e4 suurille asennusalueille.<\/p>\n<p>Lis\u00e4ksi MultiTransmitterissa on kaksi peukalointisuojaa, jotka suojaavat sabotaasilta.<\/p>\n<p>Se on my\u00f6s varustettu vara-akulla, joka tarjoaa jopa 4 p\u00e4iv\u00e4\u00e4 toimintaa s\u00e4hk\u00f6katkon sattuessa.<\/p>\n<p>T\u00e4m\u00e4 tarkoittaa, ett\u00e4 j\u00e4rjestelm\u00e4 jatkaa toimintaansa my\u00f6s odottamattomissa tilanteissa.<\/p>\n<p>Uusimmalla laiteohjelmistoversiolla (2.13.0 tai uudempi) liitettyjen ilmaisimien resistanssiarvot voidaan mitata automaattisesti, mik\u00e4 helpottaa j\u00e4rjestelm\u00e4n asennusta ja konfigurointia.<\/p>\n<p>MultiTransmitteriin liitetyt ilmaisimet ja laitteet voidaan ohjelmoida yksil\u00f6llisesti Ajax-sovelluksen kautta, mik\u00e4 tekee j\u00e4rjestelm\u00e4st\u00e4 entist\u00e4 k\u00e4ytt\u00e4j\u00e4yst\u00e4v\u00e4llisemm\u00e4n ja joustavamman.<\/p>\n<p><strong>Tekniset tiedot:<\/strong><\/p>\n<ul>\n<li><strong>Liit\u00e4nt\u00e4tyypit:<\/strong> EI, NC, EOL, 2EOL, 3EOL<\/li>\n<li><strong>Tulojen m\u00e4\u00e4r\u00e4:<\/strong> 18<\/li>\n<li><strong>Langaton kantama:<\/strong> Jopa 2000 mailia vapaata maastoa<\/li>\n<li><strong>Virtal\u00e4hde:<\/strong> 110-255 VAC (kaapeli mukana)<\/li>\n<li><strong>Akun varmuuskopiointi:<\/strong> 12V 7Ah (ei sis\u00e4lly)<\/li>\n<li><strong>Akun varautumisaika:<\/strong> Jopa 4 p\u00e4iv\u00e4\u00e4<\/li>\n<li><strong>12V DC-l\u00e4hd\u00f6t:<\/strong> 4 kpl, 1A per l\u00e4ht\u00f6<\/li>\n<li><strong>L\u00e4mp\u00f6tila-alue:<\/strong> -10\u00b0 - +40\u00b0C<\/li>\n<li><strong>Kosteus:<\/strong> Jopa 75%<\/li>\n<\/ul>","protected":false},"excerpt":{"rendered":"<p>Ajax MultiTransmitter Multitransmitter on langaton integraatio langallisten ilmaisimien ja antureiden yhdist\u00e4miseen Ajax-turvaj\u00e4rjestelmiin.<\/p>\n<p>18-osaisen tulon ja joustavan EOL-liit\u00e4nn\u00e4n (End of Line) ansiosta se tarjoaa luotettavan ratkaisun vanhempien langallisten j\u00e4rjestelmien modernisointiin.<\/p>","protected":false},"featured_media":151917,"template":"","meta":{"_acf_changed":false},"product_brand":[],"product_cat":[3170,1319],"product_tag":[4863],"class_list":{"0":"post-69452","1":"product","2":"type-product","3":"status-publish","4":"has-post-thumbnail","6":"product_cat-integration","7":"product_cat-ajax-larm","8":"product_tag-pf","9":"product_shipping_class-tunga-paket","10":"pa_ajax-tradlosa-larm-rela-multisandare","11":"pa_brands-ajax-systems","12":"pa_color-svart","13":"pa_farg-svart","14":"tm-no-options","16":"first","17":"onbackorder","18":"sale","19":"featured","20":"taxable","21":"shipping-taxable","22":"purchasable","23":"product-type-simple"},"acf":[],"_links":{"self":[{"href":"https:\/\/secureus.se\/fi\/wp-json\/wp\/v2\/product\/69452","targetHints":{"allow":["GET"]}}],"collection":[{"href":"https:\/\/secureus.se\/fi\/wp-json\/wp\/v2\/product"}],"about":[{"href":"https:\/\/secureus.se\/fi\/wp-json\/wp\/v2\/types\/product"}],"wp:featuredmedia":[{"embeddable":true,"href":"https:\/\/secureus.se\/fi\/wp-json\/wp\/v2\/media\/151917"}],"wp:attachment":[{"href":"https:\/\/secureus.se\/fi\/wp-json\/wp\/v2\/media?parent=69452"}],"wp:term":[{"taxonomy":"product_brand","embeddable":true,"href":"https:\/\/secureus.se\/fi\/wp-json\/wp\/v2\/product_brand?post=69452"},{"taxonomy":"product_cat","embeddable":true,"href":"https:\/\/secureus.se\/fi\/wp-json\/wp\/v2\/product_cat?post=69452"},{"taxonomy":"product_tag","embeddable":true,"href":"https:\/\/secureus.se\/fi\/wp-json\/wp\/v2\/product_tag?post=69452"}],"curies":[{"name":"wp","href":"https:\/\/api.w.org\/{rel}","templated":true}]}}