{"id":69457,"date":"2022-11-28T11:19:14","date_gmt":"2022-11-28T10:19:14","guid":{"rendered":"https:\/\/secureus.se\/produkt\/monteringsfaste-hub-vit\/"},"modified":"2026-03-30T23:38:17","modified_gmt":"2026-03-30T21:38:17","slug":"ajax-smart-bracket-faste-hub-vit","status":"publish","type":"product","link":"https:\/\/secureus.se\/fi\/ajax-smart-bracket-faste-hub-vit\/","title":{"rendered":"Ajax Smart Bracket varaosakiinnike \/ lis\u00e4laitekeskitin valkoinen"},"content":{"rendered":"<h3>Keskittimen Ajax Smart Bracket -kiinnitysteline on t\u00e4ydellinen ratkaisu Ajax Hubin asentamiseen kotiisi tai yritykseesi helposti ja tehokkaasti.<\/h3>\n<p>Vankan rakenteensa ja joustavien asennusvaihtoehtojensa ansiosta Smart Bracket tarjoaa vakauden ja turvallisuuden, jota tarvitaan turvaj\u00e4rjestelm\u00e4si optimaalisen toiminnan varmistamiseksi.<\/p>\n<p>T\u00e4m\u00e4 asennuspaneeli on suunniteltu erityisesti kiinnitt\u00e4m\u00e4\u00e4n Ajax Hub pystysuoraan pintaan tai huoneen nurkkaan, mik\u00e4 tekee asennuksesta sujuvan ja tilaa s\u00e4\u00e4st\u00e4v\u00e4n.<\/p>\n<p>Asennus kest\u00e4\u00e4 muutaman minuutin, ja mukana tulee kaikki tarvittavat ruuvit ja kiinnikkeet varmistamaan, ett\u00e4 laite on kiinnitetty kunnolla.<\/p>\n<p>Se on yksinkertainen ratkaisu pit\u00e4\u00e4 Ajax Hub paikoillaan ja varmistaa, ett\u00e4 kaikki j\u00e4rjestelm\u00e4si osat on kytketty ja toimivat parhaalla mahdollisella tavalla.<\/p>\n<p>Asennuksen optimoimiseksi ja parhaan signaalin voimakkuuden varmistamiseksi voit k\u00e4ytt\u00e4\u00e4 signaalinvoimakkuustestej\u00e4 varmistaaksesi, ett\u00e4 Ajax Hubilla on paras mahdollinen viestint\u00e4laatu muiden laitteiden, kuten Jewels ja Wings, kanssa.<\/p>\n<p>Jos signaalin voimakkuus on liian alhainen, voit s\u00e4\u00e4t\u00e4\u00e4 sijaintia tai laajentaa radiopeittoa k\u00e4ytt\u00e4m\u00e4ll\u00e4 ReX 2:ta.<\/p>\n<p><strong>Asennus tapahtuu muutamassa yksinkertaisessa vaiheessa:<\/strong><\/p>\n<ol>\n<li>Irrota Smart Bracket -asennuspaneeli laitteesta.<\/li>\n<li>Kiinnit\u00e4 paneeli pystysuoraan pintaan tai huoneen nurkkaan kaksipuolisella teipill\u00e4 tai ruuveilla.<\/li>\n<li>Asenna laite paneeliin ja s\u00e4\u00e4d\u00e4 signaalin optimaalisen voimakkuuden varmistamiseksi.<\/li>\n<li>K\u00e4yt\u00e4 Ajax-sovelluksen ominaisuuksia signaalin testaamiseen ja s\u00e4\u00e4t\u00e4miseen tarpeen mukaan.<\/li>\n<\/ol>\n<p>T\u00e4m\u00e4 tekee ratkaisusta yksinkertaisen, mutta my\u00f6s joustavan, jotta se soveltuu tila- ja turvallisuustarpeisiisi.<\/p>\n<p><strong>Ajax Smart Bracket -asennustelineen edut:<\/strong><\/p>\n<ul>\n<li><strong>Vakaa asennus:<\/strong> Varmistaa, ett\u00e4 keskittimesi on oikein asennettu ja vakaa.<\/li>\n<li><strong>Joustava k\u00e4ytt\u00f6:<\/strong> Voidaan asentaa pystysuoralle pinnalle tai huoneen nurkkaan sisustukseen sopivaksi.<\/li>\n<li><strong>Yhteensopivuus:<\/strong> Toimii t\u00e4ydellisesti kaikkien Ajax Hub -laitteiden kanssa.<\/li>\n<li><strong>Optimaalinen signaalin voimakkuus:<\/strong> Testien avulla voit varmistaa parhaan mahdollisen viestinn\u00e4n laitteiden v\u00e4lill\u00e4.<\/li>\n<li><strong>Helppo asennus:<\/strong> Mukana on kiinnikkeet asennuksen helpottamiseksi.<\/li>\n<\/ul>\n<p><strong>Tekniset tiedot:<\/strong><\/p>\n<ul>\n<li><strong>Yhteensopivuus:<\/strong> Ajax Hub, Hub Plus<\/li>\n<li><strong>Asennusmenetelm\u00e4:<\/strong> Sein\u00e4asennus tai kulmaasennus<\/li>\n<li><strong>Mukana lis\u00e4varusteet:<\/strong> Kiinnitysruuvit ja kaksipuolinen teippi<\/li>\n<li><strong>Materiaali:<\/strong> Tukevaa muovia ja metallia<\/li>\n<li><strong>Maali:<\/strong> Musta<\/li>\n<li><strong>Mitata:<\/strong> Mukautetut mitat helpottavat asennusta<\/li>\n<\/ul>","protected":false},"excerpt":{"rendered":"<p>Ajax Smart Bracket -kiinnitysteline keskittimelle on joustava ja turvallinen ratkaisu Ajax Hubin asentamiseen pystysuoralle pinnalle tai nurkkaan.<\/p>\n<p>Se tekee asennuksesta helppoa ja takaa turvaj\u00e4rjestelm\u00e4n vakauden varmistaen luotettavan tiedonsiirron laitteiden v\u00e4lill\u00e4.<\/p>","protected":false},"featured_media":0,"template":"","meta":{"_acf_changed":false},"product_brand":[],"product_cat":[3128],"product_tag":[],"class_list":{"0":"post-69457","1":"product","2":"type-product","3":"status-publish","5":"product_cat-ajax-reservdelar-fasten","6":"product_shipping_class-postnord-varubrev","7":"pa_ajax-tradlosa-larm-ovriga-tillbehor-monteringsfaste","8":"pa_brands-ajax-systems","9":"pa_color-vit","10":"pa_farg-vit","11":"tm-no-options","13":"first","14":"onbackorder","15":"sale","16":"featured","17":"taxable","18":"shipping-taxable","19":"purchasable","20":"product-type-simple"},"acf":[],"_links":{"self":[{"href":"https:\/\/secureus.se\/fi\/wp-json\/wp\/v2\/product\/69457","targetHints":{"allow":["GET"]}}],"collection":[{"href":"https:\/\/secureus.se\/fi\/wp-json\/wp\/v2\/product"}],"about":[{"href":"https:\/\/secureus.se\/fi\/wp-json\/wp\/v2\/types\/product"}],"wp:attachment":[{"href":"https:\/\/secureus.se\/fi\/wp-json\/wp\/v2\/media?parent=69457"}],"wp:term":[{"taxonomy":"product_brand","embeddable":true,"href":"https:\/\/secureus.se\/fi\/wp-json\/wp\/v2\/product_brand?post=69457"},{"taxonomy":"product_cat","embeddable":true,"href":"https:\/\/secureus.se\/fi\/wp-json\/wp\/v2\/product_cat?post=69457"},{"taxonomy":"product_tag","embeddable":true,"href":"https:\/\/secureus.se\/fi\/wp-json\/wp\/v2\/product_tag?post=69457"}],"curies":[{"name":"wp","href":"https:\/\/api.w.org\/{rel}","templated":true}]}}