{"id":69505,"date":"2022-11-28T11:05:31","date_gmt":"2022-11-28T10:05:31","guid":{"rendered":"https:\/\/secureus.se\/produkt\/passerbricka-ajax-mifare-desfire-svart-2\/"},"modified":"2026-04-02T10:43:46","modified_gmt":"2026-04-02T08:43:46","slug":"ajax-tag-passerbricka-mifare-desfire-sv","status":"publish","type":"product","link":"https:\/\/secureus.se\/fi\/ajax-tag-passerbricka-mifare-desfire-sv\/","title":{"rendered":"Ajax Tag (musta) \u2013 Tagi KeyPad Plus -n\u00e4pp\u00e4imist\u00f6lle ja kosketusn\u00e4yt\u00f6lle"},"content":{"rendered":"<h3>Ajax Tag Passer tag Mifare DESFire on edistynyt tietoturvaratkaisu, joka tarjoaa nopean p\u00e4\u00e4syn Ajax-turvaj\u00e4rjestelm\u00e4\u00e4si.<\/h3>\n<p>Kosketusvapaa tekniikka mahdollistaa h\u00e4lytyksen aktivoinnin tai deaktivoinnin yksinkertaisesti pit\u00e4m\u00e4ll\u00e4 avaimenper\u00e4\u00e4 l\u00e4hell\u00e4 KeyPad Plus - tai KeyPad TouchScreeni\u00e4.<\/p>\n<p>Se on erinomainen valinta niin kotiin kuin yritykseen, miss\u00e4 turvallisuus ja helppok\u00e4ytt\u00f6isyys ovat t\u00e4rkeit\u00e4.<\/p>\n<p>Tunniste k\u00e4ytt\u00e4\u00e4 eritt\u00e4in salattua ja turvallista Mifare DESFire -tekniikkaa, joka perustuu ISO 14443 -standardiin, mik\u00e4 tarkoittaa, ett\u00e4 vain valtuutetut k\u00e4ytt\u00e4j\u00e4t voivat k\u00e4ytt\u00e4\u00e4 j\u00e4rjestelm\u00e4\u00e4.<\/p>\n<p>Tekniikka tarjoaa 128-bittisen salauksen ja kopiosuojauksen, mik\u00e4 antaa sinulle turvallisen ja luotettavan ratkaisun turvaj\u00e4rjestelm\u00e4n hallintaan ilman, ett\u00e4 sinun tarvitsee muistaa salasanoja tai luoda k\u00e4ytt\u00e4j\u00e4tilej\u00e4.<\/p>\n<p>T\u00e4t\u00e4 tekniikkaa k\u00e4ytet\u00e4\u00e4n my\u00f6s Euroopan p\u00e4\u00e4kaupunkien liikennej\u00e4rjestelmiss\u00e4 ja NASAn p\u00e4\u00e4syj\u00e4rjestelmiss\u00e4.<\/p>\n<p>Yksi Ajax Tagin suurimmista eduista on sen yksinkertaisuus. Voit lis\u00e4t\u00e4 uuden avaimen j\u00e4rjestelm\u00e4\u00e4n avaamalla Ajax-sovelluksen, siirtym\u00e4ll\u00e4 asetuksiin ja pit\u00e4m\u00e4ll\u00e4 kaukos\u00e4\u00e4dint\u00e4 l\u00e4hell\u00e4 yhteensopivaa n\u00e4pp\u00e4imist\u00f6\u00e4.<\/p>\n<p>Sinun ei tarvitse luoda tili\u00e4 tai tehd\u00e4 mit\u00e4\u00e4n monimutkaisia asennuksia. Sen avulla on erityisen helppoa my\u00f6nt\u00e4\u00e4 v\u00e4liaikaiset k\u00e4ytt\u00f6oikeudet muille ihmisille, kuten vieraille tai ty\u00f6ntekij\u00f6ille, m\u00e4\u00e4ritt\u00e4m\u00e4ll\u00e4 heille tietty tunniste ilman k\u00e4ytt\u00e4j\u00e4tilej\u00e4.<\/p>\n<p>Ajax Tag Key fob voidaan liitt\u00e4\u00e4 jopa 13 keskittimeen, mik\u00e4 antaa sinulle joustavuuden ohjata useita turvaj\u00e4rjestelmi\u00e4 samasta avaimenper\u00e4st\u00e4.<\/p>\n<p>Ajax-sovelluksen kautta j\u00e4rjestelm\u00e4nvalvoja voi helposti hallita kaikkia m\u00e4\u00e4ritettyj\u00e4 tunnisteita ja my\u00f6s s\u00e4\u00e4t\u00e4\u00e4 k\u00e4ytt\u00f6oikeuksia tai peruuttaa k\u00e4ytt\u00f6oikeudet tarvittaessa.<\/p>\n<p>Kaikki muutokset ja p\u00e4\u00e4sytoimenpiteet kirjataan tapahtumalokiin, mik\u00e4 tarkoittaa, ett\u00e4 sinulla on aina t\u00e4ysi hallinta ja n\u00e4kyvyys siihen, milloin ja kuka on turvaj\u00e4rjestelm\u00e4n aktivoinut tai deaktivoinut.<\/p>\n<p>Tarra toimii l\u00e4mp\u00f6tila-alueella -10\u00b0C - +40\u00b0C ja sen pitk\u00e4 k\u00e4ytt\u00f6ik\u00e4 jopa 10 vuotta, joten se on kest\u00e4v\u00e4 ratkaisu pitk\u00e4aikaiseen k\u00e4ytt\u00f6\u00f6n.<\/p>\n<p>Se on my\u00f6s eritt\u00e4in kevyt, vain 7 grammaa, ja kompakti muotoilu, mik\u00e4 tekee siit\u00e4 helpon kuljettaa ja k\u00e4tev\u00e4n k\u00e4ytt\u00e4\u00e4.<\/p>\n<p><strong>Tekniset tiedot:<\/strong><\/p>\n<ul>\n<li><strong>Viestint\u00e4tekniikka:<\/strong> Mifare DESFire\u00ae<\/li>\n<li><strong>Toimintastandardi:<\/strong> ISO 14443-A (13,56 MHz)<\/li>\n<li><strong>Salaus:<\/strong> 128-bittinen salaus<\/li>\n<li><strong>Kytkettyjen keskittimien m\u00e4\u00e4r\u00e4:<\/strong> Jopa 13 keskitint\u00e4<\/li>\n<li><strong>Yhteensopivuus:<\/strong> Toimii KeyPad Plus:n ja KeyPad TouchScreenin kanssa<\/li>\n<li><strong>Ty\u00f6l\u00e4mp\u00f6tila:<\/strong> -10\u00b0C - +40\u00b0C<\/li>\n<li><strong>Kosteus:<\/strong> Jopa 75%<\/li>\n<li><strong>Mitat:<\/strong> 45 \u00d7 32 \u00d7 6 mm<\/li>\n<li><strong>Paino:<\/strong> 7 g<\/li>\n<\/ul>","protected":false},"excerpt":{"rendered":"<p>Ajax Tag Passer Tag Mifare DESFire on salattu, kontaktiton avaintunniste, joka mahdollistaa nopean ja turvallisen p\u00e4\u00e4syn Ajax-turvaj\u00e4rjestelm\u00e4\u00e4si.<\/p>\n<p>Suunniteltu toimimaan KeyPad Plus:n ja kosketusn\u00e4yt\u00f6n kanssa, se mahdollistaa turvaj\u00e4rjestelm\u00e4n k\u00e4ytt\u00f6\u00f6noton ja poistamisen ilman salasanaa tai k\u00e4ytt\u00e4j\u00e4tili\u00e4.<\/p>","protected":false},"featured_media":158366,"template":"","meta":{"_acf_changed":false},"product_brand":[],"product_cat":[3164,1319],"product_tag":[3127,2137,4863],"class_list":{"0":"post-69505","1":"product","2":"type-product","3":"status-publish","4":"has-post-thumbnail","6":"product_cat-larmstyrning","7":"product_cat-ajax-larm","8":"product_tag-kontrollprodukt","9":"product_tag-lager-ajax","10":"product_tag-pf","11":"product_shipping_class-postnord-varubrev","12":"pa_ajax-tradlosa-larm-ovriga-tillbehor-monteringsfaste","13":"pa_brands-ajax-systems","14":"pa_color-svart","15":"pa_farg-svart","16":"tm-no-options","18":"first","19":"instock","20":"sale","21":"featured","22":"taxable","23":"shipping-taxable","24":"purchasable","25":"product-type-simple"},"acf":[],"_links":{"self":[{"href":"https:\/\/secureus.se\/fi\/wp-json\/wp\/v2\/product\/69505","targetHints":{"allow":["GET"]}}],"collection":[{"href":"https:\/\/secureus.se\/fi\/wp-json\/wp\/v2\/product"}],"about":[{"href":"https:\/\/secureus.se\/fi\/wp-json\/wp\/v2\/types\/product"}],"wp:featuredmedia":[{"embeddable":true,"href":"https:\/\/secureus.se\/fi\/wp-json\/wp\/v2\/media\/158366"}],"wp:attachment":[{"href":"https:\/\/secureus.se\/fi\/wp-json\/wp\/v2\/media?parent=69505"}],"wp:term":[{"taxonomy":"product_brand","embeddable":true,"href":"https:\/\/secureus.se\/fi\/wp-json\/wp\/v2\/product_brand?post=69505"},{"taxonomy":"product_cat","embeddable":true,"href":"https:\/\/secureus.se\/fi\/wp-json\/wp\/v2\/product_cat?post=69505"},{"taxonomy":"product_tag","embeddable":true,"href":"https:\/\/secureus.se\/fi\/wp-json\/wp\/v2\/product_tag?post=69505"}],"curies":[{"name":"wp","href":"https:\/\/api.w.org\/{rel}","templated":true}]}}