{"id":69516,"date":"2022-11-28T11:05:31","date_gmt":"2022-11-28T10:05:31","guid":{"rendered":"https:\/\/secureus.se\/produkt\/fjarrkontroll-tradlos-svart\/"},"modified":"2026-04-02T10:43:45","modified_gmt":"2026-04-02T08:43:45","slug":"ajax-spacecontrol-fjarrkontroll-svart","status":"publish","type":"product","link":"https:\/\/secureus.se\/fi\/ajax-spacecontrol-fjarrkontroll-svart\/","title":{"rendered":"Ajax SpaceControl -kaukos\u00e4\u00e4din, musta"},"content":{"rendered":"<h3>Ajax SpaceControl on innovatiivinen ja k\u00e4ytt\u00e4j\u00e4yst\u00e4v\u00e4llinen kaukos\u00e4\u00e4din, joka on suunniteltu antamaan sinulle t\u00e4yden hallinnan turvaj\u00e4rjestelm\u00e4st\u00e4si.<\/h3>\n<p>Nelj\u00e4n ohjelmoitavan painikkeen avulla voit helposti aktivoida tai poistaa k\u00e4yt\u00f6st\u00e4 erilaisia suojaustiloja sek\u00e4 laukaista h\u00e4t\u00e4h\u00e4lytyksen erillisen paniikkipainikkeen kautta.<\/p>\n<p>T\u00e4m\u00e4 kaukos\u00e4\u00e4din on t\u00e4ydellinen ty\u00f6kalu h\u00e4lytysj\u00e4rjestelm\u00e4n hallintaan nopeasti ja helposti k\u00e4tev\u00e4ll\u00e4 tavalla, olitpa sitten kotona tai toimistossa.<\/p>\n<p>Yksi Ajax SpaceControlin n\u00e4kyvimmist\u00e4 ominaisuuksista on sis\u00e4\u00e4nrakennettu paniikkipainike.<\/p>\n<p>H\u00e4t\u00e4tilanteessa voit aktivoida h\u00e4lytyksen v\u00e4litt\u00f6m\u00e4sti ja saada apua. Paniikkipainike l\u00e4hett\u00e4\u00e4 h\u00e4lytyssignaaleja sek\u00e4 turvayritykselle ett\u00e4 kaikkiin j\u00e4rjestelm\u00e4\u00e4si liitettyihin laitteisiin, mik\u00e4 mahdollistaa avun nopean l\u00e4hett\u00e4misen.<\/p>\n<p>T\u00e4m\u00e4 on erityisen t\u00e4rke\u00e4\u00e4 murtovarkauden tai muun h\u00e4t\u00e4tilanteessa, jossa nopea reagointi voi olla ratkaisevan t\u00e4rke\u00e4\u00e4.<\/p>\n<p>Maksimaalisen turvallisuuden takaamiseksi ja v\u00e4\u00e4rent\u00e4misen est\u00e4miseksi Ajax SpaceControl on varustettu todennustekniikalla.<\/p>\n<p>T\u00e4m\u00e4 sallii vain valtuutettujen k\u00e4ytt\u00e4jien muodostaa yhteyden kaukos\u00e4\u00e4timeen ja k\u00e4ytt\u00e4\u00e4 sit\u00e4, mik\u00e4 est\u00e4\u00e4 luvattoman k\u00e4yt\u00f6n ja v\u00e4\u00e4rent\u00e4misen.<\/p>\n<p>Lis\u00e4ksi se k\u00e4ytt\u00e4\u00e4 salattuja viestint\u00e4kanavia ja siin\u00e4 on sis\u00e4\u00e4nrakennettu h\u00e4irint\u00e4tunnistus, mik\u00e4 tarkoittaa, ett\u00e4 j\u00e4rjestelm\u00e4 on suojattu mahdollisilta h\u00e4iri\u00f6ilt\u00e4 ja hy\u00f6kk\u00e4yksilt\u00e4.<\/p>\n<p>Toinen k\u00e4tev\u00e4 ominaisuus on kaksisuuntainen viestint\u00e4, jonka avulla voit varmistaa, ett\u00e4 komentosi on suoritettu oikein.<\/p>\n<p>Kun komento l\u00e4hetet\u00e4\u00e4n, kaukos\u00e4\u00e4din ilmoittaa t\u00e4m\u00e4n v\u00e4ris\u00e4vyll\u00e4, joka antaa visuaalisen palautteen siit\u00e4, ett\u00e4 turvaj\u00e4rjestelm\u00e4 on vastaanottanut ja k\u00e4sitellyt komentosi.<\/p>\n<p>T\u00e4m\u00e4 minimoi v\u00e4\u00e4rink\u00e4sitysten riskin ja antaa k\u00e4ytt\u00e4j\u00e4lle mahdollisuuden olla t\u00e4ysin varma, ett\u00e4 oikea toimenpide on suoritettu.<\/p>\n<p>Ajax SpaceControl on my\u00f6s eritt\u00e4in helppok\u00e4ytt\u00f6inen. Sinun ei tarvitse huolehtia monimutkaisista asennuksista tai k\u00e4ytt\u00e4j\u00e4asetuksista.<\/p>\n<p>Kaukos\u00e4\u00e4din on k\u00e4ytt\u00f6valmis heti laatikosta otettuna, ja se yhdistet\u00e4\u00e4n helposti Ajax-turvaj\u00e4rjestelm\u00e4\u00e4si mobiilisovelluksen kautta.<\/p>\n<p>Jopa viiden vuoden akun k\u00e4ytt\u00f6ik\u00e4 ja vain 13 gramman kompakti rakenne tekev\u00e4t siit\u00e4 sek\u00e4 k\u00e4yt\u00e4nn\u00f6llisen ett\u00e4 pitk\u00e4ik\u00e4isen.<\/p>\n<p>T\u00e4m\u00e4 kaukos\u00e4\u00e4din toimii erinomaisesti kaikkien Ajax-keskittimien, kantaman laajenninten, ocBridge Plus- ja uartBridge-laitteiden kanssa, ja sen tiedonsiirtoet\u00e4isyys on jopa 1300 metri\u00e4 avoimessa maastossa, mik\u00e4 antaa sinulle joustavuutta ja hallintaa melkein mist\u00e4 tahansa kiinteist\u00f6si paikasta.<\/p>\n<p><strong>Tekniset tiedot:<\/strong><\/p>\n<ul>\n<li><strong>Laitteen tyyppi:<\/strong> Kaukos\u00e4\u00e4din nelj\u00e4ll\u00e4 painikkeella<\/li>\n<li><strong>Ominaisuudet:<\/strong> H\u00e4lytysten hallinta, paniikkipainike, kaksisuuntainen viestint\u00e4<\/li>\n<li><strong>Yhteensopivuus:<\/strong> Toimii kaikkien Ajax-keskittimien ja kantaman laajenninten kanssa<\/li>\n<li><strong>Salaus:<\/strong> AES-128-bittinen salaus<\/li>\n<li><strong>Akun kesto:<\/strong> Jopa 5 vuotta (CR2032-paristo)<\/li>\n<li><strong>L\u00e4mp\u00f6tila-alue:<\/strong> -25\u00b0C - +50\u00b0C<\/li>\n<li><strong>Kosteus:<\/strong> Jopa 95%<\/li>\n<li><strong>Mitata:<\/strong> 65 \u00d7 37 \u00d7 10 mm<\/li>\n<li><strong>Paino:<\/strong> 13 g<\/li>\n<li><strong>Takuu:<\/strong> 24 kuukautta (takuu ei kata akkuja)<\/li>\n<\/ul>","protected":false},"excerpt":{"rendered":"<p>Ajax SpaceControl on langaton kaukos\u00e4\u00e4din turvaj\u00e4rjestelm\u00e4n helppoon ja turvalliseen hallintaan.<\/p>\n<p>Toiminnot, kuten paniikkipainike, todennus ja kaksisuuntainen viestint\u00e4, tarjoavat tehokkaan hallinnan ja lis\u00e4\u00e4v\u00e4t turvallisuutta.<\/p>","protected":false},"featured_media":156280,"template":"","meta":{"_acf_changed":false},"product_brand":[],"product_cat":[3164,1319],"product_tag":[3127,2137,4863],"class_list":{"0":"post-69516","1":"product","2":"type-product","3":"status-publish","4":"has-post-thumbnail","6":"product_cat-larmstyrning","7":"product_cat-ajax-larm","8":"product_tag-kontrollprodukt","9":"product_tag-lager-ajax","10":"product_tag-pf","11":"product_shipping_class-postnord-varubrev","12":"pa_ajax-tradlosa-larm-fjarr-overfallsknapp","13":"pa_brands-ajax-systems","14":"pa_color-svart","15":"pa_farg-svart","16":"tm-no-options","18":"first","19":"instock","20":"sale","21":"featured","22":"taxable","23":"shipping-taxable","24":"purchasable","25":"product-type-simple"},"acf":[],"_links":{"self":[{"href":"https:\/\/secureus.se\/fi\/wp-json\/wp\/v2\/product\/69516","targetHints":{"allow":["GET"]}}],"collection":[{"href":"https:\/\/secureus.se\/fi\/wp-json\/wp\/v2\/product"}],"about":[{"href":"https:\/\/secureus.se\/fi\/wp-json\/wp\/v2\/types\/product"}],"wp:featuredmedia":[{"embeddable":true,"href":"https:\/\/secureus.se\/fi\/wp-json\/wp\/v2\/media\/156280"}],"wp:attachment":[{"href":"https:\/\/secureus.se\/fi\/wp-json\/wp\/v2\/media?parent=69516"}],"wp:term":[{"taxonomy":"product_brand","embeddable":true,"href":"https:\/\/secureus.se\/fi\/wp-json\/wp\/v2\/product_brand?post=69516"},{"taxonomy":"product_cat","embeddable":true,"href":"https:\/\/secureus.se\/fi\/wp-json\/wp\/v2\/product_cat?post=69516"},{"taxonomy":"product_tag","embeddable":true,"href":"https:\/\/secureus.se\/fi\/wp-json\/wp\/v2\/product_tag?post=69516"}],"curies":[{"name":"wp","href":"https:\/\/api.w.org\/{rel}","templated":true}]}}