{"id":69523,"date":"2022-11-28T11:05:31","date_gmt":"2022-11-28T10:05:31","guid":{"rendered":"https:\/\/secureus.se\/produkt\/vattendetektor-tradlos-vit\/"},"modified":"2026-04-10T23:12:35","modified_gmt":"2026-04-10T21:12:35","slug":"ajax-leaksprotect-vattendetektor-vit","status":"publish","type":"product","link":"https:\/\/secureus.se\/fi\/ajax-leaksprotect-vattendetektor-vit\/","title":{"rendered":"Langaton Ajax LeaksProtect vedenilmaisin Valkoinen"},"content":{"rendered":"<h3><strong>Ajax LeaksProtect \u2013 langaton vedenilmaisin tulviin<\/strong><\/h3>\n<p>Ajax LeaksProtect on edistyksellinen ja luotettava langaton vedenilmaisin, joka on suunniteltu suojaamaan kotiasi tai yrityst\u00e4si vesivuotojen aiheuttamilta vakavilta vaurioilta.<\/p>\n<p>Innovatiivisen tekniikan ja korkealaatuisten ominaisuuksien ansiosta t\u00e4m\u00e4 ilmaisin varmistaa, ett\u00e4 saat nopeasti tiedon kaikista vuodoista ennen kuin ne aiheuttavat suuria vahinkoja.<\/p>\n<p><strong>Nopea tunnistus ja h\u00e4lytys:<\/strong> LeaksProtect reagoi v\u00e4litt\u00f6m\u00e4sti ensimm\u00e4iseen vuodon merkkiin ja aktivoi h\u00e4lytyksen ilmoittaakseen ongelmasta k\u00e4ytt\u00e4j\u00e4lle ja turvayritykselle.<\/p>\n<p>Nopean havaitsemisen avulla voit ryhty\u00e4 toimiin ajoissa ja minimoida omaisuusvahingot.<\/p>\n<p><strong>Kompakti ja huomaamaton muotoilu:<\/strong> Vain 14 mm korkea LeaksProtect on uskomattoman huomaamaton ja voidaan sijoittaa melkein mille tahansa pinnalle.<\/p>\n<p>T\u00e4m\u00e4 mahdollistaa sen asentamisen vaikeap\u00e4\u00e4syisiin paikkoihin, kuten pesualtaan alle, ikkunoiden l\u00e4helle, putkien viereen tai kodinkoneiden alle, joissa voi esiinty\u00e4 vuotoja.<\/p>\n<p><strong>Innovatiivinen teknologia luotettavuuteen:<\/strong> Ilmaisin on varustettu nelj\u00e4ll\u00e4 parilla vesiherkki\u00e4 koskettimia, jotka peitt\u00e4v\u00e4t laitteen koko pinnan.<\/p>\n<p>Heti kun yksi kosketusosista joutuu kosketuksiin veden kanssa, laite h\u00e4lytt\u00e4\u00e4 ja l\u00e4hett\u00e4\u00e4 signaalin Ajax-keskittimeen. N\u00e4in j\u00e4rjestelm\u00e4 voi nopeasti tunnistaa ja korjata vuodot.<\/p>\n<p><strong>Pitk\u00e4 akun k\u00e4ytt\u00f6ik\u00e4 ja helppo asennus:<\/strong> LeaksProtect on suunniteltu sek\u00e4 tehokkaaksi ett\u00e4 pitk\u00e4kestoiseksi.<\/p>\n<p>Se k\u00e4ytt\u00e4\u00e4 kahta AAA-paristoa ja sen akun k\u00e4ytt\u00f6ik\u00e4 on jopa 5 vuotta.<\/p>\n<p>Asennus on yksinkertaista eik\u00e4 vaadi monimutkaista kokoonpanoprosessia - aseta se vain vaakasuoralle pinnalle, jossa on vuotovaara, ja se on k\u00e4ytt\u00f6valmis.<\/p>\n<p><strong>IP65 luokitus:<\/strong> IP65-suojausluokillaan LeaksProtect on sek\u00e4 p\u00f6ly- ett\u00e4 vesitiivis, joten se sopii k\u00e4ytett\u00e4v\u00e4ksi sek\u00e4 sis\u00e4ll\u00e4 ett\u00e4 ulkona.<\/p>\n<p><strong>Automaattinen vedenkatkaisu:<\/strong> Kun LeaksProtect on kytketty WaterStop-laitteeseen, j\u00e4rjestelm\u00e4 voi automaattisesti katkaista vedensy\u00f6t\u00f6n, kun vuotoja havaitaan.<\/p>\n<p>T\u00e4m\u00e4 est\u00e4\u00e4 mahdolliset tulvat ja vesivahingot ja tarjoaa ylim\u00e4\u00e4r\u00e4isen turvallisuuden kerroksen.<\/p>\n<p><strong>Et\u00e4valvonta Ajax-sovelluksen kautta:<\/strong> Kuten muutkin Ajax-laitteet, LeaksProtect on t\u00e4ysin integroitu Ajax-ekosysteemiin, joten voit valvoa ja ohjata ilmaisinta \u00e4lypuhelimesi Ajax-sovelluksen kautta.<\/p>\n<p>Saat push-ilmoituksia h\u00e4lytyksen sattuessa ja voit toimia nopeasti est\u00e4\u00e4ksesi vahingot.<\/p>\n<p><strong>Edut:<\/strong><\/p>\n<ul>\n<li><strong>Nopea ja tehokas vesivuodon tunnistus<\/strong> vahinkojen minimoimiseksi.<\/li>\n<li><strong>Pitk\u00e4 akunkesto<\/strong> jopa 5 vuotta luotettavan toiminnan takaamiseksi ilman jatkuvaa huoltoa.<\/li>\n<li><strong>Kompakti muotoilu<\/strong> jonka ansiosta se on helppo asentaa vaikeap\u00e4\u00e4syisiin paikkoihin.<\/li>\n<li><strong>IP65 suojaus<\/strong> k\u00e4ytett\u00e4v\u00e4ksi sek\u00e4 sis\u00e4ll\u00e4 ett\u00e4 ulkona.<\/li>\n<li><strong>Automaattinen veden sulkeminen<\/strong> integroimalla WaterStopiin lis\u00e4vaurioiden est\u00e4miseksi.<\/li>\n<li><strong>Kaukos\u00e4\u00e4din ja valvonta<\/strong> Ajax-sovelluksen kautta jatkuvaan hallintaan.<\/li>\n<\/ul>\n<p><strong>Tekniset tiedot:<\/strong><\/p>\n<ul>\n<li><strong>Akun kesto:<\/strong> Jopa 5 vuotta.<\/li>\n<li><strong>Viestint\u00e4alue:<\/strong> Jopa 1300 m (avoimessa maastossa).<\/li>\n<li><strong>Suojausluokka:<\/strong> IP65 (p\u00f6ly- ja vesitiivis).<\/li>\n<li><strong>Asennusmenetelm\u00e4:<\/strong> Asetettu vaakasuoralle pinnalle.<\/li>\n<li><strong>Virtal\u00e4hde:<\/strong> 2 x AAA paristot.<\/li>\n<li><strong>Mitata:<\/strong> 56 \u00d7 56 \u00d7 14 mm.<\/li>\n<li><strong>Paino:<\/strong> 40 g.<\/li>\n<\/ul>\n<p>Suojaa kotisi tai yrityst\u00e4si vesivahingoilta Ajax LeaksProtectilla.<\/p>\n<p>Sen nopea tunnistus, luotettava tiedonsiirto ja pitk\u00e4 akunkesto tekev\u00e4t siit\u00e4 v\u00e4ltt\u00e4m\u00e4tt\u00f6m\u00e4n osan turvaj\u00e4rjestelm\u00e4\u00e4si.<\/p>","protected":false},"excerpt":{"rendered":"<p>Ajax LeaksProtect on langaton tulvailmaisin, joka havaitsee nopeasti vesivuodot ja varoittaa k\u00e4ytt\u00e4ji\u00e4 h\u00e4lytyksell\u00e4.<\/p>\n<p>Se integroituu Ajax-j\u00e4rjestelm\u00e4\u00e4si ja auttaa suojaamaan kotiasi tai yrityst\u00e4si mahdollisilta vesivahingoilta.<\/p>","protected":false},"featured_media":155448,"template":"","meta":{"_acf_changed":false},"product_brand":[],"product_cat":[3158,1319],"product_tag":[3127,2137,4863],"class_list":{"0":"post-69523","1":"product","2":"type-product","3":"status-publish","4":"has-post-thumbnail","6":"product_cat-vattenlarm-och-fuktlarm","7":"product_cat-ajax-larm","8":"product_tag-kontrollprodukt","9":"product_tag-lager-ajax","10":"product_tag-pf","11":"product_shipping_class-postnord-varubrev","12":"pa_ajax-tradlosa-larm-fuktlarm","13":"pa_brands-ajax-systems","14":"pa_color-vit","15":"pa_farg-vit","16":"tm-no-options","18":"first","19":"instock","20":"sale","21":"featured","22":"taxable","23":"shipping-taxable","24":"purchasable","25":"product-type-simple"},"acf":[],"_links":{"self":[{"href":"https:\/\/secureus.se\/fi\/wp-json\/wp\/v2\/product\/69523","targetHints":{"allow":["GET"]}}],"collection":[{"href":"https:\/\/secureus.se\/fi\/wp-json\/wp\/v2\/product"}],"about":[{"href":"https:\/\/secureus.se\/fi\/wp-json\/wp\/v2\/types\/product"}],"wp:featuredmedia":[{"embeddable":true,"href":"https:\/\/secureus.se\/fi\/wp-json\/wp\/v2\/media\/155448"}],"wp:attachment":[{"href":"https:\/\/secureus.se\/fi\/wp-json\/wp\/v2\/media?parent=69523"}],"wp:term":[{"taxonomy":"product_brand","embeddable":true,"href":"https:\/\/secureus.se\/fi\/wp-json\/wp\/v2\/product_brand?post=69523"},{"taxonomy":"product_cat","embeddable":true,"href":"https:\/\/secureus.se\/fi\/wp-json\/wp\/v2\/product_cat?post=69523"},{"taxonomy":"product_tag","embeddable":true,"href":"https:\/\/secureus.se\/fi\/wp-json\/wp\/v2\/product_tag?post=69523"}],"curies":[{"name":"wp","href":"https:\/\/api.w.org\/{rel}","templated":true}]}}